{"id":699683,"date":"2025-08-27T14:52:38","date_gmt":"2025-08-27T11:52:38","guid":{"rendered":"https:\/\/roveyayinevi.com.tr\/index.php\/urun\/derin-abiler\/"},"modified":"2026-04-16T02:08:53","modified_gmt":"2026-04-15T23:08:53","slug":"derin-abiler","status":"publish","type":"product","link":"https:\/\/roveyayinevi.com.tr\/index.php\/urun\/derin-abiler\/","title":{"rendered":"Derin Abiler"},"content":{"rendered":"<p>Onlar derin, karanl\u0131k, tenha, kuytu ya\u015famlar\u0131nda hep zirvedeydiler. Yine bilinmeyenler, yine derin ili\u015fkiler konu\u015fulduk\u00e7a ara\u015ft\u0131r\u0131ld\u0131k\u00e7a, g\u00f6r\u00fclecek ki onlar derin a\u011fabeylerin en deriniydiler&#8230;Abdullah \u00c7atl\u0131 nas\u0131l efsane oldu?Devlet ad\u0131na hangi g\u00f6revleri \u00fcstlendi? Kimlerle \u00e7al\u0131\u015ft\u0131?San\u0131ld\u0131\u011f\u0131n\u0131n aksine M\u0130T&#8217;ten neden hep uzak durdu?ASALA,  P KK, ve Dev-Sol operasyonlar\u0131n\u0131n perde arkas\u0131&#8230;Ter\u00f6r \u00f6rg\u00fctlerinin uyu\u015fturucu trafi\u011fini konan engel&#8230;Kumarhaneler kral\u0131 \u00d6mer L\u00fctf\u00fc Topal ve Tar\u0131k \u00dcmit&#8217;in \u00f6ld\u00fcr\u00fclmesinin ard\u0131nda yatan s\u0131rlar&#8230;\u00c7atl\u0131&#8217;n\u0131n pe\u015fine Ye\u015fil&#8217;i kim takt\u0131, Ye\u015fil bu i\u015ften neden vazge\u00e7ti?Bolu-D\u00fczce-Sapanca \u00f6l\u00fcm \u00fc\u00e7geni&#8230;Ayhan \u00c7ark\u0131n&#8217;\u0131n itiraflar\u0131&#8230;Abdullah \u00c7atl\u0131 s\u0131radan bir trafik kazas\u0131na kurban gitmi\u015f olabilir mi?Elinizdeki kitap her ne kadar, \u00fclk\u00fcc\u00fclerin efsane reisi Abdullah \u00c7atl\u0131\u2019y\u0131 anlatsa da asl\u0131nda derinlerde ya\u015fayan isimlerin toplu bir portresidir.Ye\u015fil kod adl\u0131 Mahmut Y\u0131ld\u0131r\u0131m\u2019dan, Efsane komutan Korkut Eken\u2019e, Alaattin \u00c7ak\u0131c\u0131\u2019dan, Eski M\u0130T Kontr-Ter\u00f6r Daire Ba\u015fkan\u0131 Mehmet Eym\u00fcr\u2019e, eski \u00d6zel Harek\u00e2t Ba\u015fkanvekili \u0130brahim \u015eahin\u2019den, K\u00fcrt i\u015fadamlar\u0131n\u0131 infaz\u0131nda g\u00f6revlendirildikleri \u00f6ne s\u00fcr\u00fclen \u00f6zel harek\u00e2t\u00e7\u0131lardan olu\u015fturulan infaz timine ve daha nicelerinin rastla\u015ft\u0131klar\u0131, kaville\u015ftikleri derin ve puslu yollarda ya\u015fayanlar\u0131n gayr\u0131 resmi \u00f6yk\u00fcs\u00fcn\u00fc bulacaks\u0131n\u0131z bu kitapta.<\/p>\n","protected":false},"excerpt":{"rendered":"<p>Onlar derin, karanl\u0131k, tenha, kuytu ya\u015famlar\u0131nda hep zirvedeydiler. Yine bilinmeyenler, yine derin ili\u015fkiler konu\u015fulduk\u00e7a ara\u015ft\u0131r\u0131ld\u0131k\u00e7a, g\u00f6r\u00fclecek ki onlar derin a\u011fabeylerin en deriniydiler&#8230;Abdullah \u00c7atl\u0131 nas\u0131l efsane oldu?Devlet<span class=\"excerpt-hellip\"> [\u2026]<\/span><\/p>\n","protected":false},"featured_media":0,"template":"","meta":{"_monsterinsights_skip_tracking":false,"_monsterinsights_sitenote_active":false,"_monsterinsights_sitenote_note":"","_monsterinsights_sitenote_category":0},"product_brand":[],"product_cat":[12337,14543],"product_tag":[],"class_list":{"0":"post-699683","1":"product","2":"type-product","3":"status-publish","5":"product_cat-politika-siyaset","6":"product_cat-turkiye-siyaseti-ve-politikasi","7":"pa_cilt-ciltsiz","8":"pa_tur-kitap","9":"pa_yayinevi-kripto-basim-yayin","10":"pa_yazar-necdet-pekmezci","12":"first","13":"instock","14":"sale","15":"shipping-taxable","16":"purchasable","17":"product-type-simple"},"_links":{"self":[{"href":"https:\/\/roveyayinevi.com.tr\/index.php\/wp-json\/wp\/v2\/product\/699683","targetHints":{"allow":["GET"]}}],"collection":[{"href":"https:\/\/roveyayinevi.com.tr\/index.php\/wp-json\/wp\/v2\/product"}],"about":[{"href":"https:\/\/roveyayinevi.com.tr\/index.php\/wp-json\/wp\/v2\/types\/product"}],"wp:attachment":[{"href":"https:\/\/roveyayinevi.com.tr\/index.php\/wp-json\/wp\/v2\/media?parent=699683"}],"wp:term":[{"taxonomy":"product_brand","embeddable":true,"href":"https:\/\/roveyayinevi.com.tr\/index.php\/wp-json\/wp\/v2\/product_brand?post=699683"},{"taxonomy":"product_cat","embeddable":true,"href":"https:\/\/roveyayinevi.com.tr\/index.php\/wp-json\/wp\/v2\/product_cat?post=699683"},{"taxonomy":"product_tag","embeddable":true,"href":"https:\/\/roveyayinevi.com.tr\/index.php\/wp-json\/wp\/v2\/product_tag?post=699683"}],"curies":[{"name":"wp","href":"https:\/\/api.w.org\/{rel}","templated":true}]}}