{"id":699682,"date":"2025-08-27T14:52:38","date_gmt":"2025-08-27T11:52:38","guid":{"rendered":"https:\/\/roveyayinevi.com.tr\/index.php\/urun\/diyet-bahane-kilo-vermek-sahane\/"},"modified":"2026-04-16T02:08:53","modified_gmt":"2026-04-15T23:08:53","slug":"diyet-bahane-kilo-vermek-sahane","status":"publish","type":"product","link":"https:\/\/roveyayinevi.com.tr\/index.php\/urun\/diyet-bahane-kilo-vermek-sahane\/","title":{"rendered":"Diyet Bahane Kilo Vermek \u015eahane"},"content":{"rendered":"<p>Sa\u011fl\u0131kl\u0131, lezzetli, ekonomik, geleneksel mutfak k\u00fclt\u00fcr\u00fcm\u00fcze uygun pratik yemek tarifleriyle sa\u011fl\u0131kl\u0131 ve do\u011fru beslenmeyi \u00f6\u011frenerek kilo vermenin do\u011fru adresi bu kitap. <\/p>\n","protected":false},"excerpt":{"rendered":"<p>Sa\u011fl\u0131kl\u0131, lezzetli, ekonomik, geleneksel mutfak k\u00fclt\u00fcr\u00fcm\u00fcze uygun pratik yemek tarifleriyle sa\u011fl\u0131kl\u0131 ve do\u011fru beslenmeyi \u00f6\u011frenerek kilo vermenin do\u011fru adresi bu kitap.<\/p>\n","protected":false},"featured_media":0,"template":"","meta":{"_monsterinsights_skip_tracking":false,"_monsterinsights_sitenote_active":false,"_monsterinsights_sitenote_note":"","_monsterinsights_sitenote_category":0},"product_brand":[],"product_cat":[13402,13365],"product_tag":[],"class_list":{"0":"post-699682","1":"product","2":"type-product","3":"status-publish","5":"product_cat-beslenme-ve-diyet","6":"product_cat-saglik","7":"pa_tur-kitap","8":"pa_yayinevi-bilgi-yayinevi","9":"pa_yazar-cigdem-tuncer","11":"first","12":"instock","13":"sale","14":"shipping-taxable","15":"purchasable","16":"product-type-simple"},"_links":{"self":[{"href":"https:\/\/roveyayinevi.com.tr\/index.php\/wp-json\/wp\/v2\/product\/699682","targetHints":{"allow":["GET"]}}],"collection":[{"href":"https:\/\/roveyayinevi.com.tr\/index.php\/wp-json\/wp\/v2\/product"}],"about":[{"href":"https:\/\/roveyayinevi.com.tr\/index.php\/wp-json\/wp\/v2\/types\/product"}],"wp:attachment":[{"href":"https:\/\/roveyayinevi.com.tr\/index.php\/wp-json\/wp\/v2\/media?parent=699682"}],"wp:term":[{"taxonomy":"product_brand","embeddable":true,"href":"https:\/\/roveyayinevi.com.tr\/index.php\/wp-json\/wp\/v2\/product_brand?post=699682"},{"taxonomy":"product_cat","embeddable":true,"href":"https:\/\/roveyayinevi.com.tr\/index.php\/wp-json\/wp\/v2\/product_cat?post=699682"},{"taxonomy":"product_tag","embeddable":true,"href":"https:\/\/roveyayinevi.com.tr\/index.php\/wp-json\/wp\/v2\/product_tag?post=699682"}],"curies":[{"name":"wp","href":"https:\/\/api.w.org\/{rel}","templated":true}]}}