{"id":699677,"date":"2025-08-27T14:52:36","date_gmt":"2025-08-27T11:52:36","guid":{"rendered":"https:\/\/roveyayinevi.com.tr\/index.php\/urun\/dokunma-dersleri\/"},"modified":"2026-04-16T02:08:53","modified_gmt":"2026-04-15T23:08:53","slug":"dokunma-dersleri","status":"publish","type":"product","link":"https:\/\/roveyayinevi.com.tr\/index.php\/urun\/dokunma-dersleri\/","title":{"rendered":"Dokunma Dersleri"},"content":{"rendered":"<p>Anne, Baba ve Di\u011fer \u00d6l\u00fcmc\u00fcl \u015eeyler, Peruk Gibi H\u00fcz\u00fcnl\u00fc kitaplar\u0131yla son d\u00f6nem \u00f6yk\u00fcc\u00fcl\u00fc\u011f\u00fcm\u00fcz\u00fcn parlayan imzalar\u0131ndan Yal\u00e7\u0131n Tosun\u2019un kendi doruklar\u0131ndan dev\u015firdi\u011fi yepyeni \u00f6yk\u00fcler&#8230; Belki de, yazar\u0131n unutulmazlar\u0131 aras\u0131na girecek b\u00f6yle bir\u00e7ok \u00f6yk\u00fc Dokunma Dersleri\u2019nde bir araya geliyor. \ufffcTan\u0131t\u0131m Metni<\/p>\n","protected":false},"excerpt":{"rendered":"<p>Anne, Baba ve Di\u011fer \u00d6l\u00fcmc\u00fcl \u015eeyler, Peruk Gibi H\u00fcz\u00fcnl\u00fc kitaplar\u0131yla son d\u00f6nem \u00f6yk\u00fcc\u00fcl\u00fc\u011f\u00fcm\u00fcz\u00fcn parlayan imzalar\u0131ndan Yal\u00e7\u0131n Tosun\u2019un kendi doruklar\u0131ndan dev\u015firdi\u011fi yepyeni \u00f6yk\u00fcler&#8230; Belki de, yazar\u0131n unutulmazlar\u0131<span class=\"excerpt-hellip\"> [\u2026]<\/span><\/p>\n","protected":false},"featured_media":0,"template":"","meta":{"_monsterinsights_skip_tracking":false,"_monsterinsights_sitenote_active":false,"_monsterinsights_sitenote_note":"","_monsterinsights_sitenote_category":0},"product_brand":[],"product_cat":[12291,12292],"product_tag":[],"class_list":{"0":"post-699677","1":"product","2":"type-product","3":"status-publish","5":"product_cat-edebiyat","6":"product_cat-turk-edebiyati","7":"pa_cilt-ciltsiz","8":"pa_tur-kitap","9":"pa_yayinevi-yapi-kredi-yayinlari","10":"pa_yazar-yalcin-tosun","12":"first","13":"instock","14":"sale","15":"shipping-taxable","16":"purchasable","17":"product-type-simple"},"_links":{"self":[{"href":"https:\/\/roveyayinevi.com.tr\/index.php\/wp-json\/wp\/v2\/product\/699677","targetHints":{"allow":["GET"]}}],"collection":[{"href":"https:\/\/roveyayinevi.com.tr\/index.php\/wp-json\/wp\/v2\/product"}],"about":[{"href":"https:\/\/roveyayinevi.com.tr\/index.php\/wp-json\/wp\/v2\/types\/product"}],"wp:attachment":[{"href":"https:\/\/roveyayinevi.com.tr\/index.php\/wp-json\/wp\/v2\/media?parent=699677"}],"wp:term":[{"taxonomy":"product_brand","embeddable":true,"href":"https:\/\/roveyayinevi.com.tr\/index.php\/wp-json\/wp\/v2\/product_brand?post=699677"},{"taxonomy":"product_cat","embeddable":true,"href":"https:\/\/roveyayinevi.com.tr\/index.php\/wp-json\/wp\/v2\/product_cat?post=699677"},{"taxonomy":"product_tag","embeddable":true,"href":"https:\/\/roveyayinevi.com.tr\/index.php\/wp-json\/wp\/v2\/product_tag?post=699677"}],"curies":[{"name":"wp","href":"https:\/\/api.w.org\/{rel}","templated":true}]}}