{"id":699676,"date":"2025-08-27T14:52:36","date_gmt":"2025-08-27T11:52:36","guid":{"rendered":"https:\/\/roveyayinevi.com.tr\/index.php\/urun\/red-kit-sayi-35-tek-kollu-haydut\/"},"modified":"2025-12-30T09:50:03","modified_gmt":"2025-12-30T06:50:03","slug":"red-kit-sayi-35-tek-kollu-haydut","status":"publish","type":"product","link":"https:\/\/roveyayinevi.com.tr\/index.php\/urun\/red-kit-sayi-35-tek-kollu-haydut\/","title":{"rendered":"Red Kit Say\u0131: 35 Tek Kollu Haydut"},"content":{"rendered":"<p>-\u00fc \u00fcr\u00fc \u00fc\u00fc\u00fc\u00fc! \u00fc \u00fcr\u00fc \u00fc\u00fc\u00fc! <\/p>\n","protected":false},"excerpt":{"rendered":"<p>-\u00fc \u00fcr\u00fc \u00fc\u00fc\u00fc\u00fc! \u00fc \u00fcr\u00fc \u00fc\u00fc\u00fc!<\/p>\n","protected":false},"featured_media":0,"template":"","meta":{"_monsterinsights_skip_tracking":false,"_monsterinsights_sitenote_active":false,"_monsterinsights_sitenote_note":"","_monsterinsights_sitenote_category":0},"product_brand":[],"product_cat":[12416,12291],"product_tag":[],"class_list":{"0":"post-699676","1":"product","2":"type-product","3":"status-publish","5":"product_cat-cizgi-roman","6":"product_cat-edebiyat","7":"pa_tur-kitap","8":"pa_yayinevi-yapi-kredi-yayinlari","9":"pa_yazar-bob-de-groot","11":"first","12":"instock","13":"sale","14":"shipping-taxable","15":"purchasable","16":"product-type-simple"},"_links":{"self":[{"href":"https:\/\/roveyayinevi.com.tr\/index.php\/wp-json\/wp\/v2\/product\/699676","targetHints":{"allow":["GET"]}}],"collection":[{"href":"https:\/\/roveyayinevi.com.tr\/index.php\/wp-json\/wp\/v2\/product"}],"about":[{"href":"https:\/\/roveyayinevi.com.tr\/index.php\/wp-json\/wp\/v2\/types\/product"}],"wp:attachment":[{"href":"https:\/\/roveyayinevi.com.tr\/index.php\/wp-json\/wp\/v2\/media?parent=699676"}],"wp:term":[{"taxonomy":"product_brand","embeddable":true,"href":"https:\/\/roveyayinevi.com.tr\/index.php\/wp-json\/wp\/v2\/product_brand?post=699676"},{"taxonomy":"product_cat","embeddable":true,"href":"https:\/\/roveyayinevi.com.tr\/index.php\/wp-json\/wp\/v2\/product_cat?post=699676"},{"taxonomy":"product_tag","embeddable":true,"href":"https:\/\/roveyayinevi.com.tr\/index.php\/wp-json\/wp\/v2\/product_tag?post=699676"}],"curies":[{"name":"wp","href":"https:\/\/api.w.org\/{rel}","templated":true}]}}