{"id":699671,"date":"2025-08-27T14:52:34","date_gmt":"2025-08-27T11:52:34","guid":{"rendered":"https:\/\/roveyayinevi.com.tr\/index.php\/urun\/gramsci-kitabi-secme-yazilar-1916-1935\/"},"modified":"2026-04-16T02:08:53","modified_gmt":"2026-04-15T23:08:53","slug":"gramsci-kitabi-secme-yazilar-1916-1935","status":"publish","type":"product","link":"https:\/\/roveyayinevi.com.tr\/index.php\/urun\/gramsci-kitabi-secme-yazilar-1916-1935\/","title":{"rendered":"Gramsci Kitab\u0131 &#8211; Se\u00e7me Yaz\u0131lar 1916-1935"},"content":{"rendered":"<p>S\u0131n\u0131f, k\u00fclt\u00fcr ve devlet \u00fczerine yazd\u0131klar\u0131yla yirminci y\u00fczy\u0131l\u0131n en \u00f6nemli Marksist kuramc\u0131lar\u0131ndan biri olarak kabul edilen Gramsci&#8217;nin eseri, g\u00fcn\u00fcm\u00fcz d\u00fcnyas\u0131n\u0131n olgular\u0131n\u0131 tarihsel ve b\u00fct\u00fcnsel bir perspektifle irdelemede vazge\u00e7ilmez bir kaynak niteli\u011findedir. Onun kendi \u00f6zg\u00fcn s\u00f6z da\u011far\u0131 ve analiz birimleriyle kurdu\u011fu derinlikli kuramsal yap\u0131 ge\u00e7erli\u011fini h\u00e2l\u00e2 korumaktad\u0131r. \u00c7a\u011fda\u015f toplum ve siyaset kuram\u0131 i\u00e7erisinde Gramsci&#8217;nin eserine at\u0131fta bulunmayan hi\u00e7bir \u00e7al\u0131\u015fmaya rastlanmamaktad\u0131r neredeyse.Ya\u015fam\u0131n\u0131n \u00f6nemli bir k\u0131sm\u0131n\u0131 Mussolini fa\u015fizminin elinde tutsak olarak ge\u00e7iren Gramsci folklordan felsefeye, pop\u00fcler k\u00fclt\u00fcrden siyasal stratejiye uzanan \u00e7ok \u00e7e\u015fitli konularda parlak d\u00fc\u015f\u00fcnsel i\u00e7erikli metinler b\u0131rakt\u0131 arkas\u0131nda. \u00c7o\u011funlu\u011fu T\u00fcrk\u00e7ede ilk kez yay\u0131nlanan yaz\u0131lardan olu\u015fan bu derleme, her kesimin ba\u015f\u0131nda yer alan &#8216;Giri\u015f&#8217; yaz\u0131lar\u0131n\u0131n da yard\u0131m\u0131yla, Gramsci&#8217;yi &#8216;ilk elden&#8217; tan\u0131ma ve anlama f\u0131rsat\u0131 sunmaktad\u0131r. Onun solun da \u00f6tesine ta\u015fan etkisinin ve \u00f6neminin temelsiz olmad\u0131\u011f\u0131n\u0131 Gramsci Kitab\u0131&#8217;n\u0131 okuyan herkes rahatl\u0131kla g\u00f6recektir. &#8220;Marksist tarih\u00e7ilerin ve hatta Marksist olmayanlar\u0131n bile Gramsci&#8217;yi \u00e7ok cazip bulmalar\u0131n\u0131n nedenlerinden biri, onun somut tarihsel, toplumsal ve k\u00fclt\u00fcrel ger\u00e7eklikler alan\u0131n\u0131 soyutlamalar ve indirgemeci kuramsal modeller hat\u0131r\u0131na terk etmeyi reddetmesidir tam tam\u0131na.Dolay\u0131s\u0131yla muhtemeldir ki Gramsci, yaz\u0131lar\u0131yla siyasete, kendi ifadesiyle &#8216;ger\u00e7ekli\u011fe bir ilgi uyand\u0131rmada ve giderek daha sa\u011flam siyasal i\u00e7g\u00f6r\u00fcleri uyarmada yararl\u0131 olan ara\u015ft\u0131rmalara ve ayr\u0131nt\u0131l\u0131 g\u00f6zlemlere ili\u015fkin pratik kurallar b\u00fct\u00fcn\u00fcne&#8217; tuttu\u011fu \u0131\u015f\u0131ktan dolay\u0131 okunmaya devam edecektir.&#8221;Kitab\u0131n \u00f6ns\u00f6z\u00fcnden E. J. Hobsbawm &#8220;Gramsci&#8217;nin en \u00f6nemli yaz\u0131lar\u0131n\u0131 tek ciltte bir araya getiren Gramsci Kitab\u0131, okurlar\u0131n, onun eserine ili\u015fkin kapsaml\u0131 bir fikir edinmesine imk\u00e2n veriyor. Gramsci&#8217;nin yaz\u0131lar\u0131n\u0131n birbiriyle olan ba\u011flant\u0131lar\u0131n\u0131 bulup \u00e7\u0131karmas\u0131 ve kilit \u00f6nemdeki Gramsciyen kavramlar\u0131n k\u00f6keni ve geli\u015fimi hakk\u0131nda i\u00e7g\u00f6r\u00fcler sa\u011flamas\u0131 da kitab\u0131n de\u011ferini \u00f6zellikle art\u0131r\u0131yor.&#8221;&#8211;Stuart Hall <\/p>\n","protected":false},"excerpt":{"rendered":"<p>S\u0131n\u0131f, k\u00fclt\u00fcr ve devlet \u00fczerine yazd\u0131klar\u0131yla yirminci y\u00fczy\u0131l\u0131n en \u00f6nemli Marksist kuramc\u0131lar\u0131ndan biri olarak kabul edilen Gramsci&#8217;nin eseri, g\u00fcn\u00fcm\u00fcz d\u00fcnyas\u0131n\u0131n olgular\u0131n\u0131 tarihsel ve b\u00fct\u00fcnsel bir perspektifle<span class=\"excerpt-hellip\"> [\u2026]<\/span><\/p>\n","protected":false},"featured_media":0,"template":"","meta":{"_monsterinsights_skip_tracking":false,"_monsterinsights_sitenote_active":false,"_monsterinsights_sitenote_note":"","_monsterinsights_sitenote_category":0},"product_brand":[],"product_cat":[13548,12408],"product_tag":[],"class_list":{"0":"post-699671","1":"product","2":"type-product","3":"status-publish","5":"product_cat-kuram","6":"product_cat-sanat","7":"pa_cilt-ciltsiz","8":"pa_tur-kitap","9":"pa_yayinevi-dipnot-yayinlari","10":"pa_yazar-antonio-gramsci","12":"first","13":"instock","14":"sale","15":"shipping-taxable","16":"purchasable","17":"product-type-simple"},"_links":{"self":[{"href":"https:\/\/roveyayinevi.com.tr\/index.php\/wp-json\/wp\/v2\/product\/699671","targetHints":{"allow":["GET"]}}],"collection":[{"href":"https:\/\/roveyayinevi.com.tr\/index.php\/wp-json\/wp\/v2\/product"}],"about":[{"href":"https:\/\/roveyayinevi.com.tr\/index.php\/wp-json\/wp\/v2\/types\/product"}],"wp:attachment":[{"href":"https:\/\/roveyayinevi.com.tr\/index.php\/wp-json\/wp\/v2\/media?parent=699671"}],"wp:term":[{"taxonomy":"product_brand","embeddable":true,"href":"https:\/\/roveyayinevi.com.tr\/index.php\/wp-json\/wp\/v2\/product_brand?post=699671"},{"taxonomy":"product_cat","embeddable":true,"href":"https:\/\/roveyayinevi.com.tr\/index.php\/wp-json\/wp\/v2\/product_cat?post=699671"},{"taxonomy":"product_tag","embeddable":true,"href":"https:\/\/roveyayinevi.com.tr\/index.php\/wp-json\/wp\/v2\/product_tag?post=699671"}],"curies":[{"name":"wp","href":"https:\/\/api.w.org\/{rel}","templated":true}]}}