{"id":699667,"date":"2025-08-27T14:52:33","date_gmt":"2025-08-27T11:52:33","guid":{"rendered":"https:\/\/roveyayinevi.com.tr\/index.php\/urun\/utopya\/"},"modified":"2026-04-16T02:08:53","modified_gmt":"2026-04-15T23:08:53","slug":"utopya","status":"publish","type":"product","link":"https:\/\/roveyayinevi.com.tr\/index.php\/urun\/utopya\/","title":{"rendered":"\u00dctopya"},"content":{"rendered":"<p>\u0130ngiltere kral\u0131 VIII. Henry\u2019nin el\u00e7isi olarak \u00fclke \u00fclke dola\u015fan Thomas More, seyahatleri esnas\u0131nda tan\u0131\u015ft\u0131\u011f\u0131 filozoflarla uzun konu\u015fmalar yapar. \u0130deal bir \u00fclkenin nas\u0131l olmas\u0131 gerekti\u011fiyle ilgili bu konu\u015fmalarda \u00dctopya ad\u0131ndaki bir \u00fclkeden bahsedilir. Elli d\u00f6rt \u015fehirden olu\u015fan bu adada tek dil konu\u015fulur, s\u0131n\u0131f ayr\u0131m\u0131 yoktur, kimse kimsenin dinine kar\u0131\u015fmaz ve asla di\u011fer \u00fclkelere sava\u015f a\u00e7\u0131lmaz.  \u00dctopya tan\u0131m\u0131n\u0131 ilk defa ortaya atan Thomas More, siyasetten sosyal hayata kadar her t\u00fcrl\u00fc konunun masaya yat\u0131r\u0131ld\u0131\u011f\u0131 bu klasikle\u015fen metinde okuru idealindeki d\u00fcnyaya do\u011fru bir yolculu\u011fa davet eder; Bat\u0131 d\u00fc\u015f\u00fcncesini \u015fekillendiren ayd\u0131nlanma felsefesi \u00e7er\u00e7evesinde ideal devlet ve ideal topluma giden yol haritas\u0131n\u0131 \u00e7\u0131kar\u0131r. <\/p>\n","protected":false},"excerpt":{"rendered":"<p>\u0130ngiltere kral\u0131 VIII. Henry\u2019nin el\u00e7isi olarak \u00fclke \u00fclke dola\u015fan Thomas More, seyahatleri esnas\u0131nda tan\u0131\u015ft\u0131\u011f\u0131 filozoflarla uzun konu\u015fmalar yapar. \u0130deal bir \u00fclkenin nas\u0131l olmas\u0131 gerekti\u011fiyle ilgili bu<span class=\"excerpt-hellip\"> [\u2026]<\/span><\/p>\n","protected":false},"featured_media":0,"template":"","meta":{"_monsterinsights_skip_tracking":false,"_monsterinsights_sitenote_active":false,"_monsterinsights_sitenote_note":"","_monsterinsights_sitenote_category":0},"product_brand":[],"product_cat":[12291,12866],"product_tag":[],"class_list":{"0":"post-699667","1":"product","2":"type-product","3":"status-publish","5":"product_cat-edebiyat","6":"product_cat-ingiliz-edebiyati","7":"pa_cilt-ciltsiz","8":"pa_tur-kitap","9":"pa_yayinevi-timas-yayinlari","10":"pa_yazar-thomas-more","12":"first","13":"instock","14":"sale","15":"shipping-taxable","16":"purchasable","17":"product-type-simple"},"_links":{"self":[{"href":"https:\/\/roveyayinevi.com.tr\/index.php\/wp-json\/wp\/v2\/product\/699667","targetHints":{"allow":["GET"]}}],"collection":[{"href":"https:\/\/roveyayinevi.com.tr\/index.php\/wp-json\/wp\/v2\/product"}],"about":[{"href":"https:\/\/roveyayinevi.com.tr\/index.php\/wp-json\/wp\/v2\/types\/product"}],"wp:attachment":[{"href":"https:\/\/roveyayinevi.com.tr\/index.php\/wp-json\/wp\/v2\/media?parent=699667"}],"wp:term":[{"taxonomy":"product_brand","embeddable":true,"href":"https:\/\/roveyayinevi.com.tr\/index.php\/wp-json\/wp\/v2\/product_brand?post=699667"},{"taxonomy":"product_cat","embeddable":true,"href":"https:\/\/roveyayinevi.com.tr\/index.php\/wp-json\/wp\/v2\/product_cat?post=699667"},{"taxonomy":"product_tag","embeddable":true,"href":"https:\/\/roveyayinevi.com.tr\/index.php\/wp-json\/wp\/v2\/product_tag?post=699667"}],"curies":[{"name":"wp","href":"https:\/\/api.w.org\/{rel}","templated":true}]}}