{"id":699666,"date":"2025-08-27T14:52:32","date_gmt":"2025-08-27T11:52:32","guid":{"rendered":"https:\/\/roveyayinevi.com.tr\/index.php\/urun\/macbeth-venedik-taciri\/"},"modified":"2026-04-16T02:08:53","modified_gmt":"2026-04-15T23:08:53","slug":"macbeth-venedik-taciri","status":"publish","type":"product","link":"https:\/\/roveyayinevi.com.tr\/index.php\/urun\/macbeth-venedik-taciri\/","title":{"rendered":"Macbeth Venedik Taciri"},"content":{"rendered":"<p>Efsanevi yazar William Shakespeare&#8217;den iki unutulmaz oyun&#8230; Yi\u011fitlerin g\u00f6zdesi Macbeth, Norve\u00e7 ordusunun isyan\u0131n\u0131 bast\u0131r\u0131p \u00fclkesine d\u00f6nerken yolda kendisini \u2018kral\u2019 diye selamlayan \u00fc\u00e7 cad\u0131n\u0131n kehanetlerini e\u015fine anlat\u0131r. Gelecekten haber veren cad\u0131lar\u0131n s\u00f6ylediklerinin bir bir ger\u00e7ekle\u015fmeye ba\u015flad\u0131\u011f\u0131n\u0131 g\u00f6ren Lady Macbeth, kocas\u0131n\u0131 iktidara ta\u015f\u0131mak i\u00e7in vicdani de\u011ferleri hi\u00e7e sayan planlar\u0131n\u0131 uygulamaya koyar. \u0130ktidar u\u011frunda yitirilen hayatlar ve erdemler \u00fczerine yaz\u0131lm\u0131\u015f bir tragedyad\u0131r Macbeth&#8230; Gemileri a\u00e7\u0131k denizlerde dola\u015fan t\u00fcccar Antonio, Venedik\u2019teki itibar\u0131n\u0131 kullanarak, arkada\u015f\u0131 Bassanio\u2019yu sevgilisi Portia\u2019ya g\u00f6nderebilmek i\u00e7in Yahudi tefeci Shylock\u2019tan bor\u00e7 al\u0131r. Bu f\u0131rsat\u0131 iyi de\u011ferlendiren Shylock, imzalad\u0131klar\u0131 senette Antonio\u2019nun borcu \u00f6deyememesi halinde v\u00fccudundan bir par\u00e7a etini kesmeyi \u015fart ko\u015far. Antonio\u2019nun i\u015fleri k\u00f6t\u00fc gider, gemileri batar ve i\u015fler d\u00fc\u011f\u00fcmlenir. Adalet sisteminin, hukuk felsefesinin yan\u0131nda a\u015fk\u0131n ve sadakatin mizahi mercekten incelendi\u011fi bir oyundur Venedik Taciri\u2026 <\/p>\n","protected":false},"excerpt":{"rendered":"<p>Efsanevi yazar William Shakespeare&#8217;den iki unutulmaz oyun&#8230; Yi\u011fitlerin g\u00f6zdesi Macbeth, Norve\u00e7 ordusunun isyan\u0131n\u0131 bast\u0131r\u0131p \u00fclkesine d\u00f6nerken yolda kendisini \u2018kral\u2019 diye selamlayan \u00fc\u00e7 cad\u0131n\u0131n kehanetlerini e\u015fine anlat\u0131r.<span class=\"excerpt-hellip\"> [\u2026]<\/span><\/p>\n","protected":false},"featured_media":0,"template":"","meta":{"_monsterinsights_skip_tracking":false,"_monsterinsights_sitenote_active":false,"_monsterinsights_sitenote_note":"","_monsterinsights_sitenote_category":0},"product_brand":[],"product_cat":[12291,12866],"product_tag":[],"class_list":{"0":"post-699666","1":"product","2":"type-product","3":"status-publish","5":"product_cat-edebiyat","6":"product_cat-ingiliz-edebiyati","7":"pa_tur-kitap","8":"pa_yayinevi-timas-yayinlari","9":"pa_yazar-william-shakespeare","11":"first","12":"instock","13":"sale","14":"shipping-taxable","15":"purchasable","16":"product-type-simple"},"_links":{"self":[{"href":"https:\/\/roveyayinevi.com.tr\/index.php\/wp-json\/wp\/v2\/product\/699666","targetHints":{"allow":["GET"]}}],"collection":[{"href":"https:\/\/roveyayinevi.com.tr\/index.php\/wp-json\/wp\/v2\/product"}],"about":[{"href":"https:\/\/roveyayinevi.com.tr\/index.php\/wp-json\/wp\/v2\/types\/product"}],"wp:attachment":[{"href":"https:\/\/roveyayinevi.com.tr\/index.php\/wp-json\/wp\/v2\/media?parent=699666"}],"wp:term":[{"taxonomy":"product_brand","embeddable":true,"href":"https:\/\/roveyayinevi.com.tr\/index.php\/wp-json\/wp\/v2\/product_brand?post=699666"},{"taxonomy":"product_cat","embeddable":true,"href":"https:\/\/roveyayinevi.com.tr\/index.php\/wp-json\/wp\/v2\/product_cat?post=699666"},{"taxonomy":"product_tag","embeddable":true,"href":"https:\/\/roveyayinevi.com.tr\/index.php\/wp-json\/wp\/v2\/product_tag?post=699666"}],"curies":[{"name":"wp","href":"https:\/\/api.w.org\/{rel}","templated":true}]}}