{"id":699665,"date":"2025-08-27T14:52:32","date_gmt":"2025-08-27T11:52:32","guid":{"rendered":"https:\/\/roveyayinevi.com.tr\/index.php\/urun\/gonulden-gonule\/"},"modified":"2026-04-16T02:08:53","modified_gmt":"2026-04-15T23:08:53","slug":"gonulden-gonule","status":"publish","type":"product","link":"https:\/\/roveyayinevi.com.tr\/index.php\/urun\/gonulden-gonule\/","title":{"rendered":"G\u00f6n\u00fclden G\u00f6n\u00fcle"},"content":{"rendered":"<p>N\u00fcr-i Muhammedi&#8217;yi g\u00f6n\u00fclden g\u00f6n\u00fcle ak\u0131tan vazifeli insanlardan biriydi benim g\u00fczel anam. R\u0131za olman\u0131n, Rabb&#8217;ine teslim olman\u0131n sanat\u0131n\u0131 ya\u015fad\u0131 ve \u00f6\u011fretti. <\/p>\n","protected":false},"excerpt":{"rendered":"<p>N\u00fcr-i Muhammedi&#8217;yi g\u00f6n\u00fclden g\u00f6n\u00fcle ak\u0131tan vazifeli insanlardan biriydi benim g\u00fczel anam. R\u0131za olman\u0131n, Rabb&#8217;ine teslim olman\u0131n sanat\u0131n\u0131 ya\u015fad\u0131 ve \u00f6\u011fretti.<\/p>\n","protected":false},"featured_media":0,"template":"","meta":{"_monsterinsights_skip_tracking":false,"_monsterinsights_sitenote_active":false,"_monsterinsights_sitenote_note":"","_monsterinsights_sitenote_category":0},"product_brand":[],"product_cat":[13036,12718,12719],"product_tag":[],"class_list":{"0":"post-699665","1":"product","2":"type-product","3":"status-publish","5":"product_cat-arastirma-inceleme-islam","6":"product_cat-din","7":"product_cat-islam","8":"pa_tur-kitap","9":"pa_yayinevi-nefes-yayincilik","10":"pa_yazar-meskure-sargut","12":"first","13":"instock","14":"sale","15":"shipping-taxable","16":"purchasable","17":"product-type-simple"},"_links":{"self":[{"href":"https:\/\/roveyayinevi.com.tr\/index.php\/wp-json\/wp\/v2\/product\/699665","targetHints":{"allow":["GET"]}}],"collection":[{"href":"https:\/\/roveyayinevi.com.tr\/index.php\/wp-json\/wp\/v2\/product"}],"about":[{"href":"https:\/\/roveyayinevi.com.tr\/index.php\/wp-json\/wp\/v2\/types\/product"}],"wp:attachment":[{"href":"https:\/\/roveyayinevi.com.tr\/index.php\/wp-json\/wp\/v2\/media?parent=699665"}],"wp:term":[{"taxonomy":"product_brand","embeddable":true,"href":"https:\/\/roveyayinevi.com.tr\/index.php\/wp-json\/wp\/v2\/product_brand?post=699665"},{"taxonomy":"product_cat","embeddable":true,"href":"https:\/\/roveyayinevi.com.tr\/index.php\/wp-json\/wp\/v2\/product_cat?post=699665"},{"taxonomy":"product_tag","embeddable":true,"href":"https:\/\/roveyayinevi.com.tr\/index.php\/wp-json\/wp\/v2\/product_tag?post=699665"}],"curies":[{"name":"wp","href":"https:\/\/api.w.org\/{rel}","templated":true}]}}