{"id":699658,"date":"2025-08-27T14:52:30","date_gmt":"2025-08-27T11:52:30","guid":{"rendered":"https:\/\/roveyayinevi.com.tr\/index.php\/urun\/fikra-tadinda-anne-baba-egitimi\/"},"modified":"2026-04-16T02:08:52","modified_gmt":"2026-04-15T23:08:52","slug":"fikra-tadinda-anne-baba-egitimi","status":"publish","type":"product","link":"https:\/\/roveyayinevi.com.tr\/index.php\/urun\/fikra-tadinda-anne-baba-egitimi\/","title":{"rendered":"F\u0131kra Tad\u0131nda Anne Baba E\u011fitimi"},"content":{"rendered":"<p>\u00c7o\u011fu kez g\u00fcl\u00fcp ge\u00e7ti\u011fimiz ama vermek istedi\u011fi mesaj\u0131 fark etmedi\u011fimiz f\u0131kralar asl\u0131nda bizi pek \u00e7ok ger\u00e7ekle y\u00fczle\u015ftirir. Sorduklar\u0131 sorulara ge\u00e7i\u015ftirerek verdi\u011fimiz cevaplar\u0131n, a\u00e7\u0131k pembe oldu\u011funu d\u00fc\u015f\u00fcn\u00fcp s\u00f6yledi\u011fimiz k\u00fc\u00e7\u00fck yalanlar\u0131n, nas\u0131l alg\u0131lanaca\u011f\u0131n\u0131 d\u00fc\u015f\u00fcnmeden a\u011fz\u0131m\u0131zdan \u00e7\u0131kan s\u00f6zlerin \u00e7ocuklar\u0131m\u0131z\u0131 nas\u0131l etkiledi\u011fini fark ediyor muyuz? \u201cVicdanl\u0131, adaletli, anlay\u0131\u015fl\u0131, ho\u015fg\u00f6r\u00fcl\u00fc, nazik olsun\u201d istedi\u011fimiz \u00e7ocuklar\u0131m\u0131z\u0131n kar\u015f\u0131s\u0131nda k\u0131rd\u0131\u011f\u0131m\u0131z potlar\u0131 g\u00f6r\u00fcyor muyuz? Tecr\u00fcbeli e\u011fitimci Ahmet Mara\u015fl\u0131 bu fark\u0131ndal\u0131\u011f\u0131 y\u00fcz\u00fcnde tebess\u00fcmle ya\u015famak isteyen anne babalara keyifle okuyacaklar\u0131 bir kitap arma\u011fan ediyor. Her biri \u00f6zenle haz\u0131rlanm\u0131\u015f iki y\u00fcz ellinin \u00fczerinde f\u0131krayla \u00e7ocuk e\u011fitimine mizah penceresinden bak\u0131yor. F\u0131kralar\u0131n ard\u0131ndan gelen yorumlarla ebeveynlere rehber olma niteli\u011fi ta\u015f\u0131yor. \u00c7izimlerle zenginle\u015ftirilmi\u015f F\u0131kra Tad\u0131nda Anne Baba E\u011fitimi g\u00fcld\u00fcr\u00fcrken \u00f6\u011freten bir kitap. Faydal\u0131 f\u0131kralar\u0131n \u00e7o\u011fu bal ar\u0131s\u0131n\u0131n sokmas\u0131 gibidir. Mesaj\u0131ndaki i\u011fne hafiften can\u0131n\u0131z\u0131 ac\u0131t\u0131r ama zehrinde \u015fifas\u0131 sizi g\u00fcl\u00fcmsetir, v\u00fccudunuza fayda verir. As\u0131l ac\u0131y\u0131 mesajdan ka\u00e7anlar ya\u015far ve onlar\u0131n g\u00fcl\u00fcmsemesi burukla\u015f\u0131r. <\/p>\n","protected":false},"excerpt":{"rendered":"<p>\u00c7o\u011fu kez g\u00fcl\u00fcp ge\u00e7ti\u011fimiz ama vermek istedi\u011fi mesaj\u0131 fark etmedi\u011fimiz f\u0131kralar asl\u0131nda bizi pek \u00e7ok ger\u00e7ekle y\u00fczle\u015ftirir. Sorduklar\u0131 sorulara ge\u00e7i\u015ftirerek verdi\u011fimiz cevaplar\u0131n, a\u00e7\u0131k pembe oldu\u011funu d\u00fc\u015f\u00fcn\u00fcp<span class=\"excerpt-hellip\"> [\u2026]<\/span><\/p>\n","protected":false},"featured_media":0,"template":"","meta":{"_monsterinsights_skip_tracking":false,"_monsterinsights_sitenote_active":false,"_monsterinsights_sitenote_note":"","_monsterinsights_sitenote_category":0},"product_brand":[],"product_cat":[17996,12364],"product_tag":[],"class_list":{"0":"post-699658","1":"product","2":"type-product","3":"status-publish","5":"product_cat-ebeveyn-kitaplari","6":"product_cat-genel-konular","7":"pa_tur-kitap","8":"pa_yayinevi-timas-yayinlari","9":"pa_yazar-ahmet-marasli","11":"first","12":"instock","13":"sale","14":"shipping-taxable","15":"purchasable","16":"product-type-simple"},"_links":{"self":[{"href":"https:\/\/roveyayinevi.com.tr\/index.php\/wp-json\/wp\/v2\/product\/699658","targetHints":{"allow":["GET"]}}],"collection":[{"href":"https:\/\/roveyayinevi.com.tr\/index.php\/wp-json\/wp\/v2\/product"}],"about":[{"href":"https:\/\/roveyayinevi.com.tr\/index.php\/wp-json\/wp\/v2\/types\/product"}],"wp:attachment":[{"href":"https:\/\/roveyayinevi.com.tr\/index.php\/wp-json\/wp\/v2\/media?parent=699658"}],"wp:term":[{"taxonomy":"product_brand","embeddable":true,"href":"https:\/\/roveyayinevi.com.tr\/index.php\/wp-json\/wp\/v2\/product_brand?post=699658"},{"taxonomy":"product_cat","embeddable":true,"href":"https:\/\/roveyayinevi.com.tr\/index.php\/wp-json\/wp\/v2\/product_cat?post=699658"},{"taxonomy":"product_tag","embeddable":true,"href":"https:\/\/roveyayinevi.com.tr\/index.php\/wp-json\/wp\/v2\/product_tag?post=699658"}],"curies":[{"name":"wp","href":"https:\/\/api.w.org\/{rel}","templated":true}]}}