{"id":699655,"date":"2025-08-27T14:52:29","date_gmt":"2025-08-27T11:52:29","guid":{"rendered":"https:\/\/roveyayinevi.com.tr\/index.php\/urun\/elma-agaci\/"},"modified":"2026-04-16T02:08:52","modified_gmt":"2026-04-15T23:08:52","slug":"elma-agaci","status":"publish","type":"product","link":"https:\/\/roveyayinevi.com.tr\/index.php\/urun\/elma-agaci\/","title":{"rendered":"Elma A\u011fac\u0131"},"content":{"rendered":"<p>Bir \u015feyler yapmal\u0131s\u0131n Elma a\u011fac\u0131&#8230; Senin, fidanlar\u0131n\u0131n ve elmalar\u0131n\u0131n mutlulu\u011fu, kurtulu\u015fu olan bu g\u00fczel \u00e7ocuklara kavu\u015fmak i\u00e7in bir \u015feyler yapmal\u0131s\u0131n&#8230; Daha ne duruyorsun, beklemekle amac\u0131na ula\u015famazs\u0131n. As\u0131l olan kararl\u0131 olmak ve bir yerden ba\u015flamakt\u0131r. Hata yapmaktan korkmamal\u0131s\u0131n. Haydi g\u00f6reyim seni&#8230;  E\u011fitim-Sen K\u0131r\u0131kkale \u015eubesi  \u00c7ocuk \u00d6yk\u00fc Yar\u0131\u015fmas\u0131  \u00dc\u00e7\u00fcnc\u00fcl\u00fck \u00d6d\u00fcl\u00fc <\/p>\n","protected":false},"excerpt":{"rendered":"<p>Bir \u015feyler yapmal\u0131s\u0131n Elma a\u011fac\u0131&#8230; Senin, fidanlar\u0131n\u0131n ve elmalar\u0131n\u0131n mutlulu\u011fu, kurtulu\u015fu olan bu g\u00fczel \u00e7ocuklara kavu\u015fmak i\u00e7in bir \u015feyler yapmal\u0131s\u0131n&#8230; Daha ne duruyorsun, beklemekle amac\u0131na ula\u015famazs\u0131n.<span class=\"excerpt-hellip\"> [\u2026]<\/span><\/p>\n","protected":false},"featured_media":0,"template":"","meta":{"_monsterinsights_skip_tracking":false,"_monsterinsights_sitenote_active":false,"_monsterinsights_sitenote_note":"","_monsterinsights_sitenote_category":0},"product_brand":[],"product_cat":[12274,12284],"product_tag":[],"class_list":{"0":"post-699655","1":"product","2":"type-product","3":"status-publish","5":"product_cat-cocuk-ve-genclik-kitaplari","6":"product_cat-hikayeler","7":"pa_tur-kitap","8":"pa_yayinevi-ozyurek-yayinlari","9":"pa_yazar-tacim-cicek","11":"first","12":"instock","13":"sale","14":"shipping-taxable","15":"purchasable","16":"product-type-simple"},"_links":{"self":[{"href":"https:\/\/roveyayinevi.com.tr\/index.php\/wp-json\/wp\/v2\/product\/699655","targetHints":{"allow":["GET"]}}],"collection":[{"href":"https:\/\/roveyayinevi.com.tr\/index.php\/wp-json\/wp\/v2\/product"}],"about":[{"href":"https:\/\/roveyayinevi.com.tr\/index.php\/wp-json\/wp\/v2\/types\/product"}],"wp:attachment":[{"href":"https:\/\/roveyayinevi.com.tr\/index.php\/wp-json\/wp\/v2\/media?parent=699655"}],"wp:term":[{"taxonomy":"product_brand","embeddable":true,"href":"https:\/\/roveyayinevi.com.tr\/index.php\/wp-json\/wp\/v2\/product_brand?post=699655"},{"taxonomy":"product_cat","embeddable":true,"href":"https:\/\/roveyayinevi.com.tr\/index.php\/wp-json\/wp\/v2\/product_cat?post=699655"},{"taxonomy":"product_tag","embeddable":true,"href":"https:\/\/roveyayinevi.com.tr\/index.php\/wp-json\/wp\/v2\/product_tag?post=699655"}],"curies":[{"name":"wp","href":"https:\/\/api.w.org\/{rel}","templated":true}]}}