{"id":699654,"date":"2025-08-27T14:52:28","date_gmt":"2025-08-27T11:52:28","guid":{"rendered":"https:\/\/roveyayinevi.com.tr\/index.php\/urun\/postmodern-emperyalizm\/"},"modified":"2026-04-16T02:08:52","modified_gmt":"2026-04-15T23:08:52","slug":"postmodern-emperyalizm","status":"publish","type":"product","link":"https:\/\/roveyayinevi.com.tr\/index.php\/urun\/postmodern-emperyalizm\/","title":{"rendered":"Postmodern Emperyalizm"},"content":{"rendered":"<p>\u00d6nce emperyalistler geleneksel toplumlara g\u00fcya uygarl\u0131k g\u00f6t\u00fcrd\u00fc. Uygarla\u015fan geleneksel toplumlar soyuldu, b\u00f6l\u00fcnd\u00fc. Sonra uygarl\u0131k yerine demokrasi g\u00f6t\u00fcrme masal\u0131 anlat\u0131ld\u0131. Demokratikle\u015fen \u00fc\u00e7\u00fcnc\u00fc d\u00fcnya \u00fclkeleri ba\u011f\u0131ms\u0131zl\u0131\u011f\u0131n\u0131 ve ulusal egemenli\u011fini yitirdi. Eskiden silah zoruyla el konan zenginlik bu kez nitelikli dol*nd\u0131r\u0131c\u0131l\u0131kla al\u0131n\u0131p g\u00f6t\u00fcr\u00fcld\u00fc. Yalan\u0131n en b\u00fcy\u00fc\u011f\u00fc s\u00f6ylendi, s\u0131k s\u0131k tekrarland\u0131, halklar kand\u0131r\u0131ld\u0131. \u00d6nce Kom\u00fcnizm sonra Siyasal \u0130slam k\u00e2busu yarat\u0131ld\u0131. Ama yalanc\u0131n\u0131n mumu s\u00f6n\u00fcnce silahlar konu\u015ftu. \u0131\u00e7sava\u015flar \u00e7\u0131kar\u0131ld\u0131, ayd\u0131nlar \u00f6ld\u00fcr\u00fcld\u00fc. ABD i\u015fgali sonras\u0131 Irak\u2019ta doktorlar kad\u0131nlara \u00e7ocuk do\u011furmamalar\u0131 i\u00e7in yalvard\u0131, \u00e7\u00fcnk\u00fc bombard\u0131manda at\u0131lan bombalarla zehirlenen ortam \u00e7ocuklar\u0131n sakat do\u011fmas\u0131na sebep oldu, do\u011fmu\u015flar ve do\u011fmam\u0131\u015flar \u00f6ld\u00fcr\u00fcld\u00fc. Uluslararas\u0131 yard\u0131m kurulu\u015flar\u0131 Filistin\u2019e \u00e7ocuklar i\u00e7in i\u015fitme cihazlar\u0131 g\u00f6nderdi \u00e7\u00fcnk\u00fc \u0130srail ne zaman sald\u0131racak olsa Filistin \u00fczerinde \u00fc\u00e7 dakikada bir jetu\u00e7urdu, \u00e7ocuklar sa\u011f\u0131r oldu&#8230; <\/p>\n","protected":false},"excerpt":{"rendered":"<p>\u00d6nce emperyalistler geleneksel toplumlara g\u00fcya uygarl\u0131k g\u00f6t\u00fcrd\u00fc. Uygarla\u015fan geleneksel toplumlar soyuldu, b\u00f6l\u00fcnd\u00fc. Sonra uygarl\u0131k yerine demokrasi g\u00f6t\u00fcrme masal\u0131 anlat\u0131ld\u0131. Demokratikle\u015fen \u00fc\u00e7\u00fcnc\u00fc d\u00fcnya \u00fclkeleri ba\u011f\u0131ms\u0131zl\u0131\u011f\u0131n\u0131 ve ulusal<span class=\"excerpt-hellip\"> [\u2026]<\/span><\/p>\n","protected":false},"featured_media":0,"template":"","meta":{"_monsterinsights_skip_tracking":false,"_monsterinsights_sitenote_active":false,"_monsterinsights_sitenote_note":"","_monsterinsights_sitenote_category":0},"product_brand":[],"product_cat":[12312,12304],"product_tag":[],"class_list":{"0":"post-699654","1":"product","2":"type-product","3":"status-publish","5":"product_cat-diger","6":"product_cat-tarih","7":"pa_cilt-ciltsiz","8":"pa_tur-kitap","9":"pa_yayinevi-say-yayinlari","10":"pa_yazar-eric-walberg","12":"first","13":"instock","14":"sale","15":"shipping-taxable","16":"purchasable","17":"product-type-simple"},"_links":{"self":[{"href":"https:\/\/roveyayinevi.com.tr\/index.php\/wp-json\/wp\/v2\/product\/699654","targetHints":{"allow":["GET"]}}],"collection":[{"href":"https:\/\/roveyayinevi.com.tr\/index.php\/wp-json\/wp\/v2\/product"}],"about":[{"href":"https:\/\/roveyayinevi.com.tr\/index.php\/wp-json\/wp\/v2\/types\/product"}],"wp:attachment":[{"href":"https:\/\/roveyayinevi.com.tr\/index.php\/wp-json\/wp\/v2\/media?parent=699654"}],"wp:term":[{"taxonomy":"product_brand","embeddable":true,"href":"https:\/\/roveyayinevi.com.tr\/index.php\/wp-json\/wp\/v2\/product_brand?post=699654"},{"taxonomy":"product_cat","embeddable":true,"href":"https:\/\/roveyayinevi.com.tr\/index.php\/wp-json\/wp\/v2\/product_cat?post=699654"},{"taxonomy":"product_tag","embeddable":true,"href":"https:\/\/roveyayinevi.com.tr\/index.php\/wp-json\/wp\/v2\/product_tag?post=699654"}],"curies":[{"name":"wp","href":"https:\/\/api.w.org\/{rel}","templated":true}]}}