{"id":699651,"date":"2025-08-27T14:52:27","date_gmt":"2025-08-27T11:52:27","guid":{"rendered":"https:\/\/roveyayinevi.com.tr\/index.php\/urun\/kemalist-devrim-3-alti-ok\/"},"modified":"2026-04-16T02:08:52","modified_gmt":"2026-04-15T23:08:52","slug":"kemalist-devrim-3-alti-ok","status":"publish","type":"product","link":"https:\/\/roveyayinevi.com.tr\/index.php\/urun\/kemalist-devrim-3-alti-ok\/","title":{"rendered":"Kemalist Devrim-3 Alt\u0131 Ok"},"content":{"rendered":"<p>Bu kitap, 1931 y\u0131l\u0131nda CHP program\u0131na, 1937 y\u0131l\u0131nda ise Anayasa\u2019ya konan ve T\u00fcrkiye devriminin program\u0131 olan Alt\u0131 Ok\u2019u tarihsel geli\u015fimi ve prati\u011fi i\u00e7inde ele almaktad\u0131r. Kitaptan baz\u0131 konu ba\u015fl\u0131klar\u0131: <\/p>\n","protected":false},"excerpt":{"rendered":"<p>Bu kitap, 1931 y\u0131l\u0131nda CHP program\u0131na, 1937 y\u0131l\u0131nda ise Anayasa\u2019ya konan ve T\u00fcrkiye devriminin program\u0131 olan Alt\u0131 Ok\u2019u tarihsel geli\u015fimi ve prati\u011fi i\u00e7inde ele almaktad\u0131r. Kitaptan<span class=\"excerpt-hellip\"> [\u2026]<\/span><\/p>\n","protected":false},"featured_media":0,"template":"","meta":{"_monsterinsights_skip_tracking":false,"_monsterinsights_sitenote_active":false,"_monsterinsights_sitenote_note":"","_monsterinsights_sitenote_category":0},"product_brand":[],"product_cat":[12304,13493],"product_tag":[],"class_list":{"0":"post-699651","1":"product","2":"type-product","3":"status-publish","5":"product_cat-tarih","6":"product_cat-turkiye-ve-cumhuriyet-tarihi","7":"pa_tur-kitap","8":"pa_yayinevi-kaynak-yayinlari","9":"pa_yazar-dogu-perincek","11":"first","12":"instock","13":"sale","14":"shipping-taxable","15":"purchasable","16":"product-type-simple"},"_links":{"self":[{"href":"https:\/\/roveyayinevi.com.tr\/index.php\/wp-json\/wp\/v2\/product\/699651","targetHints":{"allow":["GET"]}}],"collection":[{"href":"https:\/\/roveyayinevi.com.tr\/index.php\/wp-json\/wp\/v2\/product"}],"about":[{"href":"https:\/\/roveyayinevi.com.tr\/index.php\/wp-json\/wp\/v2\/types\/product"}],"wp:attachment":[{"href":"https:\/\/roveyayinevi.com.tr\/index.php\/wp-json\/wp\/v2\/media?parent=699651"}],"wp:term":[{"taxonomy":"product_brand","embeddable":true,"href":"https:\/\/roveyayinevi.com.tr\/index.php\/wp-json\/wp\/v2\/product_brand?post=699651"},{"taxonomy":"product_cat","embeddable":true,"href":"https:\/\/roveyayinevi.com.tr\/index.php\/wp-json\/wp\/v2\/product_cat?post=699651"},{"taxonomy":"product_tag","embeddable":true,"href":"https:\/\/roveyayinevi.com.tr\/index.php\/wp-json\/wp\/v2\/product_tag?post=699651"}],"curies":[{"name":"wp","href":"https:\/\/api.w.org\/{rel}","templated":true}]}}