{"id":699643,"date":"2025-08-27T14:52:25","date_gmt":"2025-08-27T11:52:25","guid":{"rendered":"https:\/\/roveyayinevi.com.tr\/index.php\/urun\/canavar-pesinde-serisi-16-karanliklar-diyari-gorgon-kopegi-kaymon\/"},"modified":"2026-04-13T02:11:23","modified_gmt":"2026-04-12T23:11:23","slug":"canavar-pesinde-serisi-16-karanliklar-diyari-gorgon-kopegi-kaymon","status":"publish","type":"product","link":"https:\/\/roveyayinevi.com.tr\/index.php\/urun\/canavar-pesinde-serisi-16-karanliklar-diyari-gorgon-kopegi-kaymon\/","title":{"rendered":"Canavar Pe\u015finde Serisi 16 &#8211; Karanl\u0131klar Diyar\u0131 (Gorgon K\u00f6pe\u011fi Kaymon)"},"content":{"rendered":"<p>Yepyeni Canavar Pe\u015finde maceras\u0131na ho\u015f geldiniz: Karanl\u0131klar Diyar\u0131. Tom, bu kez Avantia\u2019n\u0131n iyi canavarlar\u0131n\u0131 Karanl\u0131klar Diyar\u0131 Gorgonia\u2019dan kurtarmaya \u00e7al\u0131\u015f\u0131yor&#8230; Avantia\u2019n\u0131n iyi canavarlar\u0131, Malvel\u2019in yaratt\u0131\u011f\u0131 alt\u0131 yeni ve korkun\u00e7 canavar taraf\u0131ndan tutsak edildiler ve k\u00f6t\u00fc b\u00fcy\u00fcc\u00fcn\u00fcn h\u00fck\u00fcm s\u00fcrd\u00fc\u011f\u00fc Karanl\u0131klar Diyar\u0131 Gorgonia\u2019ya g\u00f6t\u00fcr\u00fcld\u00fcler. Tom\u2019un yeni d\u00fc\u015fman\u0131, Gorgon K\u00f6pe\u011fi Kaymon&#8230; Bu k\u00f6t\u00fc ve sinsi canavar, onu ele ge\u00e7irmeye kararl\u0131. Tom, Kaymon\u2019u yenemezse, iyi Canavar Nanuk, Avantia\u2019ya asla d\u00f6nemeyecek&#8230; \ufffcTan\u0131t\u0131m Metni<\/p>\n","protected":false},"excerpt":{"rendered":"<p>Yepyeni Canavar Pe\u015finde maceras\u0131na ho\u015f geldiniz: Karanl\u0131klar Diyar\u0131. Tom, bu kez Avantia\u2019n\u0131n iyi canavarlar\u0131n\u0131 Karanl\u0131klar Diyar\u0131 Gorgonia\u2019dan kurtarmaya \u00e7al\u0131\u015f\u0131yor&#8230; Avantia\u2019n\u0131n iyi canavarlar\u0131, Malvel\u2019in yaratt\u0131\u011f\u0131 alt\u0131 yeni<span class=\"excerpt-hellip\"> [\u2026]<\/span><\/p>\n","protected":false},"featured_media":0,"template":"","meta":{"_monsterinsights_skip_tracking":false,"_monsterinsights_sitenote_active":false,"_monsterinsights_sitenote_note":"","_monsterinsights_sitenote_category":0},"product_brand":[],"product_cat":[12274,12284],"product_tag":[],"class_list":{"0":"post-699643","1":"product","2":"type-product","3":"status-publish","5":"product_cat-cocuk-ve-genclik-kitaplari","6":"product_cat-hikayeler","7":"pa_cilt-ciltsiz","8":"pa_tur-kitap","9":"pa_yayinevi-beyaz-balina-yayinlari","10":"pa_yazar-adam-blade","12":"first","13":"instock","14":"sale","15":"shipping-taxable","16":"purchasable","17":"product-type-simple"},"_links":{"self":[{"href":"https:\/\/roveyayinevi.com.tr\/index.php\/wp-json\/wp\/v2\/product\/699643","targetHints":{"allow":["GET"]}}],"collection":[{"href":"https:\/\/roveyayinevi.com.tr\/index.php\/wp-json\/wp\/v2\/product"}],"about":[{"href":"https:\/\/roveyayinevi.com.tr\/index.php\/wp-json\/wp\/v2\/types\/product"}],"wp:attachment":[{"href":"https:\/\/roveyayinevi.com.tr\/index.php\/wp-json\/wp\/v2\/media?parent=699643"}],"wp:term":[{"taxonomy":"product_brand","embeddable":true,"href":"https:\/\/roveyayinevi.com.tr\/index.php\/wp-json\/wp\/v2\/product_brand?post=699643"},{"taxonomy":"product_cat","embeddable":true,"href":"https:\/\/roveyayinevi.com.tr\/index.php\/wp-json\/wp\/v2\/product_cat?post=699643"},{"taxonomy":"product_tag","embeddable":true,"href":"https:\/\/roveyayinevi.com.tr\/index.php\/wp-json\/wp\/v2\/product_tag?post=699643"}],"curies":[{"name":"wp","href":"https:\/\/api.w.org\/{rel}","templated":true}]}}