{"id":699637,"date":"2025-08-27T14:52:22","date_gmt":"2025-08-27T11:52:22","guid":{"rendered":"https:\/\/roveyayinevi.com.tr\/index.php\/urun\/assassins-creed-2-cilt-aquilus\/"},"modified":"2026-04-16T02:08:52","modified_gmt":"2026-04-15T23:08:52","slug":"assassins-creed-2-cilt-aquilus","status":"publish","type":"product","link":"https:\/\/roveyayinevi.com.tr\/index.php\/urun\/assassins-creed-2-cilt-aquilus\/","title":{"rendered":"Assassin&#8217;s Creed 2 Cilt &#8211; Aquilus"},"content":{"rendered":"<p>Desmond suikast\u00e7\u0131lar\u0131n saflar\u0131na geri d\u00f6nd\u00fc.Di\u011fer suikast\u00e7\u0131larla birlikte, korkun\u00e7 g\u00fc\u00e7leri olan gizemli bir nesnenin pe\u015finde.O nesneyi ele ge\u00e7irebilmek i\u00e7in atas\u0131 Aquilus&#8217;un an\u0131lar\u0131n\u0131 ya\u015famak zorunda.Tap\u0131nak \u015f\u00f6valyelerince takip edilen ve dost bildiklerinin ihanetine u\u011frayan Desmond, ge\u00e7mi\u015fe d\u00f6nmenin d\u00fc\u015f\u00fcnd\u00fc\u011f\u00fcnden \u00e7ok daha pahal\u0131ya mal olaca\u011f\u0131n\u0131 \u00f6\u011frenecek.16 milyonun \u00fczerinde bir sat\u0131\u015f rakam\u0131na ula\u015fan \u201cAssassin\u2019s Creed\u201d adl\u0131 bilgisayar oyununun kahramanlar\u0131, \u00fcnl\u00fc senarist Corbeyran\u2019\u0131n kalemi ve Djillali Defali\u2019nin \u00e7izgileriyle hayat buluyor ve bizi, t\u00fcm oyunseverleri \u015fa\u015fk\u0131na \u00e7evirecek, bug\u00fcne kadar hi\u00e7 yay\u0131nlanmam\u0131\u015f, zaman ve bilime meydan okuyan heyecanl\u0131 bir maceraya davet ediyor.<\/p>\n","protected":false},"excerpt":{"rendered":"<p>Desmond suikast\u00e7\u0131lar\u0131n saflar\u0131na geri d\u00f6nd\u00fc.Di\u011fer suikast\u00e7\u0131larla birlikte, korkun\u00e7 g\u00fc\u00e7leri olan gizemli bir nesnenin pe\u015finde.O nesneyi ele ge\u00e7irebilmek i\u00e7in atas\u0131 Aquilus&#8217;un an\u0131lar\u0131n\u0131 ya\u015famak zorunda.Tap\u0131nak \u015f\u00f6valyelerince takip edilen<span class=\"excerpt-hellip\"> [\u2026]<\/span><\/p>\n","protected":false},"featured_media":0,"template":"","meta":{"_monsterinsights_skip_tracking":false,"_monsterinsights_sitenote_active":false,"_monsterinsights_sitenote_note":"","_monsterinsights_sitenote_category":0},"product_brand":[],"product_cat":[12416,12291],"product_tag":[],"class_list":{"0":"post-699637","1":"product","2":"type-product","3":"status-publish","5":"product_cat-cizgi-roman","6":"product_cat-edebiyat","7":"pa_cilt-ciltsiz","8":"pa_tur-kitap","9":"pa_yayinevi-akil-celen-kitaplar","10":"pa_yazar-eric-corbeyran","12":"first","13":"instock","14":"sale","15":"shipping-taxable","16":"purchasable","17":"product-type-simple"},"_links":{"self":[{"href":"https:\/\/roveyayinevi.com.tr\/index.php\/wp-json\/wp\/v2\/product\/699637","targetHints":{"allow":["GET"]}}],"collection":[{"href":"https:\/\/roveyayinevi.com.tr\/index.php\/wp-json\/wp\/v2\/product"}],"about":[{"href":"https:\/\/roveyayinevi.com.tr\/index.php\/wp-json\/wp\/v2\/types\/product"}],"wp:attachment":[{"href":"https:\/\/roveyayinevi.com.tr\/index.php\/wp-json\/wp\/v2\/media?parent=699637"}],"wp:term":[{"taxonomy":"product_brand","embeddable":true,"href":"https:\/\/roveyayinevi.com.tr\/index.php\/wp-json\/wp\/v2\/product_brand?post=699637"},{"taxonomy":"product_cat","embeddable":true,"href":"https:\/\/roveyayinevi.com.tr\/index.php\/wp-json\/wp\/v2\/product_cat?post=699637"},{"taxonomy":"product_tag","embeddable":true,"href":"https:\/\/roveyayinevi.com.tr\/index.php\/wp-json\/wp\/v2\/product_tag?post=699637"}],"curies":[{"name":"wp","href":"https:\/\/api.w.org\/{rel}","templated":true}]}}