{"id":699635,"date":"2025-08-27T14:52:09","date_gmt":"2025-08-27T11:52:09","guid":{"rendered":"https:\/\/roveyayinevi.com.tr\/index.php\/urun\/genel-matematik-2\/"},"modified":"2026-04-16T02:08:52","modified_gmt":"2026-04-15T23:08:52","slug":"genel-matematik-2","status":"publish","type":"product","link":"https:\/\/roveyayinevi.com.tr\/index.php\/urun\/genel-matematik-2\/","title":{"rendered":"Genel Matematik 2"},"content":{"rendered":"<p>Bu kitap, \u0130ktisadi ve \u0130dari Bilimler Fak\u00fcltesi (\u0130\u0130BF) \u00f6\u011frencilerine y\u00f6nelik temel d\u00fczey matematik bilgisi vermek \u00fczere Genel Matematik &#8211; 2 kitab\u0131n\u0131n ikinci cildi olarak haz\u0131rlanm\u0131\u015ft\u0131r. Kitap haz\u0131rlan\u0131rken, konular olabildi\u011fince sade bir dil il, basitten daha zora do\u011fru, \u00f6rnekler verilerek anlat\u0131lmaya \u00e7al\u0131\u015f\u0131lm\u0131\u015ft\u0131r. <\/p>\n","protected":false},"excerpt":{"rendered":"<p>Bu kitap, \u0130ktisadi ve \u0130dari Bilimler Fak\u00fcltesi (\u0130\u0130BF) \u00f6\u011frencilerine y\u00f6nelik temel d\u00fczey matematik bilgisi vermek \u00fczere Genel Matematik &#8211; 2 kitab\u0131n\u0131n ikinci cildi olarak haz\u0131rlanm\u0131\u015ft\u0131r. Kitap<span class=\"excerpt-hellip\"> [\u2026]<\/span><\/p>\n","protected":false},"featured_media":0,"template":"","meta":{"_monsterinsights_skip_tracking":false,"_monsterinsights_sitenote_active":false,"_monsterinsights_sitenote_note":"","_monsterinsights_sitenote_category":0},"product_brand":[],"product_cat":[12573,12566],"product_tag":[],"class_list":{"0":"post-699635","1":"product","2":"type-product","3":"status-publish","5":"product_cat-akademik-kitaplar","6":"product_cat-egitim","7":"pa_cilt-ciltsiz","8":"pa_tur-kitap","9":"pa_yayinevi-gazi-kitabevi","10":"pa_yazar-ibrahim-ethem-anar","12":"first","13":"instock","14":"sale","15":"shipping-taxable","16":"purchasable","17":"product-type-simple"},"_links":{"self":[{"href":"https:\/\/roveyayinevi.com.tr\/index.php\/wp-json\/wp\/v2\/product\/699635","targetHints":{"allow":["GET"]}}],"collection":[{"href":"https:\/\/roveyayinevi.com.tr\/index.php\/wp-json\/wp\/v2\/product"}],"about":[{"href":"https:\/\/roveyayinevi.com.tr\/index.php\/wp-json\/wp\/v2\/types\/product"}],"wp:attachment":[{"href":"https:\/\/roveyayinevi.com.tr\/index.php\/wp-json\/wp\/v2\/media?parent=699635"}],"wp:term":[{"taxonomy":"product_brand","embeddable":true,"href":"https:\/\/roveyayinevi.com.tr\/index.php\/wp-json\/wp\/v2\/product_brand?post=699635"},{"taxonomy":"product_cat","embeddable":true,"href":"https:\/\/roveyayinevi.com.tr\/index.php\/wp-json\/wp\/v2\/product_cat?post=699635"},{"taxonomy":"product_tag","embeddable":true,"href":"https:\/\/roveyayinevi.com.tr\/index.php\/wp-json\/wp\/v2\/product_tag?post=699635"}],"curies":[{"name":"wp","href":"https:\/\/api.w.org\/{rel}","templated":true}]}}