{"id":699633,"date":"2025-08-27T14:52:09","date_gmt":"2025-08-27T11:52:09","guid":{"rendered":"https:\/\/roveyayinevi.com.tr\/index.php\/urun\/cevdet-bey-ve-ogullari\/"},"modified":"2026-04-16T02:08:52","modified_gmt":"2026-04-15T23:08:52","slug":"cevdet-bey-ve-ogullari","status":"publish","type":"product","link":"https:\/\/roveyayinevi.com.tr\/index.php\/urun\/cevdet-bey-ve-ogullari\/","title":{"rendered":"Cevdet Bey ve O\u011fullar\u0131"},"content":{"rendered":"<p>Orhan Pamuk&#8217;a ilk \u00fcn\u00fcn\u00fc getiren bu b\u00fcy\u00fck roman \u0130stanbullu bir ailenin yetmi\u015f y\u0131ll\u0131k ser\u00fcvenini hik\u00e2ye ediyor. Yazar\u0131n \u00dclke, Aile, Roman \u00fczerine sons\u00f6z\u00fcyle&#8230; <\/p>\n","protected":false},"excerpt":{"rendered":"<p>Orhan Pamuk&#8217;a ilk \u00fcn\u00fcn\u00fc getiren bu b\u00fcy\u00fck roman \u0130stanbullu bir ailenin yetmi\u015f y\u0131ll\u0131k ser\u00fcvenini hik\u00e2ye ediyor. Yazar\u0131n \u00dclke, Aile, Roman \u00fczerine sons\u00f6z\u00fcyle&#8230;<\/p>\n","protected":false},"featured_media":0,"template":"","meta":{"_monsterinsights_skip_tracking":false,"_monsterinsights_sitenote_active":false,"_monsterinsights_sitenote_note":"","_monsterinsights_sitenote_category":0},"product_brand":[],"product_cat":[12291,12292],"product_tag":[],"class_list":{"0":"post-699633","1":"product","2":"type-product","3":"status-publish","5":"product_cat-edebiyat","6":"product_cat-turk-edebiyati","7":"pa_cilt-ciltsiz","8":"pa_tur-kitap","9":"pa_yayinevi-yapi-kredi-yayinlari","10":"pa_yazar-orhan-pamuk","12":"first","13":"instock","14":"sale","15":"shipping-taxable","16":"purchasable","17":"product-type-simple"},"_links":{"self":[{"href":"https:\/\/roveyayinevi.com.tr\/index.php\/wp-json\/wp\/v2\/product\/699633","targetHints":{"allow":["GET"]}}],"collection":[{"href":"https:\/\/roveyayinevi.com.tr\/index.php\/wp-json\/wp\/v2\/product"}],"about":[{"href":"https:\/\/roveyayinevi.com.tr\/index.php\/wp-json\/wp\/v2\/types\/product"}],"wp:attachment":[{"href":"https:\/\/roveyayinevi.com.tr\/index.php\/wp-json\/wp\/v2\/media?parent=699633"}],"wp:term":[{"taxonomy":"product_brand","embeddable":true,"href":"https:\/\/roveyayinevi.com.tr\/index.php\/wp-json\/wp\/v2\/product_brand?post=699633"},{"taxonomy":"product_cat","embeddable":true,"href":"https:\/\/roveyayinevi.com.tr\/index.php\/wp-json\/wp\/v2\/product_cat?post=699633"},{"taxonomy":"product_tag","embeddable":true,"href":"https:\/\/roveyayinevi.com.tr\/index.php\/wp-json\/wp\/v2\/product_tag?post=699633"}],"curies":[{"name":"wp","href":"https:\/\/api.w.org\/{rel}","templated":true}]}}