{"id":699630,"date":"2025-08-27T14:52:08","date_gmt":"2025-08-27T11:52:08","guid":{"rendered":"https:\/\/roveyayinevi.com.tr\/index.php\/urun\/islemler-yonetiminde-guncel-yaklasimlar-secme-yazilar\/"},"modified":"2026-04-16T02:08:52","modified_gmt":"2026-04-15T23:08:52","slug":"islemler-yonetiminde-guncel-yaklasimlar-secme-yazilar","status":"publish","type":"product","link":"https:\/\/roveyayinevi.com.tr\/index.php\/urun\/islemler-yonetiminde-guncel-yaklasimlar-secme-yazilar\/","title":{"rendered":"\u0130\u015flemler Y\u00f6netiminde G\u00fcncel Yakla\u015f\u0131mlar: Se\u00e7me Yaz\u0131lar"},"content":{"rendered":"<p>\u0130\u015flemler Y\u00f6netiminde G\u00fcncel Yakla\u015f\u0131mlar: Se\u00e7me Yaz\u0131lar <\/p>\n","protected":false},"excerpt":{"rendered":"<p>\u0130\u015flemler Y\u00f6netiminde G\u00fcncel Yakla\u015f\u0131mlar: Se\u00e7me Yaz\u0131lar<\/p>\n","protected":false},"featured_media":0,"template":"","meta":{"_monsterinsights_skip_tracking":false,"_monsterinsights_sitenote_active":false,"_monsterinsights_sitenote_note":"","_monsterinsights_sitenote_category":0},"product_brand":[],"product_cat":[12573,12566],"product_tag":[],"class_list":{"0":"post-699630","1":"product","2":"type-product","3":"status-publish","5":"product_cat-akademik-kitaplar","6":"product_cat-egitim","7":"pa_cilt-ciltsiz","8":"pa_tur-kitap","9":"pa_yayinevi-gazi-kitabevi","10":"pa_yazar-hasan-kursat-gules","12":"first","13":"instock","14":"sale","15":"shipping-taxable","16":"purchasable","17":"product-type-simple"},"_links":{"self":[{"href":"https:\/\/roveyayinevi.com.tr\/index.php\/wp-json\/wp\/v2\/product\/699630","targetHints":{"allow":["GET"]}}],"collection":[{"href":"https:\/\/roveyayinevi.com.tr\/index.php\/wp-json\/wp\/v2\/product"}],"about":[{"href":"https:\/\/roveyayinevi.com.tr\/index.php\/wp-json\/wp\/v2\/types\/product"}],"wp:attachment":[{"href":"https:\/\/roveyayinevi.com.tr\/index.php\/wp-json\/wp\/v2\/media?parent=699630"}],"wp:term":[{"taxonomy":"product_brand","embeddable":true,"href":"https:\/\/roveyayinevi.com.tr\/index.php\/wp-json\/wp\/v2\/product_brand?post=699630"},{"taxonomy":"product_cat","embeddable":true,"href":"https:\/\/roveyayinevi.com.tr\/index.php\/wp-json\/wp\/v2\/product_cat?post=699630"},{"taxonomy":"product_tag","embeddable":true,"href":"https:\/\/roveyayinevi.com.tr\/index.php\/wp-json\/wp\/v2\/product_tag?post=699630"}],"curies":[{"name":"wp","href":"https:\/\/api.w.org\/{rel}","templated":true}]}}