{"id":699628,"date":"2025-08-27T14:52:07","date_gmt":"2025-08-27T11:52:07","guid":{"rendered":"https:\/\/roveyayinevi.com.tr\/index.php\/urun\/cizgilerle-lenin\/"},"modified":"2026-04-16T02:08:52","modified_gmt":"2026-04-15T23:08:52","slug":"cizgilerle-lenin","status":"publish","type":"product","link":"https:\/\/roveyayinevi.com.tr\/index.php\/urun\/cizgilerle-lenin\/","title":{"rendered":"\u00c7izgilerle Lenin"},"content":{"rendered":"<p>\u0130nsanl\u0131k tarihinin en \u00f6nemli \u00f6nderlerinden biri&#8230;K\u00f6kleri nerelere dayan\u0131yor, filizleri nerelere ula\u015ft\u0131?Tan\u0131nm\u0131\u015f Meksikal\u0131 \u00e7izer Rius\u2019un \u00e7izgilerle \u00e7arp\u0131c\u0131 ve e\u011flenceli k\u0131ld\u0131\u011f\u0131 bu kitap, Vladimir \u0130lyi\u00e7 Ulyanov\u2019u \u00e7ok farkl\u0131 y\u00f6nleriyle anlat\u0131yor. En ba\u015fta da hayat\u0131 ve d\u00fc\u015f\u00fcncesinin yaratt\u0131\u011f\u0131 etkinin neden bu kadar kal\u0131c\u0131 oldu\u011funu g\u00f6steren bir niteli\u011fini: cesaret dolu g\u00fcc\u00fcn\u00fc.Daha Lenin do\u011fmadan \u00f6nce ailesinin m\u00fccadele etti\u011fi talihsizlikleri ve bu etmenlerin, d\u00fcnyan\u0131n ilk sosyalist devletini kuran b\u00f6yle bir \u00f6nderin yeti\u015fmesindeki etkisini okumak olduk\u00e7a ayd\u0131nlat\u0131c\u0131 bir deneyim. <\/p>\n","protected":false},"excerpt":{"rendered":"<p>\u0130nsanl\u0131k tarihinin en \u00f6nemli \u00f6nderlerinden biri&#8230;K\u00f6kleri nerelere dayan\u0131yor, filizleri nerelere ula\u015ft\u0131?Tan\u0131nm\u0131\u015f Meksikal\u0131 \u00e7izer Rius\u2019un \u00e7izgilerle \u00e7arp\u0131c\u0131 ve e\u011flenceli k\u0131ld\u0131\u011f\u0131 bu kitap, Vladimir \u0130lyi\u00e7 Ulyanov\u2019u \u00e7ok farkl\u0131<span class=\"excerpt-hellip\"> [\u2026]<\/span><\/p>\n","protected":false},"featured_media":0,"template":"","meta":{"_monsterinsights_skip_tracking":false,"_monsterinsights_sitenote_active":false,"_monsterinsights_sitenote_note":"","_monsterinsights_sitenote_category":0},"product_brand":[],"product_cat":[12689,12274],"product_tag":[],"class_list":{"0":"post-699628","1":"product","2":"type-product","3":"status-publish","5":"product_cat-cizgi-roman-cocuk-ve-genclik-kitaplari","6":"product_cat-cocuk-ve-genclik-kitaplari","7":"pa_cilt-ciltsiz","8":"pa_tur-kitap","9":"pa_yayinevi-yordam-kitap","10":"pa_yazar-eduardo-rio-garcia-rius","12":"first","13":"instock","14":"sale","15":"shipping-taxable","16":"purchasable","17":"product-type-simple"},"_links":{"self":[{"href":"https:\/\/roveyayinevi.com.tr\/index.php\/wp-json\/wp\/v2\/product\/699628","targetHints":{"allow":["GET"]}}],"collection":[{"href":"https:\/\/roveyayinevi.com.tr\/index.php\/wp-json\/wp\/v2\/product"}],"about":[{"href":"https:\/\/roveyayinevi.com.tr\/index.php\/wp-json\/wp\/v2\/types\/product"}],"wp:attachment":[{"href":"https:\/\/roveyayinevi.com.tr\/index.php\/wp-json\/wp\/v2\/media?parent=699628"}],"wp:term":[{"taxonomy":"product_brand","embeddable":true,"href":"https:\/\/roveyayinevi.com.tr\/index.php\/wp-json\/wp\/v2\/product_brand?post=699628"},{"taxonomy":"product_cat","embeddable":true,"href":"https:\/\/roveyayinevi.com.tr\/index.php\/wp-json\/wp\/v2\/product_cat?post=699628"},{"taxonomy":"product_tag","embeddable":true,"href":"https:\/\/roveyayinevi.com.tr\/index.php\/wp-json\/wp\/v2\/product_tag?post=699628"}],"curies":[{"name":"wp","href":"https:\/\/api.w.org\/{rel}","templated":true}]}}