{"id":699623,"date":"2025-08-27T14:52:05","date_gmt":"2025-08-27T11:52:05","guid":{"rendered":"https:\/\/roveyayinevi.com.tr\/index.php\/urun\/goruntunun-retorigi-sanat-ve-muzik\/"},"modified":"2026-01-22T02:17:32","modified_gmt":"2026-01-21T23:17:32","slug":"goruntunun-retorigi-sanat-ve-muzik","status":"publish","type":"product","link":"https:\/\/roveyayinevi.com.tr\/index.php\/urun\/goruntunun-retorigi-sanat-ve-muzik\/","title":{"rendered":"G\u00f6r\u00fcnt\u00fcn\u00fcn Retori\u011fi, Sanat ve M\u00fczik"},"content":{"rendered":"<p>YKY Avrupa g\u00f6stergebiliminin kurucular\u0131ndan, b\u00fcy\u00fck d\u00fc\u015f\u00fcnce ve yaz\u0131 ustas\u0131 Roland Barthes k\u00fclliyat\u0131n\u0131 yay\u0131mlamaya devam ediyor.G\u00f6r\u00fcnt\u00fcn\u00fcn Retori\u011fi, Sanat ve M\u00fczik (Essais critiques III), Roland Barthes\u2019\u0131n g\u00f6r\u00fcnt\u00fc, foto\u011fraf, resim ve m\u00fczik \u00fczerine denemelerini bir araya getiriyor: Eisentein, Arcimboldo, Ert\u00e9, Cy Twombly, R\u00e9quichot, Schumann, Pop-art, klasik tiyatro&#8230;Barthes her zaman oldu\u011fu gibi yaz\u0131nsal ele\u015ftirinin doruklar\u0131nda dola\u015f\u0131rken, g\u00f6r\u00fcn\u00fcr olan \u00fcst\u00fcne okuru d\u00fc\u015f\u00fcnmeye davet ediyor. 20. y\u00fczy\u0131l\u0131n en \u00fcnl\u00fc yaz\u0131\u2019n ustas\u0131 Barthes\u2019tan \u00e7o\u011funlu\u011fu T\u00fcrk\u00e7ede ilk kez yay\u0131mlanan metinler. <\/p>\n","protected":false},"excerpt":{"rendered":"<p>YKY Avrupa g\u00f6stergebiliminin kurucular\u0131ndan, b\u00fcy\u00fck d\u00fc\u015f\u00fcnce ve yaz\u0131 ustas\u0131 Roland Barthes k\u00fclliyat\u0131n\u0131 yay\u0131mlamaya devam ediyor.G\u00f6r\u00fcnt\u00fcn\u00fcn Retori\u011fi, Sanat ve M\u00fczik (Essais critiques III), Roland Barthes\u2019\u0131n g\u00f6r\u00fcnt\u00fc, foto\u011fraf,<span class=\"excerpt-hellip\"> [\u2026]<\/span><\/p>\n","protected":false},"featured_media":0,"template":"","meta":{"_monsterinsights_skip_tracking":false,"_monsterinsights_sitenote_active":false,"_monsterinsights_sitenote_note":"","_monsterinsights_sitenote_category":0},"product_brand":[],"product_cat":[13548,12408],"product_tag":[],"class_list":{"0":"post-699623","1":"product","2":"type-product","3":"status-publish","5":"product_cat-kuram","6":"product_cat-sanat","7":"pa_cilt-ciltsiz","8":"pa_tur-kitap","9":"pa_yayinevi-yapi-kredi-yayinlari","10":"pa_yazar-roland-barthes","12":"first","13":"instock","14":"sale","15":"shipping-taxable","16":"purchasable","17":"product-type-simple"},"_links":{"self":[{"href":"https:\/\/roveyayinevi.com.tr\/index.php\/wp-json\/wp\/v2\/product\/699623","targetHints":{"allow":["GET"]}}],"collection":[{"href":"https:\/\/roveyayinevi.com.tr\/index.php\/wp-json\/wp\/v2\/product"}],"about":[{"href":"https:\/\/roveyayinevi.com.tr\/index.php\/wp-json\/wp\/v2\/types\/product"}],"wp:attachment":[{"href":"https:\/\/roveyayinevi.com.tr\/index.php\/wp-json\/wp\/v2\/media?parent=699623"}],"wp:term":[{"taxonomy":"product_brand","embeddable":true,"href":"https:\/\/roveyayinevi.com.tr\/index.php\/wp-json\/wp\/v2\/product_brand?post=699623"},{"taxonomy":"product_cat","embeddable":true,"href":"https:\/\/roveyayinevi.com.tr\/index.php\/wp-json\/wp\/v2\/product_cat?post=699623"},{"taxonomy":"product_tag","embeddable":true,"href":"https:\/\/roveyayinevi.com.tr\/index.php\/wp-json\/wp\/v2\/product_tag?post=699623"}],"curies":[{"name":"wp","href":"https:\/\/api.w.org\/{rel}","templated":true}]}}