{"id":699617,"date":"2025-08-27T14:52:04","date_gmt":"2025-08-27T11:52:04","guid":{"rendered":"https:\/\/roveyayinevi.com.tr\/index.php\/urun\/altin-kole\/"},"modified":"2026-04-16T02:08:52","modified_gmt":"2026-04-15T23:08:52","slug":"altin-kole","status":"publish","type":"product","link":"https:\/\/roveyayinevi.com.tr\/index.php\/urun\/altin-kole\/","title":{"rendered":"Alt\u0131n K\u00f6le"},"content":{"rendered":"<p>U\u00e7urumlar \u00fclkesi Urartu\u2019da her \u015feye ra\u011fmenhayata tutunman\u0131n destans\u0131 \u00f6yk\u00fcs\u00fc\u2026\u0130smet Bertan, Anadolu\u2019yu k\u00f6\u015fe bucak kucaklamaya devam eden benzersiz \u201cAnadolu\u2019da Bir Zamanlar\u201d koleksiyonunun 7. kitab\u0131nda, okurlar\u0131n\u0131 bu kez M\u00d6 8. y\u00fczy\u0131la g\u00f6t\u00fcr\u00fcyor. Anadolu k\u00fclt\u00fcr tarihine b\u00fcy\u00fck zenginlik katan Urartu uygarl\u0131\u011f\u0131n\u0131n sert co\u011frafyas\u0131nda ge\u00e7en roman, insan\u0131n \u00f6zlem, h\u0131rs gibi zamandan ve mek\u00e2ndan ba\u011f\u0131ms\u0131z duygular\u0131na tan\u0131kl\u0131\u011f\u0131n yan\u0131 s\u0131ra, as\u0131rlar \u00f6ncesine ait ya\u015fam al\u0131\u015fkanl\u0131klar\u0131n\u0131 da canland\u0131r\u0131yor. Ya\u015fama tutkusunun, efsanelerin ve sava\u015flar\u0131n i\u00e7 i\u00e7e girdi\u011fi bu tarihsel roman, g\u00fcncel temalar\u0131yla her ya\u015ftan okurun ilgisini \u00e7ekecek.Alt\u0131n sa\u00e7l\u0131 gen\u00e7 Orion,elinde liri, dilinde efsaneleriyle \u015fehir \u015fehir dola\u015f\u0131p \u00fcnl\u00fc bir gezgin \u00f6yk\u00fcc\u00fc olma yolundad\u0131r. Ancak bir g\u00fcn, babas\u0131yla \u00e7\u0131kt\u0131\u011f\u0131 deniz yolculu\u011funda kar\u015f\u0131la\u015ft\u0131\u011f\u0131 korsanlar Orion\u2019un ya\u015fam\u0131n\u0131 alt \u00fcst eder. O art\u0131k bir k\u00f6ledir. Akdeniz\u2019in en korkun\u00e7 k\u00f6le pazarlar\u0131ndan birinde Urartu \u00fclkesine sat\u0131lan Orion\u2019un t\u00fckenmeyen hayat tutkusu onu ayakta tutar. Ta\u015f ocaklar\u0131ndan arenalara uzanan bu ser\u00fcvende mimarlar\u0131, g\u00fc\u00e7l\u00fc prensleri ve prensesleri, ki\u015fili\u011fi ve yetenekleriyle adeta b\u00fcy\u00fcleyen Orion\u2019un gelece\u011fi, u\u00e7urumlar \u00fclkesi Urartu\u2019nunkine mi ba\u011fl\u0131d\u0131r?.. <\/p>\n","protected":false},"excerpt":{"rendered":"<p>U\u00e7urumlar \u00fclkesi Urartu\u2019da her \u015feye ra\u011fmenhayata tutunman\u0131n destans\u0131 \u00f6yk\u00fcs\u00fc\u2026\u0130smet Bertan, Anadolu\u2019yu k\u00f6\u015fe bucak kucaklamaya devam eden benzersiz \u201cAnadolu\u2019da Bir Zamanlar\u201d koleksiyonunun 7. kitab\u0131nda, okurlar\u0131n\u0131 bu kez<span class=\"excerpt-hellip\"> [\u2026]<\/span><\/p>\n","protected":false},"featured_media":0,"template":"","meta":{"_monsterinsights_skip_tracking":false,"_monsterinsights_sitenote_active":false,"_monsterinsights_sitenote_note":"","_monsterinsights_sitenote_category":0},"product_brand":[],"product_cat":[12291,12745],"product_tag":[],"class_list":{"0":"post-699617","1":"product","2":"type-product","3":"status-publish","5":"product_cat-edebiyat","6":"product_cat-tarihi-roman","7":"pa_cilt-ciltsiz","8":"pa_tur-kitap","9":"pa_yayinevi-gunisigi-kitapligi","10":"pa_yazar-ismet-bertan","12":"first","13":"instock","14":"sale","15":"shipping-taxable","16":"purchasable","17":"product-type-simple"},"_links":{"self":[{"href":"https:\/\/roveyayinevi.com.tr\/index.php\/wp-json\/wp\/v2\/product\/699617","targetHints":{"allow":["GET"]}}],"collection":[{"href":"https:\/\/roveyayinevi.com.tr\/index.php\/wp-json\/wp\/v2\/product"}],"about":[{"href":"https:\/\/roveyayinevi.com.tr\/index.php\/wp-json\/wp\/v2\/types\/product"}],"wp:attachment":[{"href":"https:\/\/roveyayinevi.com.tr\/index.php\/wp-json\/wp\/v2\/media?parent=699617"}],"wp:term":[{"taxonomy":"product_brand","embeddable":true,"href":"https:\/\/roveyayinevi.com.tr\/index.php\/wp-json\/wp\/v2\/product_brand?post=699617"},{"taxonomy":"product_cat","embeddable":true,"href":"https:\/\/roveyayinevi.com.tr\/index.php\/wp-json\/wp\/v2\/product_cat?post=699617"},{"taxonomy":"product_tag","embeddable":true,"href":"https:\/\/roveyayinevi.com.tr\/index.php\/wp-json\/wp\/v2\/product_tag?post=699617"}],"curies":[{"name":"wp","href":"https:\/\/api.w.org\/{rel}","templated":true}]}}