{"id":699616,"date":"2025-08-27T14:52:03","date_gmt":"2025-08-27T11:52:03","guid":{"rendered":"https:\/\/roveyayinevi.com.tr\/index.php\/urun\/calinan-kent-omer-hepcozer-dedektiflik-burosu-2\/"},"modified":"2026-04-12T02:10:42","modified_gmt":"2026-04-11T23:10:42","slug":"calinan-kent-omer-hepcozer-dedektiflik-burosu-2","status":"publish","type":"product","link":"https:\/\/roveyayinevi.com.tr\/index.php\/urun\/calinan-kent-omer-hepcozer-dedektiflik-burosu-2\/","title":{"rendered":"\u00c7al\u0131nan Kent &#8211; \u00d6mer Hep\u00e7\u00f6zer Dedektiflik B\u00fcrosu 2"},"content":{"rendered":"<p>Dedektiflik \u00f6yk\u00fclerinin sevilen yazar\u0131 G\u00fclsevin K\u0131ral\u2019\u0131n heyecan dolu dizisinin ikinci kitab\u0131 \u00e7\u0131kt\u0131. \ufffcTan\u0131t\u0131m Metni<\/p>\n","protected":false},"excerpt":{"rendered":"<p>Dedektiflik \u00f6yk\u00fclerinin sevilen yazar\u0131 G\u00fclsevin K\u0131ral\u2019\u0131n heyecan dolu dizisinin ikinci kitab\u0131 \u00e7\u0131kt\u0131. \ufffcTan\u0131t\u0131m Metni<\/p>\n","protected":false},"featured_media":0,"template":"","meta":{"_monsterinsights_skip_tracking":false,"_monsterinsights_sitenote_active":false,"_monsterinsights_sitenote_note":"","_monsterinsights_sitenote_category":0},"product_brand":[],"product_cat":[12274,12284],"product_tag":[],"class_list":{"0":"post-699616","1":"product","2":"type-product","3":"status-publish","5":"product_cat-cocuk-ve-genclik-kitaplari","6":"product_cat-hikayeler","7":"pa_cilt-ciltsiz","8":"pa_tur-kitap","9":"pa_yayinevi-gunisigi-kitapligi","10":"pa_yazar-gulsevin-kiral","12":"first","13":"instock","14":"sale","15":"shipping-taxable","16":"purchasable","17":"product-type-simple"},"_links":{"self":[{"href":"https:\/\/roveyayinevi.com.tr\/index.php\/wp-json\/wp\/v2\/product\/699616","targetHints":{"allow":["GET"]}}],"collection":[{"href":"https:\/\/roveyayinevi.com.tr\/index.php\/wp-json\/wp\/v2\/product"}],"about":[{"href":"https:\/\/roveyayinevi.com.tr\/index.php\/wp-json\/wp\/v2\/types\/product"}],"wp:attachment":[{"href":"https:\/\/roveyayinevi.com.tr\/index.php\/wp-json\/wp\/v2\/media?parent=699616"}],"wp:term":[{"taxonomy":"product_brand","embeddable":true,"href":"https:\/\/roveyayinevi.com.tr\/index.php\/wp-json\/wp\/v2\/product_brand?post=699616"},{"taxonomy":"product_cat","embeddable":true,"href":"https:\/\/roveyayinevi.com.tr\/index.php\/wp-json\/wp\/v2\/product_cat?post=699616"},{"taxonomy":"product_tag","embeddable":true,"href":"https:\/\/roveyayinevi.com.tr\/index.php\/wp-json\/wp\/v2\/product_tag?post=699616"}],"curies":[{"name":"wp","href":"https:\/\/api.w.org\/{rel}","templated":true}]}}