{"id":699613,"date":"2025-08-27T14:52:02","date_gmt":"2025-08-27T11:52:02","guid":{"rendered":"https:\/\/roveyayinevi.com.tr\/index.php\/urun\/sanat-ve-arzu\/"},"modified":"2026-04-16T02:08:52","modified_gmt":"2026-04-15T23:08:52","slug":"sanat-ve-arzu","status":"publish","type":"product","link":"https:\/\/roveyayinevi.com.tr\/index.php\/urun\/sanat-ve-arzu\/","title":{"rendered":"Sanat ve Arzu"},"content":{"rendered":"<p>Sanat ve Arzu, sosyal bilimler ele\u015ftirisi ile yeni bir sosyal bilim \u00f6nerisini birlikte geli\u015ftiren Ulus Baker\u2019in ODT\u00dc G\u00f6rsel-\u0130\u015fitsel Sistemler Ara\u015ft\u0131rma ve \u00dcretim Merkezi\u2019nde 1998 y\u0131l\u0131nda verdi\u011fi seminer dizisinin kitapla\u015ft\u0131r\u0131lm\u0131\u015f hali. Ulus Baker 17. y\u00fczy\u0131ldan ba\u015flay\u0131p Kant\u2019la devam eden temel modern \u00f6znele\u015fme s\u00fcre\u00e7lerini Deleuze\u2019\u00fcn k\u0131lavuzlu\u011funda ele al\u0131yor. \ufffcTan\u0131t\u0131m Metni<\/p>\n","protected":false},"excerpt":{"rendered":"<p>Sanat ve Arzu, sosyal bilimler ele\u015ftirisi ile yeni bir sosyal bilim \u00f6nerisini birlikte geli\u015ftiren Ulus Baker\u2019in ODT\u00dc G\u00f6rsel-\u0130\u015fitsel Sistemler Ara\u015ft\u0131rma ve \u00dcretim Merkezi\u2019nde 1998 y\u0131l\u0131nda verdi\u011fi<span class=\"excerpt-hellip\"> [\u2026]<\/span><\/p>\n","protected":false},"featured_media":0,"template":"","meta":{"_monsterinsights_skip_tracking":false,"_monsterinsights_sitenote_active":false,"_monsterinsights_sitenote_note":"","_monsterinsights_sitenote_category":0},"product_brand":[],"product_cat":[12312,12304],"product_tag":[],"class_list":{"0":"post-699613","1":"product","2":"type-product","3":"status-publish","5":"product_cat-diger","6":"product_cat-tarih","7":"pa_cilt-ciltsiz","8":"pa_tur-kitap","9":"pa_yayinevi-iletisim-yayinlari","10":"pa_yazar-ulus-baker","12":"first","13":"instock","14":"sale","15":"shipping-taxable","16":"purchasable","17":"product-type-simple"},"_links":{"self":[{"href":"https:\/\/roveyayinevi.com.tr\/index.php\/wp-json\/wp\/v2\/product\/699613","targetHints":{"allow":["GET"]}}],"collection":[{"href":"https:\/\/roveyayinevi.com.tr\/index.php\/wp-json\/wp\/v2\/product"}],"about":[{"href":"https:\/\/roveyayinevi.com.tr\/index.php\/wp-json\/wp\/v2\/types\/product"}],"wp:attachment":[{"href":"https:\/\/roveyayinevi.com.tr\/index.php\/wp-json\/wp\/v2\/media?parent=699613"}],"wp:term":[{"taxonomy":"product_brand","embeddable":true,"href":"https:\/\/roveyayinevi.com.tr\/index.php\/wp-json\/wp\/v2\/product_brand?post=699613"},{"taxonomy":"product_cat","embeddable":true,"href":"https:\/\/roveyayinevi.com.tr\/index.php\/wp-json\/wp\/v2\/product_cat?post=699613"},{"taxonomy":"product_tag","embeddable":true,"href":"https:\/\/roveyayinevi.com.tr\/index.php\/wp-json\/wp\/v2\/product_tag?post=699613"}],"curies":[{"name":"wp","href":"https:\/\/api.w.org\/{rel}","templated":true}]}}