{"id":699612,"date":"2025-08-27T14:52:02","date_gmt":"2025-08-27T11:52:02","guid":{"rendered":"https:\/\/roveyayinevi.com.tr\/index.php\/urun\/elveda-gulsari\/"},"modified":"2026-04-16T02:08:52","modified_gmt":"2026-04-15T23:08:52","slug":"elveda-gulsari","status":"publish","type":"product","link":"https:\/\/roveyayinevi.com.tr\/index.php\/urun\/elveda-gulsari\/","title":{"rendered":"Elveda G\u00fclsar\u0131"},"content":{"rendered":"<p>Elveda G\u00fclsar\u0131, \u00fcnl\u00fc yazar Cengiz Aytmatov&#8217;un en g\u00fczel romanlar\u0131ndan biridir. Cins ve \u00fcnl\u00fc bir yorga olan G\u00fclsar\u0131 ad\u0131ndaki at\u0131n do\u011fumundan, ya\u015flanarak \u00f6l\u00fcm\u00fcne kadar ge\u00e7en f\u0131rt\u0131nal\u0131 hayat maceras\u0131, roman\u0131n ana konusu gibi g\u00f6r\u00fcn\u00fcr. Ama, at\u0131n sahibi Tanabay&#8217;\u0131n ve Tanabay gibi devrime inanm\u0131\u015f K\u0131rg\u0131z gen\u00e7lerinin hayat\u0131, daha az \u00e7alkant\u0131l\u0131, daha az \u00e7ileli ge\u00e7memi\u015ftir. Bunu, Tanabay&#8217;\u0131n, can \u00e7eki\u015fen sevgili at\u0131n\u0131n ba\u015f\u0131nda, y\u00fcre\u011fi \u00fcz\u00fcnt\u00fclerle dolu olarak ge\u00e7irdi\u011fi bir ka\u00e7 saatlik s\u00fcre i\u00e7inde kendisiyle, ge\u00e7mi\u015fiyle hesapla\u015fmas\u0131ndan anl\u0131yoruz.Tanabay, o bir ka\u00e7 saatlik s\u00fcre i\u00e7inde kendi \u00e7ocuklu\u011funu, gen\u00e7li\u011fini ve ya\u015fl\u0131l\u0131\u011f\u0131n\u0131, sevin\u00e7 ve ac\u0131lar\u0131yla, umut ve umutsuzluklar\u0131yla, sevap ve g\u00fcnahlar\u0131yla yeniden ya\u015f\u0131yormu\u015f gibi hayalinde canland\u0131r\u0131r. O kendini devrime, mutlu yar\u0131nlara adam\u0131\u015f, ama siyas\u00ee rejim onun \u00f6mr\u00fcn\u00fc mutsuzluklar ve s\u0131k\u0131nt\u0131lar i\u00e7inde ge\u00e7irmesine sebep olmu\u015ftur.Aytmatov, kendine \u00f6zg\u00fc anlat\u0131m bi\u00e7imi ve g\u00fcc\u00fc ile, K\u0131rg\u0131z-Kazak ellerinin do\u011fas\u0131n\u0131, K\u0131rg\u0131z-Kazak T\u00fcrklerinin t\u00f6resini ve folklorunu da pek canl\u0131 olarak g\u00f6zler \u00f6n\u00fcne seriyor. A\u015fk ve heyecan, \u00e7arp\u0131c\u0131 \u00f6rneklerle ele\u015ftiri, okur i\u00e7in derin edebi haz, yazar\u0131n bu eserinde yo\u011fun olarak vard\u0131r. Tanabay&#8217;\u0131n o \u00e7ok \u00f6zverili ama \u00e7ileli hayat\u0131n\u0131 okurken, onun gen\u00e7li\u011finde y\u00fcrekten ba\u011fland\u0131\u011f\u0131 bir siyas\u00ee rejimin, kom\u00fcnizmin, can \u00e7eki\u015fti\u011fini, bug\u00fcnk\u00fc da\u011f\u0131lma ya da \u00e7\u00f6k\u00fc\u015f\u00fcn ka\u00e7\u0131n\u0131lmazl\u0131\u011f\u0131n\u0131 da g\u00f6r\u00fcyoruz. <\/p>\n","protected":false},"excerpt":{"rendered":"<p>Elveda G\u00fclsar\u0131, \u00fcnl\u00fc yazar Cengiz Aytmatov&#8217;un en g\u00fczel romanlar\u0131ndan biridir. Cins ve \u00fcnl\u00fc bir yorga olan G\u00fclsar\u0131 ad\u0131ndaki at\u0131n do\u011fumundan, ya\u015flanarak \u00f6l\u00fcm\u00fcne kadar ge\u00e7en f\u0131rt\u0131nal\u0131 hayat<span class=\"excerpt-hellip\"> [\u2026]<\/span><\/p>\n","protected":false},"featured_media":0,"template":"","meta":{"_monsterinsights_skip_tracking":false,"_monsterinsights_sitenote_active":false,"_monsterinsights_sitenote_note":"","_monsterinsights_sitenote_category":0},"product_brand":[],"product_cat":[12291,12711],"product_tag":[],"class_list":{"0":"post-699612","1":"product","2":"type-product","3":"status-publish","5":"product_cat-edebiyat","6":"product_cat-roman-oyku","7":"pa_cilt-ciltsiz","8":"pa_tur-kitap","9":"pa_yayinevi-otuken-nesriyat","10":"pa_yazar-cengiz-aytmatov","12":"first","13":"instock","14":"sale","15":"shipping-taxable","16":"purchasable","17":"product-type-simple"},"_links":{"self":[{"href":"https:\/\/roveyayinevi.com.tr\/index.php\/wp-json\/wp\/v2\/product\/699612","targetHints":{"allow":["GET"]}}],"collection":[{"href":"https:\/\/roveyayinevi.com.tr\/index.php\/wp-json\/wp\/v2\/product"}],"about":[{"href":"https:\/\/roveyayinevi.com.tr\/index.php\/wp-json\/wp\/v2\/types\/product"}],"wp:attachment":[{"href":"https:\/\/roveyayinevi.com.tr\/index.php\/wp-json\/wp\/v2\/media?parent=699612"}],"wp:term":[{"taxonomy":"product_brand","embeddable":true,"href":"https:\/\/roveyayinevi.com.tr\/index.php\/wp-json\/wp\/v2\/product_brand?post=699612"},{"taxonomy":"product_cat","embeddable":true,"href":"https:\/\/roveyayinevi.com.tr\/index.php\/wp-json\/wp\/v2\/product_cat?post=699612"},{"taxonomy":"product_tag","embeddable":true,"href":"https:\/\/roveyayinevi.com.tr\/index.php\/wp-json\/wp\/v2\/product_tag?post=699612"}],"curies":[{"name":"wp","href":"https:\/\/api.w.org\/{rel}","templated":true}]}}