{"id":699611,"date":"2025-08-27T14:52:02","date_gmt":"2025-08-27T11:52:02","guid":{"rendered":"https:\/\/roveyayinevi.com.tr\/index.php\/urun\/grapon-kagitlari\/"},"modified":"2026-04-16T02:08:52","modified_gmt":"2026-04-15T23:08:52","slug":"grapon-kagitlari","status":"publish","type":"product","link":"https:\/\/roveyayinevi.com.tr\/index.php\/urun\/grapon-kagitlari\/","title":{"rendered":"Grapon Ka\u011f\u0131tlar\u0131"},"content":{"rendered":"<p>Ge\u00e7en y\u0131l aram\u0131zdan ayr\u0131lan \u015fair Didem Madak&#8217;\u0131n yay\u0131mlanm\u0131\u015f \u00fc\u00e7 kitab\u0131 vard\u0131r: Grapon K\u00e2\u011f\u0131tlar\u0131, Ah&#8217;lar A\u011fac\u0131 ve Pulbiber Mahallesi. Bir s\u00fcredir bask\u0131s\u0131 olmayan ve okurlar taraf\u0131ndan \u0131srarla aranan kitaplar\u0131n yeni bas\u0131m\u0131n\u0131 yapt\u0131k.<\/p>\n","protected":false},"excerpt":{"rendered":"<p>Ge\u00e7en y\u0131l aram\u0131zdan ayr\u0131lan \u015fair Didem Madak&#8217;\u0131n yay\u0131mlanm\u0131\u015f \u00fc\u00e7 kitab\u0131 vard\u0131r: Grapon K\u00e2\u011f\u0131tlar\u0131, Ah&#8217;lar A\u011fac\u0131 ve Pulbiber Mahallesi. Bir s\u00fcredir bask\u0131s\u0131 olmayan ve okurlar taraf\u0131ndan \u0131srarla<span class=\"excerpt-hellip\"> [\u2026]<\/span><\/p>\n","protected":false},"featured_media":0,"template":"","meta":{"_monsterinsights_skip_tracking":false,"_monsterinsights_sitenote_active":false,"_monsterinsights_sitenote_note":"","_monsterinsights_sitenote_category":0},"product_brand":[],"product_cat":[12291,12509],"product_tag":[],"class_list":{"0":"post-699611","1":"product","2":"type-product","3":"status-publish","5":"product_cat-edebiyat","6":"product_cat-siir","7":"pa_cilt-ciltsiz","8":"pa_tur-kitap","9":"pa_yayinevi-metis-yayinlari","10":"pa_yazar-didem-madak","12":"first","13":"instock","14":"sale","15":"shipping-taxable","16":"purchasable","17":"product-type-simple"},"_links":{"self":[{"href":"https:\/\/roveyayinevi.com.tr\/index.php\/wp-json\/wp\/v2\/product\/699611","targetHints":{"allow":["GET"]}}],"collection":[{"href":"https:\/\/roveyayinevi.com.tr\/index.php\/wp-json\/wp\/v2\/product"}],"about":[{"href":"https:\/\/roveyayinevi.com.tr\/index.php\/wp-json\/wp\/v2\/types\/product"}],"wp:attachment":[{"href":"https:\/\/roveyayinevi.com.tr\/index.php\/wp-json\/wp\/v2\/media?parent=699611"}],"wp:term":[{"taxonomy":"product_brand","embeddable":true,"href":"https:\/\/roveyayinevi.com.tr\/index.php\/wp-json\/wp\/v2\/product_brand?post=699611"},{"taxonomy":"product_cat","embeddable":true,"href":"https:\/\/roveyayinevi.com.tr\/index.php\/wp-json\/wp\/v2\/product_cat?post=699611"},{"taxonomy":"product_tag","embeddable":true,"href":"https:\/\/roveyayinevi.com.tr\/index.php\/wp-json\/wp\/v2\/product_tag?post=699611"}],"curies":[{"name":"wp","href":"https:\/\/api.w.org\/{rel}","templated":true}]}}