{"id":699604,"date":"2025-08-27T14:51:59","date_gmt":"2025-08-27T11:51:59","guid":{"rendered":"https:\/\/roveyayinevi.com.tr\/index.php\/urun\/koruma-sorunlarimiz\/"},"modified":"2026-04-16T02:08:51","modified_gmt":"2026-04-15T23:08:51","slug":"koruma-sorunlarimiz","status":"publish","type":"product","link":"https:\/\/roveyayinevi.com.tr\/index.php\/urun\/koruma-sorunlarimiz\/","title":{"rendered":"Koruma Sorunlar\u0131m\u0131z"},"content":{"rendered":"<p>K\u00fclt\u00fcr ve Tabiat Varl\u0131klar\u0131n\u0131 Koruma kurullar\u0131nda, \u00fcye ve ba\u015fkan olarak 26 y\u0131la yak\u0131n g\u00f6rev yapt\u0131m. Ku\u015fkusuz bu s\u00fcre zarf\u0131nda \u00e7e\u015fitli kararlara imza att\u0131m. Onaylad\u0131\u011f\u0131m kararlar\u0131n, elimden geldi\u011fince, koruma yasas\u0131na ve ilke kararlar\u0131na uygun olmas\u0131na \u00f6zen g\u00f6sterdim. Koruma ile ilgili g\u00f6r\u00fc\u015flerimi meslek hayat\u0131m boyunca gazetelerde, \u00e7e\u015fitli kitap ve dergilerde dile getirdim. \u00dclkemiz koruma politikas\u0131ndaki \u00f6nemli sorunlar\u0131, yine \u00e7e\u015fitli s\u00f6yle\u015filerde ortaya koymaya \u00e7al\u0131\u015ft\u0131m.Elinizdeki \u00e7al\u0131\u015fmada, hem koruma hem de kentle\u015fme konular\u0131ndaki makale ve s\u00f6yle\u015filerimin bir b\u00f6l\u00fcm\u00fcn\u00fc toplad\u0131m. Amac\u0131m, \u00f6zellikle gen\u00e7 ku\u015faklar\u0131n, koruma konusunda daha duyarl\u0131, daha evrensel ve \u00fclke ko\u015fullar\u0131na daha uygun yakla\u015f\u0131mlar geli\u015ftirmelerine yard\u0131mc\u0131 olmakt\u0131r\u2026 <\/p>\n","protected":false},"excerpt":{"rendered":"<p>K\u00fclt\u00fcr ve Tabiat Varl\u0131klar\u0131n\u0131 Koruma kurullar\u0131nda, \u00fcye ve ba\u015fkan olarak 26 y\u0131la yak\u0131n g\u00f6rev yapt\u0131m. Ku\u015fkusuz bu s\u00fcre zarf\u0131nda \u00e7e\u015fitli kararlara imza att\u0131m. Onaylad\u0131\u011f\u0131m kararlar\u0131n, elimden<span class=\"excerpt-hellip\"> [\u2026]<\/span><\/p>\n","protected":false},"featured_media":0,"template":"","meta":{"_monsterinsights_skip_tracking":false,"_monsterinsights_sitenote_active":false,"_monsterinsights_sitenote_note":"","_monsterinsights_sitenote_category":0},"product_brand":[],"product_cat":[19373,12408],"product_tag":[],"class_list":{"0":"post-699604","1":"product","2":"type-product","3":"status-publish","5":"product_cat-grafik-sanatlar","6":"product_cat-sanat","7":"pa_tur-kitap","8":"pa_yayinevi-cumhuriyet-kitaplari","9":"pa_yazar-mete-tapan","11":"first","12":"instock","13":"sale","14":"shipping-taxable","15":"purchasable","16":"product-type-simple"},"_links":{"self":[{"href":"https:\/\/roveyayinevi.com.tr\/index.php\/wp-json\/wp\/v2\/product\/699604","targetHints":{"allow":["GET"]}}],"collection":[{"href":"https:\/\/roveyayinevi.com.tr\/index.php\/wp-json\/wp\/v2\/product"}],"about":[{"href":"https:\/\/roveyayinevi.com.tr\/index.php\/wp-json\/wp\/v2\/types\/product"}],"wp:attachment":[{"href":"https:\/\/roveyayinevi.com.tr\/index.php\/wp-json\/wp\/v2\/media?parent=699604"}],"wp:term":[{"taxonomy":"product_brand","embeddable":true,"href":"https:\/\/roveyayinevi.com.tr\/index.php\/wp-json\/wp\/v2\/product_brand?post=699604"},{"taxonomy":"product_cat","embeddable":true,"href":"https:\/\/roveyayinevi.com.tr\/index.php\/wp-json\/wp\/v2\/product_cat?post=699604"},{"taxonomy":"product_tag","embeddable":true,"href":"https:\/\/roveyayinevi.com.tr\/index.php\/wp-json\/wp\/v2\/product_tag?post=699604"}],"curies":[{"name":"wp","href":"https:\/\/api.w.org\/{rel}","templated":true}]}}