{"id":699602,"date":"2025-08-27T14:51:59","date_gmt":"2025-08-27T11:51:59","guid":{"rendered":"https:\/\/roveyayinevi.com.tr\/index.php\/urun\/sen-u-ben\/"},"modified":"2026-04-16T02:08:51","modified_gmt":"2026-04-15T23:08:51","slug":"sen-u-ben","status":"publish","type":"product","link":"https:\/\/roveyayinevi.com.tr\/index.php\/urun\/sen-u-ben\/","title":{"rendered":"Sen \u00fc Ben"},"content":{"rendered":"<p>\u00c7o\u011fu zaman bir yazar\u0131n ya\u015fam \u00f6yk\u00fcs\u00fcn\u00fc okurken yap\u0131tlar\u0131n\u0131n hik\u00e2yesini okuruz adeta. Ama bazen ba\u015fyap\u0131t haline getirilmi\u015f ya\u015fam \u00f6yk\u00fcleriyle de kar\u015f\u0131la\u015f\u0131r\u0131z. H\u00fcz\u00fcnleri, sevin\u00e7leri, ac\u0131 ve y\u0131k\u0131mlar\u0131yla, m\u00fccadelesiyle destans\u0131 bir ya\u015famd\u0131r kar\u015f\u0131m\u0131zdaki&#8230; T\u0131pk\u0131 elimizdeki kitapta oldu\u011fu gibi&#8230; Mehmed Uzun ve Muhsin K\u0131z\u0131lkaya&#8230; 90\u2019l\u0131 y\u0131llar\u0131n ba\u015flar\u0131nda yollar\u0131 \u0130stanbul\u2019da kesi\u015fen iki gen\u00e7 yazar. \u00d6nce arkada\u015f, sonra yazar-\u00e7evirmen, daha sonra h\u0131s\u0131m akraba&#8230; Modern K\u00fcrt roman\u0131n\u0131n yarat\u0131c\u0131s\u0131 Mehmed Uzun\u2019un s\u00fcrg\u00fcnde, \u0130sve\u00e7te, memleket hasreti i\u00e7inde yazd\u0131\u011f\u0131 K\u00fcrt\u00e7e romanlar\u0131, Muhsin K\u0131z\u0131lkaya \u0130stanbul\u2019da T\u00fcrk\u00e7eye \u00e7evirdi. \u00c7ok k\u0131sa bir s\u00fcre i\u00e7inde b\u00fcy\u00fcl\u00fc bir okur kitlesi yaratt\u0131lar. Muhsin K\u0131z\u0131lkaya, Mehmed Uzun\u2019la ya\u015fad\u0131\u011f\u0131 bu  uzun  on be\u015f y\u0131l\u0131n hik\u00e2yesini, hayat\u0131 e\u015fli\u011finde, son derece sanatl\u0131 bir \u00fcslup ve bi\u00e7imle kaleme ald\u0131. Roman tad\u0131nda bir kitapla, hazine de\u011ferindeki bu an\u0131lar\u0131 g\u00fcn \u0131\u015f\u0131\u011f\u0131na \u00e7\u0131kard\u0131. <\/p>\n","protected":false},"excerpt":{"rendered":"<p>\u00c7o\u011fu zaman bir yazar\u0131n ya\u015fam \u00f6yk\u00fcs\u00fcn\u00fc okurken yap\u0131tlar\u0131n\u0131n hik\u00e2yesini okuruz adeta. Ama bazen ba\u015fyap\u0131t haline getirilmi\u015f ya\u015fam \u00f6yk\u00fcleriyle de kar\u015f\u0131la\u015f\u0131r\u0131z. H\u00fcz\u00fcnleri, sevin\u00e7leri, ac\u0131 ve y\u0131k\u0131mlar\u0131yla, m\u00fccadelesiyle<span class=\"excerpt-hellip\"> [\u2026]<\/span><\/p>\n","protected":false},"featured_media":0,"template":"","meta":{"_monsterinsights_skip_tracking":false,"_monsterinsights_sitenote_active":false,"_monsterinsights_sitenote_note":"","_monsterinsights_sitenote_category":0},"product_brand":[],"product_cat":[12782,12291],"product_tag":[],"class_list":{"0":"post-699602","1":"product","2":"type-product","3":"status-publish","5":"product_cat-alman-edebiyati","6":"product_cat-edebiyat","7":"pa_tur-kitap","8":"pa_yayinevi-ithaki-yayinlari","9":"pa_yazar-muhsin-kzilkaya","11":"first","12":"instock","13":"sale","14":"shipping-taxable","15":"purchasable","16":"product-type-simple"},"_links":{"self":[{"href":"https:\/\/roveyayinevi.com.tr\/index.php\/wp-json\/wp\/v2\/product\/699602","targetHints":{"allow":["GET"]}}],"collection":[{"href":"https:\/\/roveyayinevi.com.tr\/index.php\/wp-json\/wp\/v2\/product"}],"about":[{"href":"https:\/\/roveyayinevi.com.tr\/index.php\/wp-json\/wp\/v2\/types\/product"}],"wp:attachment":[{"href":"https:\/\/roveyayinevi.com.tr\/index.php\/wp-json\/wp\/v2\/media?parent=699602"}],"wp:term":[{"taxonomy":"product_brand","embeddable":true,"href":"https:\/\/roveyayinevi.com.tr\/index.php\/wp-json\/wp\/v2\/product_brand?post=699602"},{"taxonomy":"product_cat","embeddable":true,"href":"https:\/\/roveyayinevi.com.tr\/index.php\/wp-json\/wp\/v2\/product_cat?post=699602"},{"taxonomy":"product_tag","embeddable":true,"href":"https:\/\/roveyayinevi.com.tr\/index.php\/wp-json\/wp\/v2\/product_tag?post=699602"}],"curies":[{"name":"wp","href":"https:\/\/api.w.org\/{rel}","templated":true}]}}