{"id":699601,"date":"2025-08-27T14:51:59","date_gmt":"2025-08-27T11:51:59","guid":{"rendered":"https:\/\/roveyayinevi.com.tr\/index.php\/urun\/kulluk-kitabi\/"},"modified":"2026-04-16T02:08:51","modified_gmt":"2026-04-15T23:08:51","slug":"kulluk-kitabi","status":"publish","type":"product","link":"https:\/\/roveyayinevi.com.tr\/index.php\/urun\/kulluk-kitabi\/","title":{"rendered":"Kulluk Kitab\u0131"},"content":{"rendered":"<p>&#8220;\u0130lim, apa\u00e7\u0131k bir sualdir. A\u015fk ise gizli bir cevaba benzer.&#8221;Muhammed \u0130kbalDerin bir a\u015fk\u0131n tek heceli mahs\u00fcl\u00fc i\u00e7inde tefekk\u00fcr k\u00e2inat\u0131n\u0131 gizleyen adam&#8230;Madde ve akl\u0131n ba\u015f d\u00f6nd\u00fcr\u00fcc\u00fc bir s\u00fcratle gemi az\u0131ya ald\u0131\u011f\u0131 bir devirde iman\u0131n\u0131n b\u00fct\u00fcn kudreti, a\u015fk\u0131n\u0131n b\u00fct\u00fcn heyecan\u0131 ile feryat eden \u0130kbal, u\u00e7uruma giden insanl\u0131\u011f\u0131 &#8220;g\u00f6n\u00fcl&#8221; denen \u00e2leme \u00e7a\u011f\u0131rd\u0131. Hitab\u0131 genelde t\u00fcm insanl\u0131\u011fa, \u00f6zelde yabanc\u0131 esareti alt\u0131ndaki Hint M\u00fcsl\u00fcmanlar\u0131na idi. Emeli, insanl\u0131\u011fa \u0130slam&#8217;\u0131n h\u00fcr, asil ve kahraman ruhunu a\u015f\u0131lamak olan b\u00fcy\u00fck d\u00fc\u015f\u00fcn\u00fcr\u00fcn feryad\u0131, bug\u00fcn\u00fcn insan\u0131n\u0131 da ku\u015fat\u0131yor.Kulluk Kitab\u0131, kainat\u0131n kabu\u011funu delip ta kalbine varmak isteyen \u0130kbal&#8217;in Hicaz Arma\u011fan\u0131, Yeni G\u00fcl\u015fen-i Raz, Kulluk Kitab\u0131 ve Musa Vuru\u015fu isimli eserlerinden olu\u015fuyor. <\/p>\n","protected":false},"excerpt":{"rendered":"<p>&#8220;\u0130lim, apa\u00e7\u0131k bir sualdir. A\u015fk ise gizli bir cevaba benzer.&#8221;Muhammed \u0130kbalDerin bir a\u015fk\u0131n tek heceli mahs\u00fcl\u00fc i\u00e7inde tefekk\u00fcr k\u00e2inat\u0131n\u0131 gizleyen adam&#8230;Madde ve akl\u0131n ba\u015f d\u00f6nd\u00fcr\u00fcc\u00fc bir<span class=\"excerpt-hellip\"> [\u2026]<\/span><\/p>\n","protected":false},"featured_media":0,"template":"","meta":{"_monsterinsights_skip_tracking":false,"_monsterinsights_sitenote_active":false,"_monsterinsights_sitenote_note":"","_monsterinsights_sitenote_category":0},"product_brand":[],"product_cat":[12718,12719,15238],"product_tag":[],"class_list":{"0":"post-699601","1":"product","2":"type-product","3":"status-publish","5":"product_cat-din","6":"product_cat-islam","7":"product_cat-tasavvuf","8":"pa_cilt-ciltsiz","9":"pa_tur-kitap","10":"pa_yayinevi-timas-yayinlari","11":"pa_yazar-muhammed-ikbal","13":"first","14":"instock","15":"sale","16":"shipping-taxable","17":"purchasable","18":"product-type-simple"},"_links":{"self":[{"href":"https:\/\/roveyayinevi.com.tr\/index.php\/wp-json\/wp\/v2\/product\/699601","targetHints":{"allow":["GET"]}}],"collection":[{"href":"https:\/\/roveyayinevi.com.tr\/index.php\/wp-json\/wp\/v2\/product"}],"about":[{"href":"https:\/\/roveyayinevi.com.tr\/index.php\/wp-json\/wp\/v2\/types\/product"}],"wp:attachment":[{"href":"https:\/\/roveyayinevi.com.tr\/index.php\/wp-json\/wp\/v2\/media?parent=699601"}],"wp:term":[{"taxonomy":"product_brand","embeddable":true,"href":"https:\/\/roveyayinevi.com.tr\/index.php\/wp-json\/wp\/v2\/product_brand?post=699601"},{"taxonomy":"product_cat","embeddable":true,"href":"https:\/\/roveyayinevi.com.tr\/index.php\/wp-json\/wp\/v2\/product_cat?post=699601"},{"taxonomy":"product_tag","embeddable":true,"href":"https:\/\/roveyayinevi.com.tr\/index.php\/wp-json\/wp\/v2\/product_tag?post=699601"}],"curies":[{"name":"wp","href":"https:\/\/api.w.org\/{rel}","templated":true}]}}