{"id":699597,"date":"2025-08-27T14:51:57","date_gmt":"2025-08-27T11:51:57","guid":{"rendered":"https:\/\/roveyayinevi.com.tr\/index.php\/urun\/yuzyuz\/"},"modified":"2026-04-16T02:08:51","modified_gmt":"2026-04-15T23:08:51","slug":"yuzyuz","status":"publish","type":"product","link":"https:\/\/roveyayinevi.com.tr\/index.php\/urun\/yuzyuz\/","title":{"rendered":"Y\u00fczy\u00fcz"},"content":{"rendered":"<p>&#8220;Biz&#8221;ken bir ba\u015fkay\u0131z! Y\u00fczy\u00fcz, derin sular\u0131n, k\u00fc\u00e7\u00fck k\u0131rm\u0131z\u0131 bal\u0131klar\u0131n siyah karde\u015fidir. Karde\u015fleri b\u00fcy\u00fck bir ton bal\u0131\u011f\u0131 taraf\u0131ndan yutulunca bu g\u00fczel sularda tek ba\u015f\u0131na kal\u0131r. Ta ki bir kenarda b\u00fcy\u00fck bal\u0131ktan saklanan yeni dostlar\u0131na rastlayana dek. Art\u0131k Y\u00fczy\u00fcz yaln\u0131z de\u011fildir, \u00fcstelik biraz cesaret ve \u00e7abayla neler yap\u0131labilece\u011fi konusunda baz\u0131 ilgin\u00e7 fikirleri vard\u0131r. Y\u00fczy\u00fcz: Bir deha, liderlik ve dayan\u0131\u015fma methiyesi. Yay\u0131mlan\u0131\u015f\u0131n\u0131n 50. y\u0131l\u0131n\u0131 kutlayan Y\u00fczy\u00fcz (Swimmy), birbirimize dayanarak biz olman\u0131n, yarat\u0131c\u0131l\u0131k ve s\u0131k\u0131 \u00e7al\u0131\u015fman\u0131n beraberinde getirdiklerini \u015fiirsel anlat\u0131m\u0131yla g\u00f6zler \u00f6n\u00fcne seren \u00f6d\u00fcll\u00fc bir klasik. <\/p>\n","protected":false},"excerpt":{"rendered":"<p>&#8220;Biz&#8221;ken bir ba\u015fkay\u0131z! Y\u00fczy\u00fcz, derin sular\u0131n, k\u00fc\u00e7\u00fck k\u0131rm\u0131z\u0131 bal\u0131klar\u0131n siyah karde\u015fidir. Karde\u015fleri b\u00fcy\u00fck bir ton bal\u0131\u011f\u0131 taraf\u0131ndan yutulunca bu g\u00fczel sularda tek ba\u015f\u0131na kal\u0131r. Ta ki<span class=\"excerpt-hellip\"> [\u2026]<\/span><\/p>\n","protected":false},"featured_media":0,"template":"","meta":{"_monsterinsights_skip_tracking":false,"_monsterinsights_sitenote_active":false,"_monsterinsights_sitenote_note":"","_monsterinsights_sitenote_category":0},"product_brand":[],"product_cat":[12275,12274],"product_tag":[],"class_list":{"0":"post-699597","1":"product","2":"type-product","3":"status-publish","5":"product_cat-6-12-yas-kitaplari","6":"product_cat-cocuk-ve-genclik-kitaplari","7":"pa_cilt-ciltsiz","8":"pa_tur-kitap","9":"pa_yayinevi-elma-cocuk","10":"pa_yazar-leo-lionni","12":"first","13":"instock","14":"sale","15":"shipping-taxable","16":"purchasable","17":"product-type-simple"},"_links":{"self":[{"href":"https:\/\/roveyayinevi.com.tr\/index.php\/wp-json\/wp\/v2\/product\/699597","targetHints":{"allow":["GET"]}}],"collection":[{"href":"https:\/\/roveyayinevi.com.tr\/index.php\/wp-json\/wp\/v2\/product"}],"about":[{"href":"https:\/\/roveyayinevi.com.tr\/index.php\/wp-json\/wp\/v2\/types\/product"}],"wp:attachment":[{"href":"https:\/\/roveyayinevi.com.tr\/index.php\/wp-json\/wp\/v2\/media?parent=699597"}],"wp:term":[{"taxonomy":"product_brand","embeddable":true,"href":"https:\/\/roveyayinevi.com.tr\/index.php\/wp-json\/wp\/v2\/product_brand?post=699597"},{"taxonomy":"product_cat","embeddable":true,"href":"https:\/\/roveyayinevi.com.tr\/index.php\/wp-json\/wp\/v2\/product_cat?post=699597"},{"taxonomy":"product_tag","embeddable":true,"href":"https:\/\/roveyayinevi.com.tr\/index.php\/wp-json\/wp\/v2\/product_tag?post=699597"}],"curies":[{"name":"wp","href":"https:\/\/api.w.org\/{rel}","templated":true}]}}