{"id":699596,"date":"2025-08-27T14:51:57","date_gmt":"2025-08-27T11:51:57","guid":{"rendered":"https:\/\/roveyayinevi.com.tr\/index.php\/urun\/afrikali-leo\/"},"modified":"2026-04-16T02:08:51","modified_gmt":"2026-04-15T23:08:51","slug":"afrikali-leo","status":"publish","type":"product","link":"https:\/\/roveyayinevi.com.tr\/index.php\/urun\/afrikali-leo\/","title":{"rendered":"Afrikal\u0131 Leo"},"content":{"rendered":"<p>Afrikali Leo, ger\u00e7ek bir ya\u015fam \u00f6yk\u00fcs\u00fcnden \u00e7\u0131kar\u0131lm\u0131\u015f d\u00fc\u015fsel bir ya\u015fam\u00f6yk\u00fcs\u00fc: Bir berberin s\u00fcnnet etti\u011fi, bir Papan\u0131n vaftiz etti\u011fi Hasan ibn Muhammed el-Vezzan ez-Zeyyati alias\/nam\u0131di\u011fer Giovanni Leone de Medici&#8217;nin, Leo Africanus yani Afrikal\u0131 Leo&#8217;nun \u00f6zya\u015fam\u00f6yk\u00fcs\u00fc -yazm\u0131\u015f olsayd\u0131 yazaca\u011f\u0131 gibi&#8230; Amin Maalouf, bu ilk roman\u0131nda -daha sonra Semerkant, Tanios Kayas\u0131, Do\u011fu&#8217;nun Limanlar\u0131, Y\u00fcz\u00fcnc\u00fc Ad ve \u00f6teki romanlar\u0131nda da yapaca\u011f\u0131 gibi- tarihle\/ tarihten ola\u011fan\u00fcst\u00fc bir hal\u0131 dokuyor. Bir u\u00e7an hal\u0131&#8230; <\/p>\n","protected":false},"excerpt":{"rendered":"<p>Afrikali Leo, ger\u00e7ek bir ya\u015fam \u00f6yk\u00fcs\u00fcnden \u00e7\u0131kar\u0131lm\u0131\u015f d\u00fc\u015fsel bir ya\u015fam\u00f6yk\u00fcs\u00fc: Bir berberin s\u00fcnnet etti\u011fi, bir Papan\u0131n vaftiz etti\u011fi Hasan ibn Muhammed el-Vezzan ez-Zeyyati alias\/nam\u0131di\u011fer Giovanni Leone<span class=\"excerpt-hellip\"> [\u2026]<\/span><\/p>\n","protected":false},"featured_media":0,"template":"","meta":{"_monsterinsights_skip_tracking":false,"_monsterinsights_sitenote_active":false,"_monsterinsights_sitenote_note":"","_monsterinsights_sitenote_category":0},"product_brand":[],"product_cat":[13661,12291],"product_tag":[],"class_list":{"0":"post-699596","1":"product","2":"type-product","3":"status-publish","5":"product_cat-diger-ulke-edebiyatlari","6":"product_cat-edebiyat","7":"pa_cilt-ciltsiz","8":"pa_tur-kitap","9":"pa_yayinevi-yapi-kredi-yayinlari","10":"pa_yazar-amin-maalouf","12":"first","13":"instock","14":"sale","15":"shipping-taxable","16":"purchasable","17":"product-type-simple"},"_links":{"self":[{"href":"https:\/\/roveyayinevi.com.tr\/index.php\/wp-json\/wp\/v2\/product\/699596","targetHints":{"allow":["GET"]}}],"collection":[{"href":"https:\/\/roveyayinevi.com.tr\/index.php\/wp-json\/wp\/v2\/product"}],"about":[{"href":"https:\/\/roveyayinevi.com.tr\/index.php\/wp-json\/wp\/v2\/types\/product"}],"wp:attachment":[{"href":"https:\/\/roveyayinevi.com.tr\/index.php\/wp-json\/wp\/v2\/media?parent=699596"}],"wp:term":[{"taxonomy":"product_brand","embeddable":true,"href":"https:\/\/roveyayinevi.com.tr\/index.php\/wp-json\/wp\/v2\/product_brand?post=699596"},{"taxonomy":"product_cat","embeddable":true,"href":"https:\/\/roveyayinevi.com.tr\/index.php\/wp-json\/wp\/v2\/product_cat?post=699596"},{"taxonomy":"product_tag","embeddable":true,"href":"https:\/\/roveyayinevi.com.tr\/index.php\/wp-json\/wp\/v2\/product_tag?post=699596"}],"curies":[{"name":"wp","href":"https:\/\/api.w.org\/{rel}","templated":true}]}}