{"id":699595,"date":"2025-08-27T14:51:56","date_gmt":"2025-08-27T11:51:56","guid":{"rendered":"https:\/\/roveyayinevi.com.tr\/index.php\/urun\/afrika-dansi\/"},"modified":"2026-04-16T02:08:51","modified_gmt":"2026-04-15T23:08:51","slug":"afrika-dansi","status":"publish","type":"product","link":"https:\/\/roveyayinevi.com.tr\/index.php\/urun\/afrika-dansi\/","title":{"rendered":"Afrika Dans\u0131"},"content":{"rendered":"<p>O karanl\u0131k \u00e7ukura bak\u0131yor\/ta i\u00e7ine bak\u0131yor\/ \u00fcz\u00fcm salk\u0131m gibi ci\u011ferlerini g\u00f6r\u00fcyor\/ \u00fcz\u00fcm salk\u0131m\u0131n\u0131n aras\u0131nda saklanm\u0131\u015f -o dibe bak\u0131yor\/ta a\u011fz\u0131n\u0131 g\u00f6r\u00fcyor\/ insan a\u011fz\u0131 gibi a\u00e7\u0131l\u0131p kapan\u0131yor\/ o dipte insan a\u011fz\u0131 gibi a\u00e7\u0131l\u0131p kapanan a\u011f\u0131z ne s\u00f6ylerse \u00f6rt\u00fcl\u00fcyor\/ne s\u00f6ylese \u00f6rt\u00fcl\u00fcyor\/denizin dibindeki yosunlar sallan\u0131yor\/ yosunlar\u0131n aras\u0131nda saklanm\u0131\u015f\/b\u00fcy\u00fcm\u00fc\u015f mor damarlar\u0131n\u0131\/k\u0131lcal \u00e7izgelerini\/\u00fcz\u00fcm salk\u0131m\u0131 gibi mor ci\u011ferlerinin aras\u0131nda saklanan b\u00fcy\u00fck s\u00fcsl\u00fc kalbine bak\u0131yor\/sonra a\u011f\u0131zdan damla damla kan geliyor\/ a\u011f\u0131z kapan\u0131yor\/ k\u0131rm\u0131z\u0131 bir denizin dibindeki kan denizi i\u00e7inden kayboluyor 1983 y\u0131l\u0131nda kalbine yenik d\u00fc\u015fen, edebiyat\u0131m\u0131z\u0131n ayr\u0131ks\u0131 sesi Sevim Burak&#8217;tan Ford Mach I, yan\u0131k Saraylar, Sahibinin Sesi ve Everest My Lord-\u0130\u015fte ba\u015f \u0130\u015fte G\u00f6vde \u0130\u015fte Kanatlar&#8217;dan sonra Afrika Dans\u0131&#8230; \ufffcTan\u0131t\u0131m Metni<\/p>\n","protected":false},"excerpt":{"rendered":"<p>O karanl\u0131k \u00e7ukura bak\u0131yor\/ta i\u00e7ine bak\u0131yor\/ \u00fcz\u00fcm salk\u0131m gibi ci\u011ferlerini g\u00f6r\u00fcyor\/ \u00fcz\u00fcm salk\u0131m\u0131n\u0131n aras\u0131nda saklanm\u0131\u015f -o dibe bak\u0131yor\/ta a\u011fz\u0131n\u0131 g\u00f6r\u00fcyor\/ insan a\u011fz\u0131 gibi a\u00e7\u0131l\u0131p kapan\u0131yor\/ o<span class=\"excerpt-hellip\"> [\u2026]<\/span><\/p>\n","protected":false},"featured_media":0,"template":"","meta":{"_monsterinsights_skip_tracking":false,"_monsterinsights_sitenote_active":false,"_monsterinsights_sitenote_note":"","_monsterinsights_sitenote_category":0},"product_brand":[],"product_cat":[12291,12292],"product_tag":[],"class_list":{"0":"post-699595","1":"product","2":"type-product","3":"status-publish","5":"product_cat-edebiyat","6":"product_cat-turk-edebiyati","7":"pa_cilt-ciltsiz","8":"pa_tur-kitap","9":"pa_yayinevi-yapi-kredi-yayinlari","10":"pa_yazar-sevim-burak","12":"first","13":"instock","14":"sale","15":"shipping-taxable","16":"purchasable","17":"product-type-simple"},"_links":{"self":[{"href":"https:\/\/roveyayinevi.com.tr\/index.php\/wp-json\/wp\/v2\/product\/699595","targetHints":{"allow":["GET"]}}],"collection":[{"href":"https:\/\/roveyayinevi.com.tr\/index.php\/wp-json\/wp\/v2\/product"}],"about":[{"href":"https:\/\/roveyayinevi.com.tr\/index.php\/wp-json\/wp\/v2\/types\/product"}],"wp:attachment":[{"href":"https:\/\/roveyayinevi.com.tr\/index.php\/wp-json\/wp\/v2\/media?parent=699595"}],"wp:term":[{"taxonomy":"product_brand","embeddable":true,"href":"https:\/\/roveyayinevi.com.tr\/index.php\/wp-json\/wp\/v2\/product_brand?post=699595"},{"taxonomy":"product_cat","embeddable":true,"href":"https:\/\/roveyayinevi.com.tr\/index.php\/wp-json\/wp\/v2\/product_cat?post=699595"},{"taxonomy":"product_tag","embeddable":true,"href":"https:\/\/roveyayinevi.com.tr\/index.php\/wp-json\/wp\/v2\/product_tag?post=699595"}],"curies":[{"name":"wp","href":"https:\/\/api.w.org\/{rel}","templated":true}]}}