{"id":699593,"date":"2025-08-27T14:51:56","date_gmt":"2025-08-27T11:51:56","guid":{"rendered":"https:\/\/roveyayinevi.com.tr\/index.php\/urun\/inancin-zaferi-canakkale\/"},"modified":"2026-04-16T02:08:51","modified_gmt":"2026-04-15T23:08:51","slug":"inancin-zaferi-canakkale","status":"publish","type":"product","link":"https:\/\/roveyayinevi.com.tr\/index.php\/urun\/inancin-zaferi-canakkale\/","title":{"rendered":"\u0130nanc\u0131n Zaferi \u00c7anakkale"},"content":{"rendered":"<p>\u00c7anakkale\u2019de d\u00fc\u015fman, hem teknik a\u00e7\u0131dan hem de silah, m\u00fchimmat, g\u0131da ve giyecek a\u00e7\u0131s\u0131ndan m\u00fckemmeldi. D\u00fcnyan\u0131n en g\u00fc\u00e7l\u00fc armadas\u0131 ve en e\u011fitimli ordusuydu. Osmanl\u0131 Devleti ise ne askerlerinin karn\u0131n\u0131 doyurabiliyor ne de onlara yeterli m\u00fchimmat verebiliyordu. \ufffcTan\u0131t\u0131m Metni<\/p>\n","protected":false},"excerpt":{"rendered":"<p>\u00c7anakkale\u2019de d\u00fc\u015fman, hem teknik a\u00e7\u0131dan hem de silah, m\u00fchimmat, g\u0131da ve giyecek a\u00e7\u0131s\u0131ndan m\u00fckemmeldi. D\u00fcnyan\u0131n en g\u00fc\u00e7l\u00fc armadas\u0131 ve en e\u011fitimli ordusuydu. Osmanl\u0131 Devleti ise ne<span class=\"excerpt-hellip\"> [\u2026]<\/span><\/p>\n","protected":false},"featured_media":0,"template":"","meta":{"_monsterinsights_skip_tracking":false,"_monsterinsights_sitenote_active":false,"_monsterinsights_sitenote_note":"","_monsterinsights_sitenote_category":0},"product_brand":[],"product_cat":[12312,12304],"product_tag":[],"class_list":{"0":"post-699593","1":"product","2":"type-product","3":"status-publish","5":"product_cat-diger","6":"product_cat-tarih","7":"pa_tur-kitap","8":"pa_yayinevi-nesil-yayinlari","9":"pa_yazar-yavuz-bahadiroglu","11":"first","12":"instock","13":"sale","14":"shipping-taxable","15":"purchasable","16":"product-type-simple"},"_links":{"self":[{"href":"https:\/\/roveyayinevi.com.tr\/index.php\/wp-json\/wp\/v2\/product\/699593","targetHints":{"allow":["GET"]}}],"collection":[{"href":"https:\/\/roveyayinevi.com.tr\/index.php\/wp-json\/wp\/v2\/product"}],"about":[{"href":"https:\/\/roveyayinevi.com.tr\/index.php\/wp-json\/wp\/v2\/types\/product"}],"wp:attachment":[{"href":"https:\/\/roveyayinevi.com.tr\/index.php\/wp-json\/wp\/v2\/media?parent=699593"}],"wp:term":[{"taxonomy":"product_brand","embeddable":true,"href":"https:\/\/roveyayinevi.com.tr\/index.php\/wp-json\/wp\/v2\/product_brand?post=699593"},{"taxonomy":"product_cat","embeddable":true,"href":"https:\/\/roveyayinevi.com.tr\/index.php\/wp-json\/wp\/v2\/product_cat?post=699593"},{"taxonomy":"product_tag","embeddable":true,"href":"https:\/\/roveyayinevi.com.tr\/index.php\/wp-json\/wp\/v2\/product_tag?post=699593"}],"curies":[{"name":"wp","href":"https:\/\/api.w.org\/{rel}","templated":true}]}}