{"id":699591,"date":"2025-08-27T14:51:55","date_gmt":"2025-08-27T11:51:55","guid":{"rendered":"https:\/\/roveyayinevi.com.tr\/index.php\/urun\/kiyi-kardesligi-altantisin-cocuklari-2\/"},"modified":"2026-04-16T02:08:51","modified_gmt":"2026-04-15T23:08:51","slug":"kiyi-kardesligi-altantisin-cocuklari-2","status":"publish","type":"product","link":"https:\/\/roveyayinevi.com.tr\/index.php\/urun\/kiyi-kardesligi-altantisin-cocuklari-2\/","title":{"rendered":"K\u0131y\u0131 Karde\u015fli\u011fi \/ Altantis&#8217;in \u00c7ocuklar\u0131 2"},"content":{"rendered":"<p>Okullar yaz tatilinde&#8230; Ancak \u00e7evre sorunlar\u0131 aral\u0131ks\u0131z s\u00fcr\u00fcyor! \u00c7evre Karde\u015fli\u011fi ekibi tatile gittikleri Ege k\u0131y\u0131lar\u0131nda yeni bir \u00e7evre projesi ba\u015flatmaya haz\u0131rlan\u0131r. F\u0131rt\u0131nal\u0131 bir gece denizden gelen, \u201c\u0130mdat!\u201d sesleri k\u0131y\u0131larda ba\u015fka yard\u0131m bekleyenlerin de oldu\u011funu g\u00f6sterince, ekip kendini uluslararas\u0131 bir \u00e7eteyle kar\u015f\u0131 kar\u015f\u0131ya bulur. Tekin ve arkada\u015flar\u0131 do\u011faya, hayvanlara ve insanlara yap\u0131lan haks\u0131zl\u0131klarla m\u00fccadele etmeyi s\u00fcrd\u00fcr\u00fcrken, dayan\u0131\u015fmay\u0131 g\u00fc\u00e7lendirecek yeni dostlar da edinirler&#8230;   Kitaplar\u0131nda okurlar\u0131n\u0131 farkl\u0131 \u00e7a\u011flarda yolculuklara \u00e7\u0131karan Bilgin Adal\u0131&#8217;n\u0131n \u00e7ok sevilen Atlantis\u2019in \u00c7ocuklar\u0131 serisi G\u00f6zde Bitir\u2019in resimleriyle yeniden canlan\u0131yor. Serinin ikinci kitab\u0131 K\u0131y\u0131 Karde\u015fli\u011fi&#8217;nde Adal\u0131, okurlar\u0131n\u0131 gezegenimizin acil eylem gerektiren \u00e7evre kirlili\u011fi ve hayvan haklar\u0131 konusunda d\u00fc\u015f\u00fcnd\u00fcr\u00fcyor. <\/p>\n","protected":false},"excerpt":{"rendered":"<p>Okullar yaz tatilinde&#8230; Ancak \u00e7evre sorunlar\u0131 aral\u0131ks\u0131z s\u00fcr\u00fcyor! \u00c7evre Karde\u015fli\u011fi ekibi tatile gittikleri Ege k\u0131y\u0131lar\u0131nda yeni bir \u00e7evre projesi ba\u015flatmaya haz\u0131rlan\u0131r. F\u0131rt\u0131nal\u0131 bir gece denizden gelen,<span class=\"excerpt-hellip\"> [\u2026]<\/span><\/p>\n","protected":false},"featured_media":0,"template":"","meta":{"_monsterinsights_skip_tracking":false,"_monsterinsights_sitenote_active":false,"_monsterinsights_sitenote_note":"","_monsterinsights_sitenote_category":0},"product_brand":[],"product_cat":[12275,12274],"product_tag":[],"class_list":{"0":"post-699591","1":"product","2":"type-product","3":"status-publish","5":"product_cat-6-12-yas-kitaplari","6":"product_cat-cocuk-ve-genclik-kitaplari","7":"pa_cilt-ciltsiz","8":"pa_tur-kitap","9":"pa_yayinevi-can-cocuk-yayinlari","10":"pa_yazar-bilgin-adali","12":"first","13":"instock","14":"sale","15":"shipping-taxable","16":"purchasable","17":"product-type-simple"},"_links":{"self":[{"href":"https:\/\/roveyayinevi.com.tr\/index.php\/wp-json\/wp\/v2\/product\/699591","targetHints":{"allow":["GET"]}}],"collection":[{"href":"https:\/\/roveyayinevi.com.tr\/index.php\/wp-json\/wp\/v2\/product"}],"about":[{"href":"https:\/\/roveyayinevi.com.tr\/index.php\/wp-json\/wp\/v2\/types\/product"}],"wp:attachment":[{"href":"https:\/\/roveyayinevi.com.tr\/index.php\/wp-json\/wp\/v2\/media?parent=699591"}],"wp:term":[{"taxonomy":"product_brand","embeddable":true,"href":"https:\/\/roveyayinevi.com.tr\/index.php\/wp-json\/wp\/v2\/product_brand?post=699591"},{"taxonomy":"product_cat","embeddable":true,"href":"https:\/\/roveyayinevi.com.tr\/index.php\/wp-json\/wp\/v2\/product_cat?post=699591"},{"taxonomy":"product_tag","embeddable":true,"href":"https:\/\/roveyayinevi.com.tr\/index.php\/wp-json\/wp\/v2\/product_tag?post=699591"}],"curies":[{"name":"wp","href":"https:\/\/api.w.org\/{rel}","templated":true}]}}