{"id":699587,"date":"2025-08-27T14:51:54","date_gmt":"2025-08-27T11:51:54","guid":{"rendered":"https:\/\/roveyayinevi.com.tr\/index.php\/urun\/erken-bosalma-ve-tedavisi\/"},"modified":"2026-01-29T02:16:43","modified_gmt":"2026-01-28T23:16:43","slug":"erken-bosalma-ve-tedavisi","status":"publish","type":"product","link":"https:\/\/roveyayinevi.com.tr\/index.php\/urun\/erken-bosalma-ve-tedavisi\/","title":{"rendered":"Erken Bo\u015falma ve Tedavisi"},"content":{"rendered":"<p>\u201cKad\u0131n Bedeninin Cinselli\u011fi Reddedi\u015fi: Vajinismus Cinsel Terapi Uygulama El Kitab\u0131\u201d, \u201cPsikiyatri Prati\u011finde EKT\u201d adl\u0131 kitaplar\u0131ndan sonra elinizdeki \u201cERKEN BO\u015eALMA ve TEDAV\u0130S\u0130\u201d adl\u0131 bu kitap, Prof. Dr. Cebrail K\u0131sa\u2019n\u0131n \u00fc\u00e7\u00fcnc\u00fc eseridir. Bu kitap cinsellik hakk\u0131nda bilgi edinmek isteyenlerin, EB sorunu ya\u015fayan \u00e7iftlerin ve bu \u00e7iftlerle \u00e7al\u0131\u015fan psikoterapistlerin sorunun \u00fcstesinden gelme a\u015famas\u0131nda yard\u0131mc\u0131 kaynak olarak kullanabilecekleri temel bir eserdir.   BUNLARI B\u0130L\u0130YOR MUSUNUZ?  Cinsellikle ilgili yap\u0131lan ara\u015ft\u0131rmalar konuyla ilgili ilgin\u00e7 bilgiler ortaya \u00e7\u0131kard\u0131. Her g\u00fcn en az 250 milyon cinsel birle\u015fme ya\u015fand\u0131\u011f\u0131n\u0131, her y\u0131l 14 binden fazla cinsel kaza oldu\u011funu, erkeklerin neredeyse yar\u0131s\u0131n\u0131n cinsel birle\u015fmeden sonraki 2 dakika i\u00e7inde bo\u015fald\u0131\u011f\u0131n\u0131, kad\u0131nlar\u0131n %10\u2019unun hi\u00e7 orgazm ya\u015famad\u0131\u011f\u0131n\u0131, \u00e7iftlerin ancak % 20\u2019sinin ayn\u0131 anda orgazm\u0131 yakalad\u0131\u011f\u0131n\u0131, spermlerin yumurtay\u0131 yakla\u015f\u0131k 2 saniyede d\u00f6lledi\u011fini, hayatlar\u0131nda sevgi olan, e\u015f ili\u015fkileri doyumlu olan \u00e7iftlerin ve cinsel ya\u015fam\u0131 aktif olan insanlar\u0131n kalp damar ve kronik hastal\u0131klara yakalanma riskinin az oldu\u011funu, ayn\u0131 zamanda bu insanlar\u0131n daha uzun s\u00fcre ya\u015fad\u0131\u011f\u0131n\u0131 biliyor musunuz? <\/p>\n","protected":false},"excerpt":{"rendered":"<p>\u201cKad\u0131n Bedeninin Cinselli\u011fi Reddedi\u015fi: Vajinismus Cinsel Terapi Uygulama El Kitab\u0131\u201d, \u201cPsikiyatri Prati\u011finde EKT\u201d adl\u0131 kitaplar\u0131ndan sonra elinizdeki \u201cERKEN BO\u015eALMA ve TEDAV\u0130S\u0130\u201d adl\u0131 bu kitap, Prof. Dr.<span class=\"excerpt-hellip\"> [\u2026]<\/span><\/p>\n","protected":false},"featured_media":0,"template":"","meta":{"_monsterinsights_skip_tracking":false,"_monsterinsights_sitenote_active":false,"_monsterinsights_sitenote_note":"","_monsterinsights_sitenote_category":0},"product_brand":[],"product_cat":[17502,13488],"product_tag":[],"class_list":{"0":"post-699587","1":"product","2":"type-product","3":"status-publish","5":"product_cat-cinsellik","6":"product_cat-toplum-ve-insan","7":"pa_cilt-ciltsiz","8":"pa_tur-kitap","9":"pa_yayinevi-ck-yayinevi","10":"pa_yazar-cebrail-kisa","12":"first","13":"instock","14":"sale","15":"shipping-taxable","16":"purchasable","17":"product-type-simple"},"_links":{"self":[{"href":"https:\/\/roveyayinevi.com.tr\/index.php\/wp-json\/wp\/v2\/product\/699587","targetHints":{"allow":["GET"]}}],"collection":[{"href":"https:\/\/roveyayinevi.com.tr\/index.php\/wp-json\/wp\/v2\/product"}],"about":[{"href":"https:\/\/roveyayinevi.com.tr\/index.php\/wp-json\/wp\/v2\/types\/product"}],"wp:attachment":[{"href":"https:\/\/roveyayinevi.com.tr\/index.php\/wp-json\/wp\/v2\/media?parent=699587"}],"wp:term":[{"taxonomy":"product_brand","embeddable":true,"href":"https:\/\/roveyayinevi.com.tr\/index.php\/wp-json\/wp\/v2\/product_brand?post=699587"},{"taxonomy":"product_cat","embeddable":true,"href":"https:\/\/roveyayinevi.com.tr\/index.php\/wp-json\/wp\/v2\/product_cat?post=699587"},{"taxonomy":"product_tag","embeddable":true,"href":"https:\/\/roveyayinevi.com.tr\/index.php\/wp-json\/wp\/v2\/product_tag?post=699587"}],"curies":[{"name":"wp","href":"https:\/\/api.w.org\/{rel}","templated":true}]}}