{"id":699584,"date":"2025-08-27T14:51:53","date_gmt":"2025-08-27T11:51:53","guid":{"rendered":"https:\/\/roveyayinevi.com.tr\/index.php\/urun\/tapeden-kodese-2-polis-dinlerse-dinlesin\/"},"modified":"2026-04-16T02:08:51","modified_gmt":"2026-04-15T23:08:51","slug":"tapeden-kodese-2-polis-dinlerse-dinlesin","status":"publish","type":"product","link":"https:\/\/roveyayinevi.com.tr\/index.php\/urun\/tapeden-kodese-2-polis-dinlerse-dinlesin\/","title":{"rendered":"Tape&#8217;den Kodese 2 &#8211; Polis Dinlerse Dinlesin"},"content":{"rendered":"<p>\u201cSava\u015f Ak\u0131n ve Lokman Da\u011f, bize ger\u00e7ek polis dinlemelerinden, gazetelerde g\u00f6rd\u00fcklerinizden daha \u201ckomik\u201d bir kitap haz\u0131rlam\u0131\u015flar: \u201cTape\u2019den Kodese Sus Ulan Polis Dinliyor\u201d Emin olun insan\u0131 kahkahalara bo\u011fuyor. \/ Mehmet Ali Brand <\/p>\n","protected":false},"excerpt":{"rendered":"<p>\u201cSava\u015f Ak\u0131n ve Lokman Da\u011f, bize ger\u00e7ek polis dinlemelerinden, gazetelerde g\u00f6rd\u00fcklerinizden daha \u201ckomik\u201d bir kitap haz\u0131rlam\u0131\u015flar: \u201cTape\u2019den Kodese Sus Ulan Polis Dinliyor\u201d Emin olun insan\u0131 kahkahalara<span class=\"excerpt-hellip\"> [\u2026]<\/span><\/p>\n","protected":false},"featured_media":0,"template":"","meta":{"_monsterinsights_skip_tracking":false,"_monsterinsights_sitenote_active":false,"_monsterinsights_sitenote_note":"","_monsterinsights_sitenote_category":0},"product_brand":[],"product_cat":[13059,12337],"product_tag":[],"class_list":{"0":"post-699584","1":"product","2":"type-product","3":"status-publish","5":"product_cat-diger-politika-siyaset","6":"product_cat-politika-siyaset","7":"pa_tur-kitap","8":"pa_yayinevi-profil-kitap","9":"pa_yazar-savas-akin","11":"first","12":"instock","13":"sale","14":"shipping-taxable","15":"purchasable","16":"product-type-simple"},"_links":{"self":[{"href":"https:\/\/roveyayinevi.com.tr\/index.php\/wp-json\/wp\/v2\/product\/699584","targetHints":{"allow":["GET"]}}],"collection":[{"href":"https:\/\/roveyayinevi.com.tr\/index.php\/wp-json\/wp\/v2\/product"}],"about":[{"href":"https:\/\/roveyayinevi.com.tr\/index.php\/wp-json\/wp\/v2\/types\/product"}],"wp:attachment":[{"href":"https:\/\/roveyayinevi.com.tr\/index.php\/wp-json\/wp\/v2\/media?parent=699584"}],"wp:term":[{"taxonomy":"product_brand","embeddable":true,"href":"https:\/\/roveyayinevi.com.tr\/index.php\/wp-json\/wp\/v2\/product_brand?post=699584"},{"taxonomy":"product_cat","embeddable":true,"href":"https:\/\/roveyayinevi.com.tr\/index.php\/wp-json\/wp\/v2\/product_cat?post=699584"},{"taxonomy":"product_tag","embeddable":true,"href":"https:\/\/roveyayinevi.com.tr\/index.php\/wp-json\/wp\/v2\/product_tag?post=699584"}],"curies":[{"name":"wp","href":"https:\/\/api.w.org\/{rel}","templated":true}]}}