{"id":699580,"date":"2025-08-27T14:51:52","date_gmt":"2025-08-27T11:51:52","guid":{"rendered":"https:\/\/roveyayinevi.com.tr\/index.php\/urun\/tanrinin-olumu-ve-kultur\/"},"modified":"2026-04-16T02:08:51","modified_gmt":"2026-04-15T23:08:51","slug":"tanrinin-olumu-ve-kultur","status":"publish","type":"product","link":"https:\/\/roveyayinevi.com.tr\/index.php\/urun\/tanrinin-olumu-ve-kultur\/","title":{"rendered":"Tanr\u0131\u2019n\u0131n \u00d6l\u00fcm\u00fc ve K\u00fclt\u00fcr"},"content":{"rendered":"<p>Terry Eagleton bu kitab\u0131nda, \u00f6zellikle 11 Eyl\u00fcl sald\u0131r\u0131s\u0131ndan bu yana g\u00fcndemi i\u015fgal eden k\u00f6ktendincili\u011fin y\u00fckseli\u015finden hareketle \u015fu soruyu soruyor: Tanr\u0131 yeniden mi dirildi? Yoksa asl\u0131nda hi\u00e7 \u00f6lmemi\u015f miydi? Kitap, Ayd\u0131nlanma d\u00fc\u015f\u00fcncesinin \u201cTanr\u0131 katli\u201dni hedefledi\u011fi iddias\u0131n\u0131 sorgulayarak ba\u015flar. Sek\u00fclerle\u015fme sonucu Tanr\u0131\u2019n\u0131n a\u011f\u0131r bir darbe ald\u0131\u011f\u0131n\u0131 teslim etse de, t\u00fcm\u00fcyle yok olmaktan ziyade farkl\u0131 k\u0131l\u0131klara b\u00fcr\u00fcnd\u00fc\u011f\u00fcn\u00fc savunur. Sek\u00fcler bir \u00e7a\u011fda ne Tanr\u0131 eski haliyle var olabilir ne de din, do\u011fru; ama b\u0131rakt\u0131klar\u0131 bo\u015fluk, vekaleten bile olsa, mutlaka ba\u015fkalar\u0131nca doldurulmal\u0131d\u0131r. \u00c7\u00fcnk\u00fc Tanr\u0131, kimi zaman iktidara saplanm\u0131\u015f bir diken rol\u00fc \u00fcstlendiyse de, a\u011f\u0131rl\u0131kla siyasi egemenli\u011fi me\u015frula\u015ft\u0131rman\u0131n en g\u00fc\u00e7l\u00fc yollar\u0131ndan biri olagelmi\u015ftir. Eagleton, Ak\u0131l\u2019dan sanata pek \u00e7ok \u015feyin, Tanr\u0131\u2019ya vekalet eden a\u015fk\u0131nl\u0131k formlar\u0131 sunmaya soyundu\u011funu s\u00f6yler. Bu vekillerin en maharetlisinin ise, kavram\u0131n geni\u015f anlam\u0131yla k\u00fclt\u00fcr oldu\u011fu kanaatindedir. \u201cDillere d\u00fc\u015fm\u00fc\u015f duygulan\u0131m yoksunlu\u011fuyla\u201d postmodern toplum, Tanr\u0131\u2019ya ve vekili k\u00fclt\u00fcre uyulan ihtiyac\u0131 h\u00fck\u00fcms\u00fcz k\u0131l\u0131yor ve bu haliyle \u201cateist bir toplum\u201d \u00f6ng\u00f6r\u00fcyor gibidir. Oysa \u00f6te yanda k\u00f6ktendincilik y\u00fckselir. Dolay\u0131s\u0131yla, evet, Tanr\u0131 yine \u00f6lmemi\u015ftir; ama bunu kendi kahramanca direni\u015finden ziyade, \u201cinsanlar\u0131n Tanr\u0131\u2019n\u0131n cenaze t\u00f6reninde kendilerini yeniden yaratma olana\u011f\u0131n\u0131 g\u00f6rmeyi ba\u015faramam\u0131\u015f olmas\u0131\u201dna bor\u00e7ludur. G\u00fcn\u00fcm\u00fcz\u00fcn en \u00fcretken Marksist d\u00fc\u015f\u00fcn\u00fcrlerinden biri olan Terry Eagleton, her zamanki keyifli ve ak\u0131c\u0131 \u00fcslubuyla bak\u0131\u015f\u0131n\u0131 bu kez dinin k\u00fclt\u00fcr d\u00fc\u015f\u00fcncesi ile ili\u015fkisine \u00e7eviriyor. Eski sorulara yeni yan\u0131tlar veriyor, kolayc\u0131 yan\u0131tlara zor sorular soruyor. <\/p>\n","protected":false},"excerpt":{"rendered":"<p>Terry Eagleton bu kitab\u0131nda, \u00f6zellikle 11 Eyl\u00fcl sald\u0131r\u0131s\u0131ndan bu yana g\u00fcndemi i\u015fgal eden k\u00f6ktendincili\u011fin y\u00fckseli\u015finden hareketle \u015fu soruyu soruyor: Tanr\u0131 yeniden mi dirildi? Yoksa asl\u0131nda hi\u00e7<span class=\"excerpt-hellip\"> [\u2026]<\/span><\/p>\n","protected":false},"featured_media":0,"template":"","meta":{"_monsterinsights_skip_tracking":false,"_monsterinsights_sitenote_active":false,"_monsterinsights_sitenote_note":"","_monsterinsights_sitenote_category":0},"product_brand":[],"product_cat":[12388,15536],"product_tag":[],"class_list":{"0":"post-699580","1":"product","2":"type-product","3":"status-publish","5":"product_cat-felsefe","6":"product_cat-siyaset-felsefesi","7":"pa_cilt-ciltsiz","8":"pa_tur-kitap","9":"pa_yayinevi-yordam-kitap","10":"pa_yazar-terry-eagleton","12":"first","13":"instock","14":"sale","15":"shipping-taxable","16":"purchasable","17":"product-type-simple"},"_links":{"self":[{"href":"https:\/\/roveyayinevi.com.tr\/index.php\/wp-json\/wp\/v2\/product\/699580","targetHints":{"allow":["GET"]}}],"collection":[{"href":"https:\/\/roveyayinevi.com.tr\/index.php\/wp-json\/wp\/v2\/product"}],"about":[{"href":"https:\/\/roveyayinevi.com.tr\/index.php\/wp-json\/wp\/v2\/types\/product"}],"wp:attachment":[{"href":"https:\/\/roveyayinevi.com.tr\/index.php\/wp-json\/wp\/v2\/media?parent=699580"}],"wp:term":[{"taxonomy":"product_brand","embeddable":true,"href":"https:\/\/roveyayinevi.com.tr\/index.php\/wp-json\/wp\/v2\/product_brand?post=699580"},{"taxonomy":"product_cat","embeddable":true,"href":"https:\/\/roveyayinevi.com.tr\/index.php\/wp-json\/wp\/v2\/product_cat?post=699580"},{"taxonomy":"product_tag","embeddable":true,"href":"https:\/\/roveyayinevi.com.tr\/index.php\/wp-json\/wp\/v2\/product_tag?post=699580"}],"curies":[{"name":"wp","href":"https:\/\/api.w.org\/{rel}","templated":true}]}}