{"id":699575,"date":"2025-08-27T14:51:50","date_gmt":"2025-08-27T11:51:50","guid":{"rendered":"https:\/\/roveyayinevi.com.tr\/index.php\/urun\/evernight-akademisi-sonsuz-gece\/"},"modified":"2026-04-16T02:08:51","modified_gmt":"2026-04-15T23:08:51","slug":"evernight-akademisi-sonsuz-gece","status":"publish","type":"product","link":"https:\/\/roveyayinevi.com.tr\/index.php\/urun\/evernight-akademisi-sonsuz-gece\/","title":{"rendered":"Evernight Akademisi &#8211; Sonsuz Gece"},"content":{"rendered":"<p>Sonsuz karanl\u0131kta tehlikenin ya da a\u015fk\u0131n nereden gelece\u011fini bilemezsiniz.Peki ya tehlike, a\u015fk\u0131n kendisiyse? <\/p>\n","protected":false},"excerpt":{"rendered":"<p>Sonsuz karanl\u0131kta tehlikenin ya da a\u015fk\u0131n nereden gelece\u011fini bilemezsiniz.Peki ya tehlike, a\u015fk\u0131n kendisiyse?<\/p>\n","protected":false},"featured_media":0,"template":"","meta":{"_monsterinsights_skip_tracking":false,"_monsterinsights_sitenote_active":false,"_monsterinsights_sitenote_note":"","_monsterinsights_sitenote_category":0},"product_brand":[],"product_cat":[12291,12711],"product_tag":[],"class_list":{"0":"post-699575","1":"product","2":"type-product","3":"status-publish","5":"product_cat-edebiyat","6":"product_cat-roman-oyku","7":"pa_tur-kitap","8":"pa_yayinevi-pegasus-yayinlari","9":"pa_yazar-claudia-gray","11":"first","12":"instock","13":"sale","14":"shipping-taxable","15":"purchasable","16":"product-type-simple"},"_links":{"self":[{"href":"https:\/\/roveyayinevi.com.tr\/index.php\/wp-json\/wp\/v2\/product\/699575","targetHints":{"allow":["GET"]}}],"collection":[{"href":"https:\/\/roveyayinevi.com.tr\/index.php\/wp-json\/wp\/v2\/product"}],"about":[{"href":"https:\/\/roveyayinevi.com.tr\/index.php\/wp-json\/wp\/v2\/types\/product"}],"wp:attachment":[{"href":"https:\/\/roveyayinevi.com.tr\/index.php\/wp-json\/wp\/v2\/media?parent=699575"}],"wp:term":[{"taxonomy":"product_brand","embeddable":true,"href":"https:\/\/roveyayinevi.com.tr\/index.php\/wp-json\/wp\/v2\/product_brand?post=699575"},{"taxonomy":"product_cat","embeddable":true,"href":"https:\/\/roveyayinevi.com.tr\/index.php\/wp-json\/wp\/v2\/product_cat?post=699575"},{"taxonomy":"product_tag","embeddable":true,"href":"https:\/\/roveyayinevi.com.tr\/index.php\/wp-json\/wp\/v2\/product_tag?post=699575"}],"curies":[{"name":"wp","href":"https:\/\/api.w.org\/{rel}","templated":true}]}}