{"id":699574,"date":"2025-08-27T14:51:50","date_gmt":"2025-08-27T11:51:50","guid":{"rendered":"https:\/\/roveyayinevi.com.tr\/index.php\/urun\/peki-ben-simdi-ne-yiycem\/"},"modified":"2026-04-16T02:08:51","modified_gmt":"2026-04-15T23:08:51","slug":"peki-ben-simdi-ne-yiycem","status":"publish","type":"product","link":"https:\/\/roveyayinevi.com.tr\/index.php\/urun\/peki-ben-simdi-ne-yiycem\/","title":{"rendered":"Peki Ben \u015eimdi Ne Yiycem?"},"content":{"rendered":"<p>21 kad\u0131n 21 hikaye\u2026 Her birinin kilo ve beslenmeyle ilgili dertleri farkl\u0131. Ne yapacaklar\u0131n\u0131 \u015fa\u015f\u0131rm\u0131\u015f durumdalar. Kafalar\u0131ndaki ortak soru bu! <\/p>\n","protected":false},"excerpt":{"rendered":"<p>21 kad\u0131n 21 hikaye\u2026 Her birinin kilo ve beslenmeyle ilgili dertleri farkl\u0131. Ne yapacaklar\u0131n\u0131 \u015fa\u015f\u0131rm\u0131\u015f durumdalar. Kafalar\u0131ndaki ortak soru bu!<\/p>\n","protected":false},"featured_media":0,"template":"","meta":{"_monsterinsights_skip_tracking":false,"_monsterinsights_sitenote_active":false,"_monsterinsights_sitenote_note":"","_monsterinsights_sitenote_category":0},"product_brand":[],"product_cat":[13402,13365],"product_tag":[],"class_list":{"0":"post-699574","1":"product","2":"type-product","3":"status-publish","5":"product_cat-beslenme-ve-diyet","6":"product_cat-saglik","7":"pa_tur-kitap","8":"pa_yayinevi-okuyan-us-yayin","9":"pa_yazar-simge-citak","11":"first","12":"instock","13":"sale","14":"shipping-taxable","15":"purchasable","16":"product-type-simple"},"_links":{"self":[{"href":"https:\/\/roveyayinevi.com.tr\/index.php\/wp-json\/wp\/v2\/product\/699574","targetHints":{"allow":["GET"]}}],"collection":[{"href":"https:\/\/roveyayinevi.com.tr\/index.php\/wp-json\/wp\/v2\/product"}],"about":[{"href":"https:\/\/roveyayinevi.com.tr\/index.php\/wp-json\/wp\/v2\/types\/product"}],"wp:attachment":[{"href":"https:\/\/roveyayinevi.com.tr\/index.php\/wp-json\/wp\/v2\/media?parent=699574"}],"wp:term":[{"taxonomy":"product_brand","embeddable":true,"href":"https:\/\/roveyayinevi.com.tr\/index.php\/wp-json\/wp\/v2\/product_brand?post=699574"},{"taxonomy":"product_cat","embeddable":true,"href":"https:\/\/roveyayinevi.com.tr\/index.php\/wp-json\/wp\/v2\/product_cat?post=699574"},{"taxonomy":"product_tag","embeddable":true,"href":"https:\/\/roveyayinevi.com.tr\/index.php\/wp-json\/wp\/v2\/product_tag?post=699574"}],"curies":[{"name":"wp","href":"https:\/\/api.w.org\/{rel}","templated":true}]}}