{"id":699569,"date":"2025-08-27T14:51:48","date_gmt":"2025-08-27T11:51:48","guid":{"rendered":"https:\/\/roveyayinevi.com.tr\/index.php\/urun\/bir-kadin-dusmani\/"},"modified":"2026-04-16T02:08:51","modified_gmt":"2026-04-15T23:08:51","slug":"bir-kadin-dusmani","status":"publish","type":"product","link":"https:\/\/roveyayinevi.com.tr\/index.php\/urun\/bir-kadin-dusmani\/","title":{"rendered":"Bir Kad\u0131n D\u00fc\u015fman\u0131"},"content":{"rendered":"<p>\u201cHomongolos kuvvetli, zeki, met\u00een, iradeli, \u015fen, hatta biraz zevzek ve maskara denecek kadar \u015fen bir adamd\u0131r. Fakat ta\u015f gibi hissizdir&#8230; \u00d6lene ac\u0131maz, \u0131zt\u0131rap \u00e7ekene g\u00fcler&#8230; Sevgi ve \u015fefkati g\u00fcl\u00fcn\u00e7 bir zaaf addeder&#8230; A\u015fk onun i\u00e7in bir manas\u0131z masald\u0131r&#8230; Ana, baba, karde\u015f, evlat muhabbeti onun i\u00e7in izah edilemeyecek bir muammad\u0131r&#8230; Bu nokta-i nazardan Homongolos hakiki bir makineden farks\u0131zd\u0131r&#8230;\u201d Edebiyat\u0131m\u0131z\u0131n unutulmaz isimlerinden Re\u015fat Nuri G\u00fcntekin\u2019in kaleme ald\u0131\u011f\u0131 bu eserde Homongolos Ziya ile S\u00e2ra aras\u0131nda ya\u015fananlar e\u015fsiz bir kurgu ve yal\u0131n bir dille anlat\u0131l\u0131yor. Ba\u015fta S\u00e2ra\u2019ya kaba davran\u0131p onu k\u00fc\u00e7\u00fcmseyen Ziya, ondan hi\u00e7 beklenmedik bir kar\u015f\u0131l\u0131k al\u0131yor. Zengin, g\u00fczel ve \u015f\u0131mar\u0131k bir k\u0131z\u0131n intikam oyunu sonun ba\u015flang\u0131c\u0131 oluyor. Nam\u0131di\u011fer \u201c\u00c7irkinin Roman\u0131\u201d, fiziksel \u00e7irkinli\u011fi, kar\u015f\u0131l\u0131ks\u0131z bir a\u015fkla birle\u015ftirip \u00f6nyarg\u0131lar\u0131n insan hayat\u0131ndaki etkilerine dikkat \u00e7ekerken hazin \u00f6yk\u00fcs\u00fcyle yakla\u015f\u0131k y\u00fcz y\u0131ld\u0131r her okunu\u015fta y\u00fcreklerde derin izler b\u0131rak\u0131yor. <\/p>\n","protected":false},"excerpt":{"rendered":"<p>\u201cHomongolos kuvvetli, zeki, met\u00een, iradeli, \u015fen, hatta biraz zevzek ve maskara denecek kadar \u015fen bir adamd\u0131r. Fakat ta\u015f gibi hissizdir&#8230; \u00d6lene ac\u0131maz, \u0131zt\u0131rap \u00e7ekene g\u00fcler&#8230; Sevgi<span class=\"excerpt-hellip\"> [\u2026]<\/span><\/p>\n","protected":false},"featured_media":0,"template":"","meta":{"_monsterinsights_skip_tracking":false,"_monsterinsights_sitenote_active":false,"_monsterinsights_sitenote_note":"","_monsterinsights_sitenote_category":0},"product_brand":[],"product_cat":[12291,12292],"product_tag":[],"class_list":{"0":"post-699569","1":"product","2":"type-product","3":"status-publish","5":"product_cat-edebiyat","6":"product_cat-turk-edebiyati","7":"pa_cilt-ciltsiz","8":"pa_tur-kitap","9":"pa_yayinevi-resat-nuri-guntekin-yayinlari","10":"pa_yazar-resat-nuri-guntekin","12":"first","13":"instock","14":"sale","15":"shipping-taxable","16":"purchasable","17":"product-type-simple"},"_links":{"self":[{"href":"https:\/\/roveyayinevi.com.tr\/index.php\/wp-json\/wp\/v2\/product\/699569","targetHints":{"allow":["GET"]}}],"collection":[{"href":"https:\/\/roveyayinevi.com.tr\/index.php\/wp-json\/wp\/v2\/product"}],"about":[{"href":"https:\/\/roveyayinevi.com.tr\/index.php\/wp-json\/wp\/v2\/types\/product"}],"wp:attachment":[{"href":"https:\/\/roveyayinevi.com.tr\/index.php\/wp-json\/wp\/v2\/media?parent=699569"}],"wp:term":[{"taxonomy":"product_brand","embeddable":true,"href":"https:\/\/roveyayinevi.com.tr\/index.php\/wp-json\/wp\/v2\/product_brand?post=699569"},{"taxonomy":"product_cat","embeddable":true,"href":"https:\/\/roveyayinevi.com.tr\/index.php\/wp-json\/wp\/v2\/product_cat?post=699569"},{"taxonomy":"product_tag","embeddable":true,"href":"https:\/\/roveyayinevi.com.tr\/index.php\/wp-json\/wp\/v2\/product_tag?post=699569"}],"curies":[{"name":"wp","href":"https:\/\/api.w.org\/{rel}","templated":true}]}}