{"id":699564,"date":"2025-08-27T14:51:47","date_gmt":"2025-08-27T11:51:47","guid":{"rendered":"https:\/\/roveyayinevi.com.tr\/index.php\/urun\/uluslararasi-calisma-orgutu-ve-sosyal-adalet-arayisi-1919-2009\/"},"modified":"2026-04-16T02:08:50","modified_gmt":"2026-04-15T23:08:50","slug":"uluslararasi-calisma-orgutu-ve-sosyal-adalet-arayisi-1919-2009","status":"publish","type":"product","link":"https:\/\/roveyayinevi.com.tr\/index.php\/urun\/uluslararasi-calisma-orgutu-ve-sosyal-adalet-arayisi-1919-2009\/","title":{"rendered":"Uluslararas\u0131 \u00c7al\u0131\u015fma \u00d6rg\u00fct\u00fc ve Sosyal Adalet Aray\u0131\u015f\u0131 1919-2009"},"content":{"rendered":"<p>Uluslararas\u0131 \u00e7al\u0131\u015fma \u00f6rg\u00fct\u00fc, bar\u0131\u015f ve sosyal adaletin el ele oldu\u011fu anlay\u0131\u015f\u0131yla 1919 y\u0131l\u0131nda kuruldu. Bu kitap, son 90 y\u0131l i\u00e7erisinde ortaya \u00e7\u0131kan siyasi ve ekonomik \u00e7alkant\u0131lar kar\u015f\u0131s\u0131nda ILO\u2019nun savundu\u011fu ve uygulamaya koydu\u011fu i\u015f yerindeki haklar, istihdam\u0131n kalitesi, gelirin ve istihdam\u0131n korunmas\u0131, yoksullu\u011fun azalt\u0131lmas\u0131, adil bir k\u00fcreselle\u015fme ve herkes i\u00e7in insana yak\u0131\u015f\u0131r i\u015f hedefi gibi temel konular\u0131 ele almaktad\u0131r. Kitap ayr\u0131ca, kaydedilen geli\u015fmelerin ve ge\u00e7mi\u015fte ya\u015fananlar\u0131n birlikte anlat\u0131ld\u0131\u011f\u0131 \u00e7arp\u0131c\u0131 bir hikaye ortaya koymakta ve sosyal adaletin sa\u011flanabilmesi i\u00e7in, acil k\u00fcresel eylemlerin gereklili\u011finin \u00f6nem kazand\u0131\u011f\u0131 bir d\u00fcnyada \u00f6ne \u00e7\u0131kan zorluklar\u0131 vurgulamaktad\u0131r. <\/p>\n","protected":false},"excerpt":{"rendered":"<p>Uluslararas\u0131 \u00e7al\u0131\u015fma \u00f6rg\u00fct\u00fc, bar\u0131\u015f ve sosyal adaletin el ele oldu\u011fu anlay\u0131\u015f\u0131yla 1919 y\u0131l\u0131nda kuruldu. Bu kitap, son 90 y\u0131l i\u00e7erisinde ortaya \u00e7\u0131kan siyasi ve ekonomik \u00e7alkant\u0131lar<span class=\"excerpt-hellip\"> [\u2026]<\/span><\/p>\n","protected":false},"featured_media":0,"template":"","meta":{"_monsterinsights_skip_tracking":false,"_monsterinsights_sitenote_active":false,"_monsterinsights_sitenote_note":"","_monsterinsights_sitenote_category":0},"product_brand":[],"product_cat":[13043,14381],"product_tag":[],"class_list":{"0":"post-699564","1":"product","2":"type-product","3":"status-publish","5":"product_cat-ekonomi","6":"product_cat-isletme-muhasebe-maliye","7":"pa_tur-kitap","8":"pa_yayinevi-efil-yayinevi","9":"pa_yazar-gerry-rodgers","11":"first","12":"instock","13":"sale","14":"shipping-taxable","15":"purchasable","16":"product-type-simple"},"_links":{"self":[{"href":"https:\/\/roveyayinevi.com.tr\/index.php\/wp-json\/wp\/v2\/product\/699564","targetHints":{"allow":["GET"]}}],"collection":[{"href":"https:\/\/roveyayinevi.com.tr\/index.php\/wp-json\/wp\/v2\/product"}],"about":[{"href":"https:\/\/roveyayinevi.com.tr\/index.php\/wp-json\/wp\/v2\/types\/product"}],"wp:attachment":[{"href":"https:\/\/roveyayinevi.com.tr\/index.php\/wp-json\/wp\/v2\/media?parent=699564"}],"wp:term":[{"taxonomy":"product_brand","embeddable":true,"href":"https:\/\/roveyayinevi.com.tr\/index.php\/wp-json\/wp\/v2\/product_brand?post=699564"},{"taxonomy":"product_cat","embeddable":true,"href":"https:\/\/roveyayinevi.com.tr\/index.php\/wp-json\/wp\/v2\/product_cat?post=699564"},{"taxonomy":"product_tag","embeddable":true,"href":"https:\/\/roveyayinevi.com.tr\/index.php\/wp-json\/wp\/v2\/product_tag?post=699564"}],"curies":[{"name":"wp","href":"https:\/\/api.w.org\/{rel}","templated":true}]}}