{"id":699562,"date":"2025-08-27T14:51:46","date_gmt":"2025-08-27T11:51:46","guid":{"rendered":"https:\/\/roveyayinevi.com.tr\/index.php\/urun\/dudakta-bekletilen-sarkilar\/"},"modified":"2026-04-16T02:08:50","modified_gmt":"2026-04-15T23:08:50","slug":"dudakta-bekletilen-sarkilar","status":"publish","type":"product","link":"https:\/\/roveyayinevi.com.tr\/index.php\/urun\/dudakta-bekletilen-sarkilar\/","title":{"rendered":"Dudakta Bekletilen \u015eark\u0131lar"},"content":{"rendered":"<p>Cahit Koytak, yeni \u015fiir kitab\u0131 Dudakta Bekletilen \u015eark\u0131lar\u2019da kendine \u00f6zg\u00fc \u015fiir gelene\u011fini devam ettiriyor. Kitaptaki t\u00fcm \u015fiirler, t\u0131pk\u0131 \u00f6ncekiler kadar samimi. \u015eair Koytak, kitab\u0131nda yer alan her \u015fiiriyle bu samimiyetini okuruna ispat ediyor. \u201cKalenin \u0130\u00e7i\u201d \u015fiiri \u00e7ocuklu\u011funun, \u201c\u00d6l\u00fcmle Oyun Oynayan\u0131n \u015eark\u0131s\u0131\u201d \u015fiiri yolda g\u00f6rd\u00fc\u011f\u00fc, tan\u0131\u015f\u0131k bile olmad\u0131\u011f\u0131 bir bah\u00e7\u0131vana verdi\u011fi selam\u0131n ni\u015fanesini ta\u015f\u0131yor. Kitab\u0131nda yer yer al\u0131nt\u0131 yap\u0131yor, daha \u00e7ok da \u201cG\u00fczel s\u00f6zlerin cini\u201d ve \u201cefendisi\u201dnin diyaloglar\u0131yla okurlar\u0131n\u0131 daha \u00f6nce gitmedikleri bir \u015fiir d\u00fcnyas\u0131n\u0131 dola\u015fmaya davet ediyor.Kitab\u0131n\u0131n her b\u00f6l\u00fcm\u00fcn\u00fc \u201c\u015fark\u0131\u201d diye adland\u0131ran Cahit Koytak, asl\u0131nda yeni kitab\u0131nda \u015fark\u0131 s\u00f6yler gibi \u015fiir s\u00f6yl\u00fcyor. Okurlar\u0131n\u0131 da bu \u015fiirleri dinlemeye \u00e7a\u011f\u0131r\u0131yor. <\/p>\n","protected":false},"excerpt":{"rendered":"<p>Cahit Koytak, yeni \u015fiir kitab\u0131 Dudakta Bekletilen \u015eark\u0131lar\u2019da kendine \u00f6zg\u00fc \u015fiir gelene\u011fini devam ettiriyor. Kitaptaki t\u00fcm \u015fiirler, t\u0131pk\u0131 \u00f6ncekiler kadar samimi. \u015eair Koytak, kitab\u0131nda yer alan<span class=\"excerpt-hellip\"> [\u2026]<\/span><\/p>\n","protected":false},"featured_media":0,"template":"","meta":{"_monsterinsights_skip_tracking":false,"_monsterinsights_sitenote_active":false,"_monsterinsights_sitenote_note":"","_monsterinsights_sitenote_category":0},"product_brand":[],"product_cat":[12291,12509],"product_tag":[],"class_list":{"0":"post-699562","1":"product","2":"type-product","3":"status-publish","5":"product_cat-edebiyat","6":"product_cat-siir","7":"pa_tur-kitap","8":"pa_yayinevi-timas-yayinlari","9":"pa_yazar-cahit-koytak","11":"first","12":"instock","13":"sale","14":"shipping-taxable","15":"purchasable","16":"product-type-simple"},"_links":{"self":[{"href":"https:\/\/roveyayinevi.com.tr\/index.php\/wp-json\/wp\/v2\/product\/699562","targetHints":{"allow":["GET"]}}],"collection":[{"href":"https:\/\/roveyayinevi.com.tr\/index.php\/wp-json\/wp\/v2\/product"}],"about":[{"href":"https:\/\/roveyayinevi.com.tr\/index.php\/wp-json\/wp\/v2\/types\/product"}],"wp:attachment":[{"href":"https:\/\/roveyayinevi.com.tr\/index.php\/wp-json\/wp\/v2\/media?parent=699562"}],"wp:term":[{"taxonomy":"product_brand","embeddable":true,"href":"https:\/\/roveyayinevi.com.tr\/index.php\/wp-json\/wp\/v2\/product_brand?post=699562"},{"taxonomy":"product_cat","embeddable":true,"href":"https:\/\/roveyayinevi.com.tr\/index.php\/wp-json\/wp\/v2\/product_cat?post=699562"},{"taxonomy":"product_tag","embeddable":true,"href":"https:\/\/roveyayinevi.com.tr\/index.php\/wp-json\/wp\/v2\/product_tag?post=699562"}],"curies":[{"name":"wp","href":"https:\/\/api.w.org\/{rel}","templated":true}]}}