{"id":699561,"date":"2025-08-27T14:51:46","date_gmt":"2025-08-27T11:51:46","guid":{"rendered":"https:\/\/roveyayinevi.com.tr\/index.php\/urun\/duygu-odakli-cift-terapisi\/"},"modified":"2026-01-29T02:16:09","modified_gmt":"2026-01-28T23:16:09","slug":"duygu-odakli-cift-terapisi","status":"publish","type":"product","link":"https:\/\/roveyayinevi.com.tr\/index.php\/urun\/duygu-odakli-cift-terapisi\/","title":{"rendered":"Duygu Odakl\u0131 \u00c7ift Terapisi"},"content":{"rendered":"<p>\u0130nsan\u0131n, biyopsikososyal bir varl\u0131k olmas\u0131 nedeniyle ya\u015fad\u0131\u011f\u0131 s\u00fcrece, yak\u0131n ili\u015fkilerden ka\u00e7mas\u0131 m\u00fcmk\u00fcn de\u011fildir. Yak\u0131n ili\u015fkilerin temel ya\u015fant\u0131lanma \u00f6rneklerini aile, evlilik ve \u00e7ift ili\u015fkilerinde g\u00f6rebiliriz. Aile, evlilik ve \u00e7ift ili\u015fkisinde g\u00fcvenli yak\u0131n ili\u015fkiler kurmak ve s\u00fcrd\u00fcrmek i\u00e7in geli\u015fmi\u015f bir duygusal zek\u00e2ya ve bu zek\u00e2 arac\u0131l\u0131\u011f\u0131yla da duygular\u0131m\u0131z\u0131 d\u00fczenlemeye ihtiya\u00e7 vard\u0131r. \u0130li\u015fkilerin \u015fifresi olan duygular\u0131m\u0131z\u0131 yat\u0131\u015ft\u0131rmay\u0131 \u00f6\u011frenmek i\u00e7in bu kitab\u0131 hepimizin okumas\u0131 gerekti\u011fine inan\u0131yorum.Dr. Greenberg ve Dr. Johnson, bu kitapta, b\u00fct\u00fcn bunlar\u0131 nas\u0131l yapaca\u011f\u0131m\u0131z\u0131 g\u00f6steren \u201cDuygu Odakl\u0131 \u00c7ift Terapisi\u201d adl\u0131 bilimsel tabanl\u0131 yakla\u015f\u0131mlar\u0131n\u0131 bize a\u00e7\u0131k ve anla\u015f\u0131labilir bir dille \u00e7ift ili\u015fkileri \u00f6rnekleriyle sunmaktad\u0131r. Do\u00e7. Dr. Cebrail K\u0131sa Psikiyatr &amp; Psikoterapist <\/p>\n","protected":false},"excerpt":{"rendered":"<p>\u0130nsan\u0131n, biyopsikososyal bir varl\u0131k olmas\u0131 nedeniyle ya\u015fad\u0131\u011f\u0131 s\u00fcrece, yak\u0131n ili\u015fkilerden ka\u00e7mas\u0131 m\u00fcmk\u00fcn de\u011fildir. Yak\u0131n ili\u015fkilerin temel ya\u015fant\u0131lanma \u00f6rneklerini aile, evlilik ve \u00e7ift ili\u015fkilerinde g\u00f6rebiliriz. Aile, evlilik<span class=\"excerpt-hellip\"> [\u2026]<\/span><\/p>\n","protected":false},"featured_media":0,"template":"","meta":{"_monsterinsights_skip_tracking":false,"_monsterinsights_sitenote_active":false,"_monsterinsights_sitenote_note":"","_monsterinsights_sitenote_category":0},"product_brand":[],"product_cat":[12312,12304],"product_tag":[],"class_list":{"0":"post-699561","1":"product","2":"type-product","3":"status-publish","5":"product_cat-diger","6":"product_cat-tarih","7":"pa_cilt-ciltsiz","8":"pa_tur-kitap","9":"pa_yayinevi-ck-yayinevi","10":"pa_yazar-leslie-s-greenberg","12":"first","13":"instock","14":"sale","15":"shipping-taxable","16":"purchasable","17":"product-type-simple"},"_links":{"self":[{"href":"https:\/\/roveyayinevi.com.tr\/index.php\/wp-json\/wp\/v2\/product\/699561","targetHints":{"allow":["GET"]}}],"collection":[{"href":"https:\/\/roveyayinevi.com.tr\/index.php\/wp-json\/wp\/v2\/product"}],"about":[{"href":"https:\/\/roveyayinevi.com.tr\/index.php\/wp-json\/wp\/v2\/types\/product"}],"wp:attachment":[{"href":"https:\/\/roveyayinevi.com.tr\/index.php\/wp-json\/wp\/v2\/media?parent=699561"}],"wp:term":[{"taxonomy":"product_brand","embeddable":true,"href":"https:\/\/roveyayinevi.com.tr\/index.php\/wp-json\/wp\/v2\/product_brand?post=699561"},{"taxonomy":"product_cat","embeddable":true,"href":"https:\/\/roveyayinevi.com.tr\/index.php\/wp-json\/wp\/v2\/product_cat?post=699561"},{"taxonomy":"product_tag","embeddable":true,"href":"https:\/\/roveyayinevi.com.tr\/index.php\/wp-json\/wp\/v2\/product_tag?post=699561"}],"curies":[{"name":"wp","href":"https:\/\/api.w.org\/{rel}","templated":true}]}}