{"id":699554,"date":"2025-08-27T14:51:44","date_gmt":"2025-08-27T11:51:44","guid":{"rendered":"https:\/\/roveyayinevi.com.tr\/index.php\/urun\/benim-adim-ask-sevi\/"},"modified":"2026-04-16T02:08:50","modified_gmt":"2026-04-15T23:08:50","slug":"benim-adim-ask-sevi","status":"publish","type":"product","link":"https:\/\/roveyayinevi.com.tr\/index.php\/urun\/benim-adim-ask-sevi\/","title":{"rendered":"Benim Ad\u0131m A\u015fk &#8220;Sevi&#8221;"},"content":{"rendered":"<p>Gencecik bir k\u0131z, par\u00e7alanm\u0131\u015f bir aile&#8230; Anne ve babas\u0131n\u0131n yeni ya\u015famlar\u0131yla \u00e7at\u0131\u015fan, bocalayan Sevi\u2019nin umutlar\u0131, a\u015fk \u00f6zlemi, k\u0131skan\u00e7l\u0131klar\u0131, karma\u015f\u0131k i\u00e7 d\u00fcnyas\u0131&#8230; Etraf\u0131ndakiler kendince hakl\u0131 ama s\u00f6ze d\u00f6k\u00fclmesinden korktuklar\u0131 o  S\u0131r  nedeniyle tedirgin ve \u00fcrkekler. Asl\u0131nda hi\u00e7biri masum de\u011fil! F\u00fcsun \u00d6nal bir kez daha bilinen kal\u0131plar\u0131 zorluyor&#8230; -P\u0131nar \u00c7ekirge- E\u011fitim Uzman\u0131 <\/p>\n","protected":false},"excerpt":{"rendered":"<p>Gencecik bir k\u0131z, par\u00e7alanm\u0131\u015f bir aile&#8230; Anne ve babas\u0131n\u0131n yeni ya\u015famlar\u0131yla \u00e7at\u0131\u015fan, bocalayan Sevi\u2019nin umutlar\u0131, a\u015fk \u00f6zlemi, k\u0131skan\u00e7l\u0131klar\u0131, karma\u015f\u0131k i\u00e7 d\u00fcnyas\u0131&#8230; Etraf\u0131ndakiler kendince hakl\u0131 ama s\u00f6ze<span class=\"excerpt-hellip\"> [\u2026]<\/span><\/p>\n","protected":false},"featured_media":0,"template":"","meta":{"_monsterinsights_skip_tracking":false,"_monsterinsights_sitenote_active":false,"_monsterinsights_sitenote_note":"","_monsterinsights_sitenote_category":0},"product_brand":[],"product_cat":[12291,12292],"product_tag":[],"class_list":{"0":"post-699554","1":"product","2":"type-product","3":"status-publish","5":"product_cat-edebiyat","6":"product_cat-turk-edebiyati","7":"pa_cilt-ciltsiz","8":"pa_tur-kitap","9":"pa_yayinevi-inkilap-kitabevi","10":"pa_yazar-fusun-onal","12":"first","13":"instock","14":"sale","15":"shipping-taxable","16":"purchasable","17":"product-type-simple"},"_links":{"self":[{"href":"https:\/\/roveyayinevi.com.tr\/index.php\/wp-json\/wp\/v2\/product\/699554","targetHints":{"allow":["GET"]}}],"collection":[{"href":"https:\/\/roveyayinevi.com.tr\/index.php\/wp-json\/wp\/v2\/product"}],"about":[{"href":"https:\/\/roveyayinevi.com.tr\/index.php\/wp-json\/wp\/v2\/types\/product"}],"wp:attachment":[{"href":"https:\/\/roveyayinevi.com.tr\/index.php\/wp-json\/wp\/v2\/media?parent=699554"}],"wp:term":[{"taxonomy":"product_brand","embeddable":true,"href":"https:\/\/roveyayinevi.com.tr\/index.php\/wp-json\/wp\/v2\/product_brand?post=699554"},{"taxonomy":"product_cat","embeddable":true,"href":"https:\/\/roveyayinevi.com.tr\/index.php\/wp-json\/wp\/v2\/product_cat?post=699554"},{"taxonomy":"product_tag","embeddable":true,"href":"https:\/\/roveyayinevi.com.tr\/index.php\/wp-json\/wp\/v2\/product_tag?post=699554"}],"curies":[{"name":"wp","href":"https:\/\/api.w.org\/{rel}","templated":true}]}}