{"id":699545,"date":"2025-08-27T14:51:41","date_gmt":"2025-08-27T11:51:41","guid":{"rendered":"https:\/\/roveyayinevi.com.tr\/index.php\/urun\/birey-odakli-psikoterapiler\/"},"modified":"2026-04-16T02:08:50","modified_gmt":"2026-04-15T23:08:50","slug":"birey-odakli-psikoterapiler","status":"publish","type":"product","link":"https:\/\/roveyayinevi.com.tr\/index.php\/urun\/birey-odakli-psikoterapiler\/","title":{"rendered":"Birey Odakl\u0131 Psikoterapiler"},"content":{"rendered":"<p>Birey Odakl\u0131 Psikoterapi, 20. Y\u00fczy\u0131lda psikoloji d\u00fcnyas\u0131nda g\u00f6rkemli bir de\u011fi\u015fim yaratt\u0131. Tarihin en \u00f6nemli psikoterapistlerinden kabul edilen Carl Rogers, k\u00f6klerini demokrasi ve h\u00fcmanizm ilkelerinden alan bu modeli yarat\u0131rken; t\u00fcm insanlar\u0131n psikolojik olarak geli\u015fmek ve hayatlar\u0131n\u0131 etkili bir bi\u00e7imde y\u00f6netmek i\u00e7in do\u011fu\u015ftan gelen potansiyellerini ger\u00e7ekle\u015ftirme e\u011filimleri oldu\u011fu varsay\u0131m\u0131na dayand\u0131. <\/p>\n","protected":false},"excerpt":{"rendered":"<p>Birey Odakl\u0131 Psikoterapi, 20. Y\u00fczy\u0131lda psikoloji d\u00fcnyas\u0131nda g\u00f6rkemli bir de\u011fi\u015fim yaratt\u0131. Tarihin en \u00f6nemli psikoterapistlerinden kabul edilen Carl Rogers, k\u00f6klerini demokrasi ve h\u00fcmanizm ilkelerinden alan bu<span class=\"excerpt-hellip\"> [\u2026]<\/span><\/p>\n","protected":false},"featured_media":0,"template":"","meta":{"_monsterinsights_skip_tracking":false,"_monsterinsights_sitenote_active":false,"_monsterinsights_sitenote_note":"","_monsterinsights_sitenote_category":0},"product_brand":[],"product_cat":[14787,13488],"product_tag":[],"class_list":{"0":"post-699545","1":"product","2":"type-product","3":"status-publish","5":"product_cat-diger-toplum-ve-insan","6":"product_cat-toplum-ve-insan","7":"pa_tur-kitap","8":"pa_yayinevi-okuyan-us-yayin","9":"pa_yazar-david-j-cain","11":"first","12":"instock","13":"sale","14":"shipping-taxable","15":"purchasable","16":"product-type-simple"},"_links":{"self":[{"href":"https:\/\/roveyayinevi.com.tr\/index.php\/wp-json\/wp\/v2\/product\/699545","targetHints":{"allow":["GET"]}}],"collection":[{"href":"https:\/\/roveyayinevi.com.tr\/index.php\/wp-json\/wp\/v2\/product"}],"about":[{"href":"https:\/\/roveyayinevi.com.tr\/index.php\/wp-json\/wp\/v2\/types\/product"}],"wp:attachment":[{"href":"https:\/\/roveyayinevi.com.tr\/index.php\/wp-json\/wp\/v2\/media?parent=699545"}],"wp:term":[{"taxonomy":"product_brand","embeddable":true,"href":"https:\/\/roveyayinevi.com.tr\/index.php\/wp-json\/wp\/v2\/product_brand?post=699545"},{"taxonomy":"product_cat","embeddable":true,"href":"https:\/\/roveyayinevi.com.tr\/index.php\/wp-json\/wp\/v2\/product_cat?post=699545"},{"taxonomy":"product_tag","embeddable":true,"href":"https:\/\/roveyayinevi.com.tr\/index.php\/wp-json\/wp\/v2\/product_tag?post=699545"}],"curies":[{"name":"wp","href":"https:\/\/api.w.org\/{rel}","templated":true}]}}