{"id":699542,"date":"2025-08-27T14:51:40","date_gmt":"2025-08-27T11:51:40","guid":{"rendered":"https:\/\/roveyayinevi.com.tr\/index.php\/urun\/tarih-icindeki-genel-gelisimiyle-birlikte-osmanli-devletinde-rusvet\/"},"modified":"2026-04-16T02:08:50","modified_gmt":"2026-04-15T23:08:50","slug":"tarih-icindeki-genel-gelisimiyle-birlikte-osmanli-devletinde-rusvet","status":"publish","type":"product","link":"https:\/\/roveyayinevi.com.tr\/index.php\/urun\/tarih-icindeki-genel-gelisimiyle-birlikte-osmanli-devletinde-rusvet\/","title":{"rendered":"Tarih i\u00e7indeki Genel Geli\u015fimiyle Birlikte Osmanl\u0131 Devleti\u2019nde R\u00fc\u015fvet"},"content":{"rendered":"<p>Devlet d\u00fczenine ge\u00e7en b\u00fct\u00fcn toplumlarda i\u015flenen  r\u00fc\u015fvet  su\u00e7unun bir \u00e7\u00fcr\u00fcme belirtisi oldu\u011fu \u00fczerinde b\u00fct\u00fcn hukuk\u00e7ular ve sosyologlar birle\u015fmi\u015flerdir. \u00d6nlenmesi olanaks\u0131z bulunan bu su\u00e7un dayan\u0131labilir d\u00fczeyde tutulmas\u0131 \u00e7\u00fcr\u00fcme \u00f6gelerinden birinin denetim alt\u0131nda bulunmas\u0131n\u0131 sa\u011flar. Tarihsel miraslar\u0131 zengin toplumlarda, \u00f6zellikle \u00e7\u00fcr\u00fcme, bozulma zamanlar\u0131nda r\u00fc\u015fvet su\u00e7lar\u0131 son derece artm\u0131\u015ft\u0131. Bundan dolay\u0131 g\u00fcn\u00fcm\u00fczde r\u00fc\u015fveti bir \u00f6l\u00e7\u00fcde de olsa \u00f6nleyebilmek i\u00e7in tarihsel geli\u015fimi \u00e7arp\u0131c\u0131 noktalar\u0131yla bilmek gerekir. Osmanl\u0131 Devleti\u2019nde de b\u00fcrokrasinin b\u00fct\u00fcn kollar\u0131nda ve en \u00f6nemli toplumsal i\u015flevi g\u00f6ren yarg\u0131da r\u00fc\u015fvet bir hayli yayg\u0131nd\u0131. R\u00fc\u015fvet olay\u0131n\u0131n Osmanl\u0131 Devleti a\u011f\u0131rl\u0131kl\u0131 olarak i\u015flendi\u011fi bu kitapta yarg\u0131daki durum daha da ayr\u0131nt\u0131l\u0131 olarak g\u00f6sterilmeye \u00e7al\u0131\u015f\u0131lm\u0131\u015ft\u0131r. Ayr\u0131ca okuyucuya, r\u00fc\u015fvetin belli ba\u015fl\u0131 b\u00fct\u00fcn sistemlerdeki geli\u015fimi ve g\u00f6r\u00fcn\u00fcm\u00fc de verilmek istenmi\u015ftir. B\u00f6ylece daha \u00e7arp\u0131c\u0131 sonu\u00e7lara ula\u015fmak kolayla\u015fm\u0131\u015f say\u0131labilir. <\/p>\n","protected":false},"excerpt":{"rendered":"<p>Devlet d\u00fczenine ge\u00e7en b\u00fct\u00fcn toplumlarda i\u015flenen r\u00fc\u015fvet su\u00e7unun bir \u00e7\u00fcr\u00fcme belirtisi oldu\u011fu \u00fczerinde b\u00fct\u00fcn hukuk\u00e7ular ve sosyologlar birle\u015fmi\u015flerdir. \u00d6nlenmesi olanaks\u0131z bulunan bu su\u00e7un dayan\u0131labilir d\u00fczeyde tutulmas\u0131<span class=\"excerpt-hellip\"> [\u2026]<\/span><\/p>\n","protected":false},"featured_media":0,"template":"","meta":{"_monsterinsights_skip_tracking":false,"_monsterinsights_sitenote_active":false,"_monsterinsights_sitenote_note":"","_monsterinsights_sitenote_category":0},"product_brand":[],"product_cat":[13517,12304],"product_tag":[],"class_list":{"0":"post-699542","1":"product","2":"type-product","3":"status-publish","5":"product_cat-osmanli-tarihi","6":"product_cat-tarih","7":"pa_cilt-ciltsiz","8":"pa_tur-kitap","9":"pa_yayinevi-inkilap-kitabevi","10":"pa_yazar-ahmet-mumcu","12":"first","13":"instock","14":"sale","15":"shipping-taxable","16":"purchasable","17":"product-type-simple"},"_links":{"self":[{"href":"https:\/\/roveyayinevi.com.tr\/index.php\/wp-json\/wp\/v2\/product\/699542","targetHints":{"allow":["GET"]}}],"collection":[{"href":"https:\/\/roveyayinevi.com.tr\/index.php\/wp-json\/wp\/v2\/product"}],"about":[{"href":"https:\/\/roveyayinevi.com.tr\/index.php\/wp-json\/wp\/v2\/types\/product"}],"wp:attachment":[{"href":"https:\/\/roveyayinevi.com.tr\/index.php\/wp-json\/wp\/v2\/media?parent=699542"}],"wp:term":[{"taxonomy":"product_brand","embeddable":true,"href":"https:\/\/roveyayinevi.com.tr\/index.php\/wp-json\/wp\/v2\/product_brand?post=699542"},{"taxonomy":"product_cat","embeddable":true,"href":"https:\/\/roveyayinevi.com.tr\/index.php\/wp-json\/wp\/v2\/product_cat?post=699542"},{"taxonomy":"product_tag","embeddable":true,"href":"https:\/\/roveyayinevi.com.tr\/index.php\/wp-json\/wp\/v2\/product_tag?post=699542"}],"curies":[{"name":"wp","href":"https:\/\/api.w.org\/{rel}","templated":true}]}}