{"id":699531,"date":"2025-08-27T14:51:37","date_gmt":"2025-08-27T11:51:37","guid":{"rendered":"https:\/\/roveyayinevi.com.tr\/index.php\/urun\/izlenimler-impressions-piyano-icin-yedi-parca\/"},"modified":"2026-04-16T02:08:50","modified_gmt":"2026-04-15T23:08:50","slug":"izlenimler-impressions-piyano-icin-yedi-parca","status":"publish","type":"product","link":"https:\/\/roveyayinevi.com.tr\/index.php\/urun\/izlenimler-impressions-piyano-icin-yedi-parca\/","title":{"rendered":"\u0130zlenimler &#8211; Impressions Piyano \u0130\u00e7in Yedi Par\u00e7a"},"content":{"rendered":"<p>Bu yap\u0131tlar\u0131n notalar\u0131n\u0131, b\u00fcy\u00fck kitap\u00e7\u0131larda ve m\u00fczik ma\u011fazalar\u0131nda bulabilir, isterseniz SUN Yay\u0131nevi`nden sa\u011flayabilirsiniz. \u0130\u00e7erdikleri g\u00fczel par\u00e7alarla bu 7 piyano alb\u00fcm\u00fc, piyanistlere, piyano e\u011fitimcilerine ve \u00f6\u011frencilerine, da\u011farc\u0131klar\u0131n\u0131 biraz daha zenginle\u015ftirme olana\u011f\u0131 sunuyor. Bestecilerimiz, orkestra, koro ve oda m\u00fczi\u011fi yap\u0131tlar\u0131n\u0131n yan\u0131 s\u0131ra, piyano edebiyat\u0131na da \u00e7ok de\u011ferli yap\u0131tlar kazand\u0131rd\u0131lar. Bu piyano yap\u0131tlar\u0131n\u0131n konserlerde seslendirilmesi, piyano e\u011fitiminde kullan\u0131lmas\u0131, CD lerinin yap\u0131lmas\u0131, \u00f6ncelikle notalar\u0131n\u0131n bas\u0131lmas\u0131na, isteyen her ki\u015finin bunlar\u0131 yurdumuzun her yerinde bulabilmesine ve sat\u0131n alabilmesine ba\u011fl\u0131d\u0131r. Eser Dalk\u0131l\u0131\u00e7 CD`sinde d\u00f6rd\u00fcnc\u00fc defter olarak yer almaktad\u0131r. <\/p>\n","protected":false},"excerpt":{"rendered":"<p>Bu yap\u0131tlar\u0131n notalar\u0131n\u0131, b\u00fcy\u00fck kitap\u00e7\u0131larda ve m\u00fczik ma\u011fazalar\u0131nda bulabilir, isterseniz SUN Yay\u0131nevi`nden sa\u011flayabilirsiniz. \u0130\u00e7erdikleri g\u00fczel par\u00e7alarla bu 7 piyano alb\u00fcm\u00fc, piyanistlere, piyano e\u011fitimcilerine ve \u00f6\u011frencilerine, da\u011farc\u0131klar\u0131n\u0131<span class=\"excerpt-hellip\"> [\u2026]<\/span><\/p>\n","protected":false},"featured_media":0,"template":"","meta":{"_monsterinsights_skip_tracking":false,"_monsterinsights_sitenote_active":false,"_monsterinsights_sitenote_note":"","_monsterinsights_sitenote_category":0},"product_brand":[],"product_cat":[14556,14557],"product_tag":[],"class_list":{"0":"post-699531","1":"product","2":"type-product","3":"status-publish","5":"product_cat-muzik","6":"product_cat-nota-kitaplari","7":"pa_cilt-ciltsiz","8":"pa_tur-kitap","9":"pa_yayinevi-sun-yayinevi","10":"pa_yazar-ivan-celak","12":"first","13":"instock","14":"sale","15":"shipping-taxable","16":"purchasable","17":"product-type-simple"},"_links":{"self":[{"href":"https:\/\/roveyayinevi.com.tr\/index.php\/wp-json\/wp\/v2\/product\/699531","targetHints":{"allow":["GET"]}}],"collection":[{"href":"https:\/\/roveyayinevi.com.tr\/index.php\/wp-json\/wp\/v2\/product"}],"about":[{"href":"https:\/\/roveyayinevi.com.tr\/index.php\/wp-json\/wp\/v2\/types\/product"}],"wp:attachment":[{"href":"https:\/\/roveyayinevi.com.tr\/index.php\/wp-json\/wp\/v2\/media?parent=699531"}],"wp:term":[{"taxonomy":"product_brand","embeddable":true,"href":"https:\/\/roveyayinevi.com.tr\/index.php\/wp-json\/wp\/v2\/product_brand?post=699531"},{"taxonomy":"product_cat","embeddable":true,"href":"https:\/\/roveyayinevi.com.tr\/index.php\/wp-json\/wp\/v2\/product_cat?post=699531"},{"taxonomy":"product_tag","embeddable":true,"href":"https:\/\/roveyayinevi.com.tr\/index.php\/wp-json\/wp\/v2\/product_tag?post=699531"}],"curies":[{"name":"wp","href":"https:\/\/api.w.org\/{rel}","templated":true}]}}