{"id":699530,"date":"2025-08-27T14:51:37","date_gmt":"2025-08-27T11:51:37","guid":{"rendered":"https:\/\/roveyayinevi.com.tr\/index.php\/urun\/felsefenin-kisa-tarihi\/"},"modified":"2026-04-16T02:08:50","modified_gmt":"2026-04-15T23:08:50","slug":"felsefenin-kisa-tarihi","status":"publish","type":"product","link":"https:\/\/roveyayinevi.com.tr\/index.php\/urun\/felsefenin-kisa-tarihi\/","title":{"rendered":"Felsefenin K\u0131sa Tarihi"},"content":{"rendered":"<p>Felsefenin K\u0131sa Tarihi Almanya\u2019n\u0131n en \u00fcnl\u00fc ve sayg\u0131n d\u00fc\u015f\u00fcn\u00fcrlerinden biri taraf\u0131ndan kaleme al\u0131nm\u0131\u015ft\u0131r. Otfried H\u00f6ffe a\u00e7\u0131k ve herkes taraf\u0131ndan kolayl\u0131kla anla\u015f\u0131labilecek bir bi\u00e7imde felsefenin antik Yunan\u2019dan ba\u015flayarak g\u00fcn\u00fcm\u00fcze kadar ald\u0131\u011f\u0131 yolu bizlere aktarmaktad\u0131r. Felsefenin bitmez t\u00fckenmez zenginli\u011finden en \u00f6nemli konular\u0131, ki\u015fileri, ekolleri ve yap\u0131tlar\u0131 se\u00e7ip \u00e7\u0131kartmak suretiyle felsefi d\u00fc\u015f\u00fcncenin geli\u015fimini canl\u0131 bir bi\u00e7imde anlatmaktad\u0131r. Kitap ayn\u0131 zamanda felsefeye giri\u015f niteli\u011finde olup b\u00fcy\u00fck d\u00fc\u015f\u00fcn\u00fcrlerin rehberli\u011finde okurlar\u0131n kendi kendilerine felsefe yapmay\u0131 \u00f6\u011frenmelerine yard\u0131mc\u0131 olacakt\u0131r. \ufffcTan\u0131t\u0131m Metni<\/p>\n","protected":false},"excerpt":{"rendered":"<p>Felsefenin K\u0131sa Tarihi Almanya\u2019n\u0131n en \u00fcnl\u00fc ve sayg\u0131n d\u00fc\u015f\u00fcn\u00fcrlerinden biri taraf\u0131ndan kaleme al\u0131nm\u0131\u015ft\u0131r. Otfried H\u00f6ffe a\u00e7\u0131k ve herkes taraf\u0131ndan kolayl\u0131kla anla\u015f\u0131labilecek bir bi\u00e7imde felsefenin antik Yunan\u2019dan<span class=\"excerpt-hellip\"> [\u2026]<\/span><\/p>\n","protected":false},"featured_media":0,"template":"","meta":{"_monsterinsights_skip_tracking":false,"_monsterinsights_sitenote_active":false,"_monsterinsights_sitenote_note":"","_monsterinsights_sitenote_category":0},"product_brand":[],"product_cat":[12388,13555],"product_tag":[],"class_list":{"0":"post-699530","1":"product","2":"type-product","3":"status-publish","5":"product_cat-felsefe","6":"product_cat-genel-felsefe","7":"pa_cilt-ciltsiz","8":"pa_tur-kitap","9":"pa_yayinevi-inkilap-kitabevi","10":"pa_yazar-otfried-hoffe","12":"first","13":"instock","14":"sale","15":"shipping-taxable","16":"purchasable","17":"product-type-simple"},"_links":{"self":[{"href":"https:\/\/roveyayinevi.com.tr\/index.php\/wp-json\/wp\/v2\/product\/699530","targetHints":{"allow":["GET"]}}],"collection":[{"href":"https:\/\/roveyayinevi.com.tr\/index.php\/wp-json\/wp\/v2\/product"}],"about":[{"href":"https:\/\/roveyayinevi.com.tr\/index.php\/wp-json\/wp\/v2\/types\/product"}],"wp:attachment":[{"href":"https:\/\/roveyayinevi.com.tr\/index.php\/wp-json\/wp\/v2\/media?parent=699530"}],"wp:term":[{"taxonomy":"product_brand","embeddable":true,"href":"https:\/\/roveyayinevi.com.tr\/index.php\/wp-json\/wp\/v2\/product_brand?post=699530"},{"taxonomy":"product_cat","embeddable":true,"href":"https:\/\/roveyayinevi.com.tr\/index.php\/wp-json\/wp\/v2\/product_cat?post=699530"},{"taxonomy":"product_tag","embeddable":true,"href":"https:\/\/roveyayinevi.com.tr\/index.php\/wp-json\/wp\/v2\/product_tag?post=699530"}],"curies":[{"name":"wp","href":"https:\/\/api.w.org\/{rel}","templated":true}]}}