{"id":699525,"date":"2025-08-27T14:51:35","date_gmt":"2025-08-27T11:51:35","guid":{"rendered":"https:\/\/roveyayinevi.com.tr\/index.php\/urun\/disi-orumcek\/"},"modified":"2026-04-16T02:08:50","modified_gmt":"2026-04-15T23:08:50","slug":"disi-orumcek","status":"publish","type":"product","link":"https:\/\/roveyayinevi.com.tr\/index.php\/urun\/disi-orumcek\/","title":{"rendered":"Di\u015fi \u00d6r\u00fcmcek"},"content":{"rendered":"<p>&#8230;G\u00f6zlerini ta i\u00e7inden, iyice g\u00f6rd\u00fc. Geceleyin denizlerin derinli\u011fi gibi hem kapkarayd\u0131, hem de yine o derinlik gibi siyah ve nemli bir nurla parl\u0131yor; koyulu\u011fu, kuytulu\u011fu g\u00f6nl\u00fcne latif bir uyku ba\u015flang\u0131c\u0131 gibi rahatl\u0131k duyuruyordu. Bu g\u00f6zler dinlendirici, yumu\u015fak ve bir yaz ikindisinde panjurlar\u0131 indirilmi\u015f bir oda kadar s\u00fck\u00fbnet vericiydi: \u0130nsana temiz bir yata\u011fa uzanmak, tatl\u0131 d\u00fc\u015f\u00fcncelere dalmak, g\u00fczel \u015fiirler ve besteler dinlemek, \u00e7i\u00e7ekler koklamak ve temas\u0131 zevkli bir \u015feyler ok\u015famak arzusu veriyordu.  Refik Halid Karay, 1950\u2019lerin ba\u015f\u0131nda, Arabistan\u2019da T\u00fcrk Konsoloslu\u011fu\u2019na atanan bir k\u00e2tibin e\u015fi olan Nurper\u2019i ve onun cazibesine kap\u0131lan farkl\u0131 karakterlerin i\u00e7 d\u00fcnyalar\u0131n\u0131 d\u00f6nemin yerel ve sosyal ya\u015fant\u0131s\u0131ndan renkli kesitler vererek anlat\u0131yor. Di\u015fi \u00d6r\u00fcmcek, kad\u0131n erkek ili\u015fkilerinin ve taraflar\u0131n birbirlerine kar\u015f\u0131 bak\u0131\u015f a\u00e7\u0131lar\u0131n\u0131n irdelendi\u011fi, g\u00fcven, h\u0131rs, a\u015fk, tutku ve nefret temalar\u0131n\u0131n i\u015flendi\u011fi, sinema filmi tad\u0131nda s\u00fcr\u00fckleyici bir roman&#8230; <\/p>\n","protected":false},"excerpt":{"rendered":"<p>&#8230;G\u00f6zlerini ta i\u00e7inden, iyice g\u00f6rd\u00fc. Geceleyin denizlerin derinli\u011fi gibi hem kapkarayd\u0131, hem de yine o derinlik gibi siyah ve nemli bir nurla parl\u0131yor; koyulu\u011fu, kuytulu\u011fu g\u00f6nl\u00fcne<span class=\"excerpt-hellip\"> [\u2026]<\/span><\/p>\n","protected":false},"featured_media":0,"template":"","meta":{"_monsterinsights_skip_tracking":false,"_monsterinsights_sitenote_active":false,"_monsterinsights_sitenote_note":"","_monsterinsights_sitenote_category":0},"product_brand":[],"product_cat":[12291,12292],"product_tag":[],"class_list":{"0":"post-699525","1":"product","2":"type-product","3":"status-publish","5":"product_cat-edebiyat","6":"product_cat-turk-edebiyati","7":"pa_cilt-ciltsiz","8":"pa_tur-kitap","9":"pa_yayinevi-inkilap-kitabevi","10":"pa_yazar-refik-halid-karay","12":"first","13":"instock","14":"sale","15":"shipping-taxable","16":"purchasable","17":"product-type-simple"},"_links":{"self":[{"href":"https:\/\/roveyayinevi.com.tr\/index.php\/wp-json\/wp\/v2\/product\/699525","targetHints":{"allow":["GET"]}}],"collection":[{"href":"https:\/\/roveyayinevi.com.tr\/index.php\/wp-json\/wp\/v2\/product"}],"about":[{"href":"https:\/\/roveyayinevi.com.tr\/index.php\/wp-json\/wp\/v2\/types\/product"}],"wp:attachment":[{"href":"https:\/\/roveyayinevi.com.tr\/index.php\/wp-json\/wp\/v2\/media?parent=699525"}],"wp:term":[{"taxonomy":"product_brand","embeddable":true,"href":"https:\/\/roveyayinevi.com.tr\/index.php\/wp-json\/wp\/v2\/product_brand?post=699525"},{"taxonomy":"product_cat","embeddable":true,"href":"https:\/\/roveyayinevi.com.tr\/index.php\/wp-json\/wp\/v2\/product_cat?post=699525"},{"taxonomy":"product_tag","embeddable":true,"href":"https:\/\/roveyayinevi.com.tr\/index.php\/wp-json\/wp\/v2\/product_tag?post=699525"}],"curies":[{"name":"wp","href":"https:\/\/api.w.org\/{rel}","templated":true}]}}