{"id":699524,"date":"2025-08-27T14:51:35","date_gmt":"2025-08-27T11:51:35","guid":{"rendered":"https:\/\/roveyayinevi.com.tr\/index.php\/urun\/istanbul-bitmeden\/"},"modified":"2026-04-16T02:08:50","modified_gmt":"2026-04-15T23:08:50","slug":"istanbul-bitmeden","status":"publish","type":"product","link":"https:\/\/roveyayinevi.com.tr\/index.php\/urun\/istanbul-bitmeden\/","title":{"rendered":"\u0130stanbul Bitmeden"},"content":{"rendered":"<p>S\u0131k\u0131 bir \u0130stanbul \u00e2\u015f\u0131\u011f\u0131n\u0131n gezi notlar\u0131ndan ortaya \u00e7\u0131kan \u0130stanbul Bitmeden kitab\u0131, tarihi yar\u0131maday\u0131 doyas\u0131ya gezmek i\u00e7in belirlenen on d\u00f6rt farkl\u0131 rotada eski \u0130stanbul\u2019un izlerini s\u00fcr\u00fcyor&#8230; Yazar, onlarca kaynaktan derledi\u011fi bilgiler, f\u0131kralar, anekdotlar, m\u00fczik, kitap ve yeme i\u00e7me \u00f6nerileri e\u015fli\u011finde gezginleri Hellenistik d\u00f6neme, Roma, Bizans, Osmanl\u0131 \u0130mparatorlu\u011fu\u2019na ve Cumhuriyet\u2019in ilk y\u0131llar\u0131na g\u00f6t\u00fcr\u00fcyor&#8230; S\u00fcleymaniye Camisi\u2019ni gezerken Mimar Sinan\u2019\u0131n camide nargilesiyle Kanuni\u2019yi nas\u0131l \u015fa\u015f\u0131rtt\u0131\u011f\u0131n\u0131, Edirnekap\u0131\u2019da dola\u015f\u0131rken Ayya\u015flar Bayram\u0131\u2019n\u0131n bu semtte nas\u0131l kutland\u0131\u011f\u0131n\u0131, Sarayburnu\u2019ndan denize do\u011fru bakarken bir zamanlar bu sulara demirleyen Struma gemisinin trajik hik\u00e2yesini \u00f6\u011frenecek ve daha pek \u00e7ok noktada bu e\u015fsiz \u015fehrin g\u00fczelliklerini yeniden ke\u015ffedeceksiniz&#8230; \u0130stanbul Bitmeden, modern hayat\u0131n \u00e7arp\u0131k kaosuna direnen son \u0130stanbul\u2019u kucaklamak isteyenler i\u00e7in bir \u00e7a\u011fr\u0131&#8230; \ufffcTan\u0131t\u0131m Metni<\/p>\n","protected":false},"excerpt":{"rendered":"<p>S\u0131k\u0131 bir \u0130stanbul \u00e2\u015f\u0131\u011f\u0131n\u0131n gezi notlar\u0131ndan ortaya \u00e7\u0131kan \u0130stanbul Bitmeden kitab\u0131, tarihi yar\u0131maday\u0131 doyas\u0131ya gezmek i\u00e7in belirlenen on d\u00f6rt farkl\u0131 rotada eski \u0130stanbul\u2019un izlerini s\u00fcr\u00fcyor&#8230; Yazar,<span class=\"excerpt-hellip\"> [\u2026]<\/span><\/p>\n","protected":false},"featured_media":0,"template":"","meta":{"_monsterinsights_skip_tracking":false,"_monsterinsights_sitenote_active":false,"_monsterinsights_sitenote_note":"","_monsterinsights_sitenote_category":0},"product_brand":[],"product_cat":[13055,13054],"product_tag":[],"class_list":{"0":"post-699524","1":"product","2":"type-product","3":"status-publish","5":"product_cat-gezi-rehberi","6":"product_cat-gezi-ve-rehber-kitaplari","7":"pa_cilt-ciltsiz","8":"pa_tur-kitap","9":"pa_yayinevi-inkilap-kitabevi","10":"pa_yazar-aysegul-kaya","12":"first","13":"instock","14":"sale","15":"shipping-taxable","16":"purchasable","17":"product-type-simple"},"_links":{"self":[{"href":"https:\/\/roveyayinevi.com.tr\/index.php\/wp-json\/wp\/v2\/product\/699524","targetHints":{"allow":["GET"]}}],"collection":[{"href":"https:\/\/roveyayinevi.com.tr\/index.php\/wp-json\/wp\/v2\/product"}],"about":[{"href":"https:\/\/roveyayinevi.com.tr\/index.php\/wp-json\/wp\/v2\/types\/product"}],"wp:attachment":[{"href":"https:\/\/roveyayinevi.com.tr\/index.php\/wp-json\/wp\/v2\/media?parent=699524"}],"wp:term":[{"taxonomy":"product_brand","embeddable":true,"href":"https:\/\/roveyayinevi.com.tr\/index.php\/wp-json\/wp\/v2\/product_brand?post=699524"},{"taxonomy":"product_cat","embeddable":true,"href":"https:\/\/roveyayinevi.com.tr\/index.php\/wp-json\/wp\/v2\/product_cat?post=699524"},{"taxonomy":"product_tag","embeddable":true,"href":"https:\/\/roveyayinevi.com.tr\/index.php\/wp-json\/wp\/v2\/product_tag?post=699524"}],"curies":[{"name":"wp","href":"https:\/\/api.w.org\/{rel}","templated":true}]}}