{"id":699519,"date":"2025-08-27T14:51:33","date_gmt":"2025-08-27T11:51:33","guid":{"rendered":"https:\/\/roveyayinevi.com.tr\/index.php\/urun\/ejderha-avcilari-okulu-3-kiyamet-magarasi\/"},"modified":"2026-04-16T02:08:50","modified_gmt":"2026-04-15T23:08:50","slug":"ejderha-avcilari-okulu-3-kiyamet-magarasi","status":"publish","type":"product","link":"https:\/\/roveyayinevi.com.tr\/index.php\/urun\/ejderha-avcilari-okulu-3-kiyamet-magarasi\/","title":{"rendered":"Ejderha Avc\u0131lar\u0131 Okulu 3 K\u0131yamet Ma\u011faras\u0131"},"content":{"rendered":"<p>Birg\u00fcn yolunuz Kara Orman\u2019a d\u00fc\u015ferse sak\u0131n korkmay\u0131n! Orman\u0131n derinliklerinden gelen \u00e7\u0131\u011fl\u0131klar \u015fa\u015f\u0131rtmas\u0131n sizi. Tuhaf yarat\u0131klar, deli kesi\u015fler, konu\u015fan hayvanlar&#8230; Anidenkar\u015f\u0131n\u0131za \u00e7\u0131k\u0131p a\u011fz\u0131ndanate\u015f sa\u00e7an ejderhelar&#8230; K\u00fc\u00e7\u00fck ejderha avc\u0131lar\u0131 pasl\u0131 k\u0131l\u0131\u00e7lar\u0131 ve k\u0131r\u0131k m\u0131zraklar\u0131yla her zaman yan\u0131n\u0131zdalar. \u00c7ocuklar ejderha avc\u0131s\u0131 olabilirler mi?.. Ejderhalar bu kadar sevimli olurlarsa neden olmas\u0131nlar?.. \u00dcstelik onlar Ejderha Avc\u0131lar\u0131 Okulu (EAO) \u00f6\u011frencileri! Kara Orman, s\u0131n\u0131f gezisi i\u00e7in pek g\u00fcvenli bir yer de\u011fildi. Peki o zaman Wiglaf ve arkada\u015flar\u0131 orada ne ar\u0131yorlard\u0131? Yoksa korkun\u00e7 ejderhan\u0131n alt\u0131nlar\u0131n\u0131n m\u0131 pe\u015findeydiler? Oysa bu, korkun\u00e7 tuzaklarla dolu K\u0131yamet Ma\u011faras\u0131\u2019na girmek demekti&#8230; Bunu nas\u0131l g\u00f6ze alm\u0131\u015flard\u0131?<\/p>\n","protected":false},"excerpt":{"rendered":"<p>Birg\u00fcn yolunuz Kara Orman\u2019a d\u00fc\u015ferse sak\u0131n korkmay\u0131n! Orman\u0131n derinliklerinden gelen \u00e7\u0131\u011fl\u0131klar \u015fa\u015f\u0131rtmas\u0131n sizi. Tuhaf yarat\u0131klar, deli kesi\u015fler, konu\u015fan hayvanlar&#8230; Anidenkar\u015f\u0131n\u0131za \u00e7\u0131k\u0131p a\u011fz\u0131ndanate\u015f sa\u00e7an ejderhelar&#8230; K\u00fc\u00e7\u00fck ejderha<span class=\"excerpt-hellip\"> [\u2026]<\/span><\/p>\n","protected":false},"featured_media":0,"template":"","meta":{"_monsterinsights_skip_tracking":false,"_monsterinsights_sitenote_active":false,"_monsterinsights_sitenote_note":"","_monsterinsights_sitenote_category":0},"product_brand":[],"product_cat":[12274,12284],"product_tag":[],"class_list":{"0":"post-699519","1":"product","2":"type-product","3":"status-publish","5":"product_cat-cocuk-ve-genclik-kitaplari","6":"product_cat-hikayeler","7":"pa_cilt-ciltsiz","8":"pa_tur-kitap","9":"pa_yayinevi-beyaz-balina-yayinlari","10":"pa_yazar-kate-mcmullan","12":"first","13":"instock","14":"sale","15":"shipping-taxable","16":"purchasable","17":"product-type-simple"},"_links":{"self":[{"href":"https:\/\/roveyayinevi.com.tr\/index.php\/wp-json\/wp\/v2\/product\/699519","targetHints":{"allow":["GET"]}}],"collection":[{"href":"https:\/\/roveyayinevi.com.tr\/index.php\/wp-json\/wp\/v2\/product"}],"about":[{"href":"https:\/\/roveyayinevi.com.tr\/index.php\/wp-json\/wp\/v2\/types\/product"}],"wp:attachment":[{"href":"https:\/\/roveyayinevi.com.tr\/index.php\/wp-json\/wp\/v2\/media?parent=699519"}],"wp:term":[{"taxonomy":"product_brand","embeddable":true,"href":"https:\/\/roveyayinevi.com.tr\/index.php\/wp-json\/wp\/v2\/product_brand?post=699519"},{"taxonomy":"product_cat","embeddable":true,"href":"https:\/\/roveyayinevi.com.tr\/index.php\/wp-json\/wp\/v2\/product_cat?post=699519"},{"taxonomy":"product_tag","embeddable":true,"href":"https:\/\/roveyayinevi.com.tr\/index.php\/wp-json\/wp\/v2\/product_tag?post=699519"}],"curies":[{"name":"wp","href":"https:\/\/api.w.org\/{rel}","templated":true}]}}