{"id":699517,"date":"2025-08-27T14:51:32","date_gmt":"2025-08-27T11:51:32","guid":{"rendered":"https:\/\/roveyayinevi.com.tr\/index.php\/urun\/bosluk-asirilik-ve-keyfilik\/"},"modified":"2026-04-16T02:08:49","modified_gmt":"2026-04-15T23:08:49","slug":"bosluk-asirilik-ve-keyfilik","status":"publish","type":"product","link":"https:\/\/roveyayinevi.com.tr\/index.php\/urun\/bosluk-asirilik-ve-keyfilik\/","title":{"rendered":"Bo\u015fluk, A\u015f\u0131r\u0131l\u0131k ve Keyfilik"},"content":{"rendered":"<p>Bo\u015fluklar, toplumsal, siyasal veya k\u00fclt\u00fcrel alanlarda \u00e7ok farkl\u0131 \u015fekillerde ortaya \u00e7\u0131kabilir. Yeni ve daha \u00f6zg\u00fcr ya\u015famlar i\u00e7in a\u00e7\u0131k alanlar olarak bo\u015fluklar keyf\u00ee \u015fekillerde dolduruldu\u011funda \u00e7e\u015fitli a\u015f\u0131r\u0131l\u0131k bi\u00e7imlerine neden olabilir. Bo\u015fluklar\u0131 dolduran ki\u015fi, topluluk ya da kurumlar, belirli bir ak\u0131l, yap\u0131sal zorunluluk, etik sorumluluk veya s\u0131n\u0131fsal kimlikten uzak davrand\u0131\u011f\u0131nda t\u00fcrl\u00fc adaletsizliklere neden olabilirler. Bu durumda belli bir z\u00fcmrenin keyf\u00eeli\u011fi ba\u015fka keyif bi\u00e7imlerini yok eder; a\u015f\u0131r\u0131l\u0131k, topluma, siyasete, hayata egemen olmaya ba\u015flar. Ko\u015fulsuzca serbest, ba\u015f\u0131bo\u015f ya\u015fayanlar\u0131n yan\u0131nda a\u015f\u0131r\u0131l\u0131klara, \u015fiddete, bask\u0131lara maruz kalanlar ortaya \u00e7\u0131kar. Bo\u015fluklar\u0131n fazla ya da eksik doldurulmas\u0131, e\u015fit bi\u00e7imde payla\u015f\u0131lmamas\u0131, her alanda azgeli\u015fmi\u015flik bi\u00e7imlerine sebep olur. \u00d6zg\u00fcr Taburo\u011flu bu \u00e7al\u0131\u015fmas\u0131nda, bo\u015fluklar\u0131 doldurmaya d\u00f6n\u00fck keyif bi\u00e7imlerini toplumsal, siyasal veya k\u00fclt\u00fcrel yap\u0131lar\u0131n esas\u0131 gibi ele al\u0131yor. Bu yap\u0131lar\u0131n sa\u011flaml\u0131\u011f\u0131 ve adil olmas\u0131 da mevcut bo\u015fluklar\u0131n nas\u0131l ve nelerle dolduruldu\u011fuyla ilgilidir. Taburo\u011flu, bo\u015fluk, keyf\u00eelik ve a\u015f\u0131r\u0131l\u0131k g\u00f6r\u00fcng\u00fclerini ba\u011flant\u0131l\u0131 \u015fekilde tarif ederken, tarih, felsefe, siyaset, toplumbilim ve k\u00fclt\u00fcr kuramlar\u0131 i\u00e7erisinde yolunu kaybetmeden ilerliyor. Machiavelli, Hobbes, Durkheim, Weber, G\u00f6kalp, Schmitt, Luk\u00e1cs, Tanp\u0131nar, Lacan, K\u00fc\u00e7\u00fck\u00f6mer, Foucault, \u0130nalc\u0131k, Mardin, K\u0131ray, Agamben, Butler, \u017di\u017eek gibi bir\u00e7ok farkl\u0131 d\u00fc\u015f\u00fcn\u00fcr ve yazar\u0131 bir arada okumaya \u00e7al\u0131\u015f\u0131yor. <\/p>\n","protected":false},"excerpt":{"rendered":"<p>Bo\u015fluklar, toplumsal, siyasal veya k\u00fclt\u00fcrel alanlarda \u00e7ok farkl\u0131 \u015fekillerde ortaya \u00e7\u0131kabilir. Yeni ve daha \u00f6zg\u00fcr ya\u015famlar i\u00e7in a\u00e7\u0131k alanlar olarak bo\u015fluklar keyf\u00ee \u015fekillerde dolduruldu\u011funda \u00e7e\u015fitli a\u015f\u0131r\u0131l\u0131k<span class=\"excerpt-hellip\"> [\u2026]<\/span><\/p>\n","protected":false},"featured_media":0,"template":"","meta":{"_monsterinsights_skip_tracking":false,"_monsterinsights_sitenote_active":false,"_monsterinsights_sitenote_note":"","_monsterinsights_sitenote_category":0},"product_brand":[],"product_cat":[12325,12324],"product_tag":[],"class_list":{"0":"post-699517","1":"product","2":"type-product","3":"status-publish","5":"product_cat-diger-sosyoloji","6":"product_cat-sosyoloji","7":"pa_cilt-ciltsiz","8":"pa_tur-dergi","9":"pa_yayinevi-dogu-bati-yayinlari","10":"pa_yazar-ozgur-taburoglu","12":"first","13":"instock","14":"sale","15":"shipping-taxable","16":"purchasable","17":"product-type-simple"},"_links":{"self":[{"href":"https:\/\/roveyayinevi.com.tr\/index.php\/wp-json\/wp\/v2\/product\/699517","targetHints":{"allow":["GET"]}}],"collection":[{"href":"https:\/\/roveyayinevi.com.tr\/index.php\/wp-json\/wp\/v2\/product"}],"about":[{"href":"https:\/\/roveyayinevi.com.tr\/index.php\/wp-json\/wp\/v2\/types\/product"}],"wp:attachment":[{"href":"https:\/\/roveyayinevi.com.tr\/index.php\/wp-json\/wp\/v2\/media?parent=699517"}],"wp:term":[{"taxonomy":"product_brand","embeddable":true,"href":"https:\/\/roveyayinevi.com.tr\/index.php\/wp-json\/wp\/v2\/product_brand?post=699517"},{"taxonomy":"product_cat","embeddable":true,"href":"https:\/\/roveyayinevi.com.tr\/index.php\/wp-json\/wp\/v2\/product_cat?post=699517"},{"taxonomy":"product_tag","embeddable":true,"href":"https:\/\/roveyayinevi.com.tr\/index.php\/wp-json\/wp\/v2\/product_tag?post=699517"}],"curies":[{"name":"wp","href":"https:\/\/api.w.org\/{rel}","templated":true}]}}